{"id":15389,"date":"2018-06-02T14:40:08","date_gmt":"2018-06-02T12:40:08","guid":{"rendered":"http:\/\/zomerfolk.nl\/?page_id=15389"},"modified":"2026-02-13T15:44:18","modified_gmt":"2026-02-13T14:44:18","slug":"rapalje-2026","status":"publish","type":"page","link":"https:\/\/zomerfolk.nl\/de\/rapalje-2026\/","title":{"rendered":"rapalje"},"content":{"rendered":"<p style=\"text-align: center;\"><img loading=\"lazy\" decoding=\"async\" class=\"size-full wp-image-40019 aligncenter\" src=\"https:\/\/zomerfolk.nl\/wp-content\/uploads\/2023\/12\/Bandfoto-nieuw.webp\" alt=\"\" width=\"960\" height=\"634\" srcset=\"https:\/\/zomerfolk.nl\/wp-content\/uploads\/2023\/12\/Bandfoto-nieuw.webp 960w, https:\/\/zomerfolk.nl\/wp-content\/uploads\/2023\/12\/Bandfoto-nieuw-480x317.webp 480w\" sizes=\"(min-width: 0px) and (max-width: 480px) 480px, (min-width: 481px) 960px, 100vw\" \/><br \/>\nKein Rapalje Summer Folk Festival ohne Rapalje! Rapalje ist eine preisgekr\u00f6nte Band der schottischen und irischen Folk-Szene. Seit \u00fcber drei Jahrzehnten begeistern sie ihr Publikum mit leidenschaftlichen und mitrei\u00dfenden Auftritten auf Hunderten von B\u00fchnen weltweit. Die Gruppe kombiniert traditionelle Instrumente wie Dudelsack, Geige, Fl\u00f6te und Bodhr\u00e1n mit gef\u00fchlvollem Gesang und einer geh\u00f6rigen Portion Humor und ist damit \u00fcberall, wo sie spielt, ein Publikumsliebling. Rapalje, was so viel wie \u201cSchlingel\u201d oder \u201cGauner\u201d bedeutet, hat unz\u00e4hlige Konzerte gegeben und mehr als zehn Alben ver\u00f6ffentlicht. Die Band wurde mit zahlreichen Preisen und Auszeichnungen geehrt, darunter dem Preis f\u00fcr den besten Live-Act beim [Name der Band einf\u00fcgen]. <a href=\"https:\/\/fantasy-awards.com\/\" target=\"_blank\" rel=\"noopener\">Fantasy-Auszeichnungen<\/a> in den Jahren 2015 und 2018. Im Laufe der Jahre hat sich Rapalje den Ruf einer der unterhaltsamsten und dynamischsten Folk-Bands \u00fcberhaupt erworben. Ihr typisches Chaos und die Art und Weise, wie sie sich immer Zeit f\u00fcr ihre gro\u00dfe Fangemeinde nehmen, machen die Musiker so beliebt.<\/p>\n<div class=\"QFw9Te BLojaf\">\n<div class=\"A3dMNc\" style=\"text-align: center;\" data-initial-text=\"\">Egal, ob Sie von ihren mitrei\u00dfenden Melodien mitgerissen werden, von ihrem historischen Flair fasziniert sind oder einfach nur auf der Suche nach einem unvergesslichen Live-Erlebnis sind, Rapalje ist eine Band, die Sie sich nicht entgehen lassen sollten. Sie bleiben die Fahnentr\u00e4ger der Folk- und keltischen Musik und ihre musikalische Reise ist noch lange nicht zu Ende. Lasst uns gemeinsam singen, tanzen und genie\u00dfen. Lasst uns gemeinsam 30 Jahre Rapalje feiern!<\/div>\n<\/div>\n<div class=\"UdTY9 BwTYAc leDWne\" aria-hidden=\"true\" data-location=\"1\"><\/div>\n<p style=\"text-align: center;\">W\u00e4hrend des Rapalje Zomerfolk Festivals gehen sie immer einen Schritt weiter. Zus\u00e4tzlich zu ihren eigenen Auftritten wird es auch einige einzigartige Auftritte mit einigen anderen Bands vor Ort geben. Kurz gesagt: Das sollten Sie sich nicht entgehen lassen!<\/p>\n<p style=\"text-align: center;\"><strong>Rapalje wird an beiden Festivaltagen auf der Hauptb\u00fchne auftreten.<\/strong><\/p>\n<p style=\"text-align: center;\"><iframe loading=\"lazy\" title=\"YouTube-Videoplayer\" src=\"https:\/\/www.youtube.com\/embed\/iakvy_JlVS4?si=EuZDqqTMow1yxDfe\" width=\"560\" height=\"315\" frameborder=\"0\" allowfullscreen=\"allowfullscreen\"><\/iframe><\/p>","protected":false},"excerpt":{"rendered":"<p>Geen Rapalje Zomerfolk Festival zonder Rapalje! Rapalje is een bekroonde band uit de Schotse en Ierse folkmuziekscene. Na ruim 3 decennia gaan ze nog altijd lachend door het leven en hebben ze hun publiek betoverd met gepassioneerde en levendige optredens op honderden podia over de hele wereld. De groep combineert traditionele instrumenten zoals de doedelzak, [&hellip;]<\/p>\n","protected":false},"author":1,"featured_media":0,"parent":0,"menu_order":0,"comment_status":"closed","ping_status":"closed","template":"","meta":{"_et_pb_use_builder":"off","_et_pb_old_content":"","_et_gb_content_width":"","footnotes":""},"class_list":["post-15389","page","type-page","status-publish","hentry"],"_links":{"self":[{"href":"https:\/\/zomerfolk.nl\/de\/wp-json\/wp\/v2\/pages\/15389","targetHints":{"allow":["GET"]}}],"collection":[{"href":"https:\/\/zomerfolk.nl\/de\/wp-json\/wp\/v2\/pages"}],"about":[{"href":"https:\/\/zomerfolk.nl\/de\/wp-json\/wp\/v2\/types\/page"}],"author":[{"embeddable":true,"href":"https:\/\/zomerfolk.nl\/de\/wp-json\/wp\/v2\/users\/1"}],"replies":[{"embeddable":true,"href":"https:\/\/zomerfolk.nl\/de\/wp-json\/wp\/v2\/comments?post=15389"}],"version-history":[{"count":0,"href":"https:\/\/zomerfolk.nl\/de\/wp-json\/wp\/v2\/pages\/15389\/revisions"}],"wp:attachment":[{"href":"https:\/\/zomerfolk.nl\/de\/wp-json\/wp\/v2\/media?parent=15389"}],"curies":[{"name":"wp","href":"https:\/\/api.w.org\/{rel}","templated":true}]}}