{"id":19452,"date":"2019-01-14T10:10:35","date_gmt":"2019-01-14T09:10:35","guid":{"rendered":"http:\/\/zomerfolk.nl\/?page_id=19452"},"modified":"2026-03-10T18:40:23","modified_gmt":"2026-03-10T17:40:23","slug":"bodypaint","status":"publish","type":"page","link":"https:\/\/zomerfolk.nl\/de\/sign-up\/bodypaint\/","title":{"rendered":"Registrierung Bodypaint"},"content":{"rendered":"<p>[et_pb_section fb_built=&#8221;1&#8243; _builder_version=&#8221;4.16&#8243; _module_preset=&#8221;default&#8221; background_video_mp4=&#8221;https:\/\/zomerfolk.nl\/wp-content\/uploads\/2021\/12\/bodypaint.mp4&#8243; min_height=&#8221;519px&#8221; global_colors_info=&#8221;{}&#8221;][et_pb_row _builder_version=&#8221;4.16&#8243; _module_preset=&#8221;default&#8221; global_colors_info=&#8221;{}&#8221;][et_pb_column type=&#8221;4_4&#8243; _builder_version=&#8221;4.16&#8243; _module_preset=&#8221;default&#8221; global_colors_info=&#8221;{}&#8221;][\/et_pb_column][\/et_pb_row][\/et_pb_section][et_pb_section fb_built=&#8221;1&#8243; _builder_version=&#8221;4.16&#8243; global_colors_info=&#8221;{}&#8221;][et_pb_row column_structure=&#8221;1_2,1_2&#8243; _builder_version=&#8221;4.16&#8243; background_size=&#8221;initial&#8221; background_position=&#8221;top_left&#8221; background_repeat=&#8221;repeat&#8221; global_colors_info=&#8221;{}&#8221;][et_pb_column type=&#8221;1_2&#8243; _builder_version=&#8221;4.16&#8243; custom_padding=&#8221;|||&#8221; global_colors_info=&#8221;{}&#8221; custom_padding__hover=&#8221;|||&#8221;][et_pb_text _builder_version=&#8221;4.16&#8243; background_size=&#8221;initial&#8221; background_position=&#8221;top_left&#8221; background_repeat=&#8221;repeat&#8221; global_colors_info=&#8221;{}&#8221;]<\/p>\n<h1 style=\"text-align: center;\">Tijdens Zomerfolk kun je elk jaar de prachtige kunst van bodypaint bewonderen. Wil je hier niet alleen naar kijken, maar zou je ook wel model willen staan? Meld je dan aan via <strong>info@zomerfolk.nl<\/strong>.<\/h1>\n<p>&nbsp;<\/p>\n<p>&nbsp;<\/p>\n<p>[\/et_pb_text][\/et_pb_column][et_pb_column type=&#8221;1_2&#8243; _builder_version=&#8221;4.16&#8243; custom_padding=&#8221;|||&#8221; global_colors_info=&#8221;{}&#8221; custom_padding__hover=&#8221;|||&#8221;][et_pb_image _builder_version=&#8221;4.16&#8243; _module_preset=&#8221;default&#8221; global_colors_info=&#8221;{}&#8221;][\/et_pb_image][et_pb_gallery gallery_ids=&#8221;16623,8515,8242,5579&#8243; show_title_and_caption=&#8221;off&#8221; show_pagination=&#8221;off&#8221; _builder_version=&#8221;4.16&#8243; _module_preset=&#8221;default&#8221; global_colors_info=&#8221;{}&#8221;][\/et_pb_gallery][\/et_pb_column][\/et_pb_row][\/et_pb_section]<\/p>\n","protected":false},"excerpt":{"rendered":"<p>Jedes Jahr k\u00f6nnen Sie w\u00e4hrend des Zomerfolk-Festivals die faszinierende Kunst des Bodypaintings bewundern. M\u00f6chten Sie nicht nur zusehen, sondern selbst als Model mitwirken? Dann melden Sie sich unter info@zomerfolk.nl an. &nbsp; &nbsp;<\/p>","protected":false},"author":1,"featured_media":16622,"parent":13928,"menu_order":0,"comment_status":"closed","ping_status":"closed","template":"","meta":{"_et_pb_use_builder":"on","_et_pb_old_content":"<p>[:nl][vc_row][vc_column][wolf_images_gallery ids=\"21411,16623,14361,8498,8490,8242\"][\/vc_column][\/vc_row][vc_row][vc_column][vc_column_text]<\/p><h1 style=\"text-align: center;\"><strong>Durf jij het aan?<\/strong><\/h1><h1 style=\"text-align: center;\"><strong>Stuur een email naar: info@zomerfolk.nl<\/strong><\/h1><p>[\/vc_column_text][\/vc_column][\/vc_row][:en][vc_row][vc_column][wolf_images_gallery ids=\"21411,19540,16622,16623,8490,8498,8242\"][\/vc_column][\/vc_row][vc_row][vc_column][vc_column_text]<\/p><h1 style=\"text-align: center;\"><strong>Do you dare?<\/strong><\/h1><h1 style=\"text-align: center;\"><strong>Please send an email: info@zomerfolk.nl<\/strong><\/h1><p>[\/vc_column_text][\/vc_column][\/vc_row][:de][vc_row][vc_column][wolf_images_gallery ids=\"21411,16622,14361,8523,8242,8490\"][\/vc_column][\/vc_row][vc_row][vc_column][vc_column_text]<\/p><h1 style=\"text-align: center;\">Traust du dich?<\/h1><h1 style=\"text-align: center;\">Senden Sie ein E-Mail an: info@zomerfolk.nl<\/h1><p>[\/vc_column_text][\/vc_column][\/vc_row][:]<\/p>","_et_gb_content_width":"","footnotes":""},"class_list":["post-19452","page","type-page","status-publish","has-post-thumbnail","hentry"],"_links":{"self":[{"href":"https:\/\/zomerfolk.nl\/de\/wp-json\/wp\/v2\/pages\/19452","targetHints":{"allow":["GET"]}}],"collection":[{"href":"https:\/\/zomerfolk.nl\/de\/wp-json\/wp\/v2\/pages"}],"about":[{"href":"https:\/\/zomerfolk.nl\/de\/wp-json\/wp\/v2\/types\/page"}],"author":[{"embeddable":true,"href":"https:\/\/zomerfolk.nl\/de\/wp-json\/wp\/v2\/users\/1"}],"replies":[{"embeddable":true,"href":"https:\/\/zomerfolk.nl\/de\/wp-json\/wp\/v2\/comments?post=19452"}],"version-history":[{"count":0,"href":"https:\/\/zomerfolk.nl\/de\/wp-json\/wp\/v2\/pages\/19452\/revisions"}],"up":[{"embeddable":true,"href":"https:\/\/zomerfolk.nl\/de\/wp-json\/wp\/v2\/pages\/13928"}],"wp:featuredmedia":[{"embeddable":true,"href":"https:\/\/zomerfolk.nl\/de\/wp-json\/wp\/v2\/media\/16622"}],"wp:attachment":[{"href":"https:\/\/zomerfolk.nl\/de\/wp-json\/wp\/v2\/media?parent=19452"}],"curies":[{"name":"wp","href":"https:\/\/api.w.org\/{rel}","templated":true}]}}