{"id":19598,"date":"2019-02-01T15:20:29","date_gmt":"2019-02-01T14:20:29","guid":{"rendered":"http:\/\/zomerfolk.nl\/?page_id=19598"},"modified":"2026-03-06T17:21:40","modified_gmt":"2026-03-06T16:21:40","slug":"flannery","status":"publish","type":"page","link":"https:\/\/zomerfolk.nl\/de\/flannery\/","title":{"rendered":"Flanell"},"content":{"rendered":"<p>[et_pb_section fb_built=&#8221;1&#8243; _builder_version=&#8221;4.16&#8243; global_colors_info=&#8221;{}&#8221;][et_pb_row admin_label=&#8221;Rij&#8221; _builder_version=&#8221;4.16&#8243; background_size=&#8221;initial&#8221; background_position=&#8221;top_left&#8221; background_repeat=&#8221;repeat&#8221; global_colors_info=&#8221;{}&#8221;][et_pb_column type=&#8221;4_4&#8243; _builder_version=&#8221;4.16&#8243; custom_padding=&#8221;|||&#8221; global_colors_info=&#8221;{}&#8221; custom_padding__hover=&#8221;|||&#8221;][et_pb_image src=&#8221;https:\/\/zomerfolk.nl\/wp-content\/uploads\/2026\/03\/Zomerfolk-2026-Flannery.psd-1.jpg&#8221; title_text=&#8221;Zomerfolk 2026 &#8211; Flannery.psd (1)&#8221; url=&#8221;https:\/\/flannery.nl\/&#8221; url_new_window=&#8221;on&#8221; _builder_version=&#8221;4.27.6&#8243; _module_preset=&#8221;default&#8221; hover_enabled=&#8221;0&#8243; global_colors_info=&#8221;{}&#8221; width=&#8221;60%&#8221; align=&#8221;center&#8221; border_radii=&#8221;on|30px|30px|30px|30px&#8221; sticky_enabled=&#8221;0&#8243;][\/et_pb_image][et_pb_text _builder_version=&#8221;4.27.6&#8243; background_size=&#8221;initial&#8221; background_position=&#8221;top_left&#8221; background_repeat=&#8221;repeat&#8221; global_colors_info=&#8221;{}&#8221;]<\/p>\n<p style=\"text-align: center;\">Vijf mooie mannen, \u00e9\u00e9n moedige missie: jullie een buitengewoon vrolijk krachtig dansfeestje te brengen op Zomerfolk 2026! Brute basbeats en doedelende drums, met nieuwe nummers knallen zij jullie hinkend de zomer door. En het biertje op z\u2019n tijd verdrijft elke latere spijt. Maar geef ze absoluut geen drone\u2026 Hebben jullie de zomer al in je bol? Mooi! Dan zien we jullie graag op 7 juni in \u2019t Stadspark!<\/p>\n<p>[\/et_pb_text][et_pb_video src=&#8221;https:\/\/www.youtube.com\/watch?v=ANK7joq9odY&#8221; _builder_version=&#8221;4.27.6&#8243; _module_preset=&#8221;default&#8221; global_colors_info=&#8221;{}&#8221;][\/et_pb_video][\/et_pb_column][\/et_pb_row][\/et_pb_section]<\/p>\n","protected":false},"excerpt":{"rendered":"<p>Vijf mooie mannen, \u00e9\u00e9n moedige missie: jullie een buitengewoon vrolijk krachtig dansfeestje te brengen op Zomerfolk 2026! Brute basbeats en doedelende drums, met nieuwe nummers knallen zij jullie hinkend de zomer door. En het biertje op z\u2019n tijd verdrijft elke latere spijt. Maar geef ze absoluut geen drone\u2026 Hebben jullie de zomer al in je [&hellip;]<\/p>\n","protected":false},"author":1,"featured_media":0,"parent":0,"menu_order":0,"comment_status":"closed","ping_status":"closed","template":"","meta":{"_et_pb_use_builder":"on","_et_pb_old_content":"<p style=\"text-align: center;\"><img class=\"aligncenter size-large wp-image-43755\" src=\"https:\/\/zomerfolk.nl\/wp-content\/uploads\/2024\/05\/JHF_9238-1024x683.jpg\" alt=\"\" width=\"1024\" height=\"683\" \/><\/p><p style=\"text-align: center;\">Flannery begint in 2012, tijdens een groot festival in Nederland. Denny \u201c500\u201d Myles, de<br \/>doedelzakspeler, breidde zijn doedelzakband The Myles Brothers uit met vrienden, om een<br \/>breder scala aan folkrockmuziek te kunnen aanbieden. Kort daarna was Flannery geboren. De<br \/>band bestaat nu uit Denny op doedelzak, Peter op drums, Steven op leadgitaar en backing<br \/>vocals, Arrie op basgitaar, en Martin als leadzanger. Sinds 2012 heeft Flannery optredens gehad<br \/>door heel Nederland, van Hellevoetsluis tot Tytsjerk. Ook toerden ze geregeld door heel Europa,<br \/>rockend in Itali\u00eb, Duitsland, Belgi\u00eb en zelfs Oekra\u00efne!<\/p><p style=\"text-align: center;\"><iframe src=\"https:\/\/www.youtube.com\/embed\/RCAuChxj36k\" width=\"560\" height=\"315\" frameborder=\"0\" allowfullscreen=\"allowfullscreen\"><\/iframe><\/p>","_et_gb_content_width":"","footnotes":""},"class_list":["post-19598","page","type-page","status-publish","hentry"],"_links":{"self":[{"href":"https:\/\/zomerfolk.nl\/de\/wp-json\/wp\/v2\/pages\/19598","targetHints":{"allow":["GET"]}}],"collection":[{"href":"https:\/\/zomerfolk.nl\/de\/wp-json\/wp\/v2\/pages"}],"about":[{"href":"https:\/\/zomerfolk.nl\/de\/wp-json\/wp\/v2\/types\/page"}],"author":[{"embeddable":true,"href":"https:\/\/zomerfolk.nl\/de\/wp-json\/wp\/v2\/users\/1"}],"replies":[{"embeddable":true,"href":"https:\/\/zomerfolk.nl\/de\/wp-json\/wp\/v2\/comments?post=19598"}],"version-history":[{"count":0,"href":"https:\/\/zomerfolk.nl\/de\/wp-json\/wp\/v2\/pages\/19598\/revisions"}],"wp:attachment":[{"href":"https:\/\/zomerfolk.nl\/de\/wp-json\/wp\/v2\/media?parent=19598"}],"curies":[{"name":"wp","href":"https:\/\/api.w.org\/{rel}","templated":true}]}}