{"id":21752,"date":"2019-06-05T20:10:59","date_gmt":"2019-06-05T18:10:59","guid":{"rendered":"http:\/\/zomerfolk.nl\/?page_id=21752"},"modified":"2022-06-03T13:33:21","modified_gmt":"2022-06-03T11:33:21","slug":"the-flask","status":"publish","type":"page","link":"https:\/\/zomerfolk.nl\/de\/the-flask\/","title":{"rendered":"Die Flasche"},"content":{"rendered":"<p><span class=\"wz-bold\"><img loading=\"lazy\" decoding=\"async\" class=\"aligncenter size-large wp-image-21756\" src=\"http:\/\/zomerfolk.nl\/wp-content\/uploads\/2019\/06\/The-Flask-1024x674.jpg\" alt=\"\" width=\"740\" height=\"487\" srcset=\"https:\/\/zomerfolk.nl\/wp-content\/uploads\/2019\/06\/The-Flask-1024x674.jpg 1024w, https:\/\/zomerfolk.nl\/wp-content\/uploads\/2019\/06\/The-Flask-300x198.jpg 300w, https:\/\/zomerfolk.nl\/wp-content\/uploads\/2019\/06\/The-Flask-768x506.jpg 768w, https:\/\/zomerfolk.nl\/wp-content\/uploads\/2019\/06\/The-Flask-562x370.jpg 562w, https:\/\/zomerfolk.nl\/wp-content\/uploads\/2019\/06\/The-Flask-725x477.jpg 725w, https:\/\/zomerfolk.nl\/wp-content\/uploads\/2019\/06\/The-Flask.jpg 1810w\" sizes=\"(max-width: 740px) 100vw, 740px\" \/><\/span><\/p>\n<p style=\"text-align: center;\">The Flask ist eine vierk\u00f6pfige Folk-Gruppe aus Delft, Niederlande, mit einer Vorliebe f\u00fcr traditionelle irische und schottische Musik. Ihre Leidenschaft f\u00fcr keltische Volksmusik inspirierte diese talentierten jungen K\u00fcnstler dazu, auch einige ihrer eigenen Songs zu schreiben. Ihr Repertoire reicht von einf\u00fchlsamen Balladen bis hin zu erhebenden Melodien, die Sie zum Jigdance bringen. The Flask arbeitet derzeit an Originalmaterial und plant, ihre erste Single im Herbst 2019 zu ver\u00f6ffentlichen. Alle Mitglieder der Band sind Universit\u00e4tsstudenten, die Musik mit Studium in Einklang bringen.<\/p>\n<p style=\"text-align: center;\">Obwohl diese talentierte Gruppe von Studenten in ihrer Heimatstadt Delft seit einigen Jahren bekannt ist, eroberten sie 2016 mit einem Auftritt auf der Archeon Midwinter Fair die Folkfestival-Szene. Ihre Energie und ihr purer keltischer Sound blieben nicht unbemerkt. Innerhalb weniger Monate trat die Band an und gewann einen Band-Battle-Wettbewerb bei Musicon (Den Haag, NL). Die Band etabliert sich stetig in der Folk-Festival-Szene, mit Auftritten bei: Archeon Midwinter Fair, Fantasy Fest Rijswijk und jetzt wieder zur\u00fcck bei Zomerfolk!<\/p>\n<p style=\"text-align: center;\"><iframe loading=\"lazy\" src=\"https:\/\/www.youtube.com\/embed\/pORT67Li8Po\" width=\"560\" height=\"315\" frameborder=\"0\" allowfullscreen=\"allowfullscreen\"><\/iframe><\/p>","protected":false},"excerpt":{"rendered":"<p>The Flask is een vierledige folkgroep uit Delft, Nederland met een voorliefde voor Ierse en Schotse traditionele muziek. Hun passie voor Celtic Folk-muziek inspireerde deze getalenteerde jonge artiesten om ook enkele van hun eigen liedjes te maken. Hun repertoire varieert van gevoelige ballades tot opbeurende melodie\u00ebn die je op de been zullen krijgen om een [&hellip;]<\/p>\n","protected":false},"author":1,"featured_media":0,"parent":0,"menu_order":0,"comment_status":"closed","ping_status":"closed","template":"","meta":{"_et_pb_use_builder":"","_et_pb_old_content":"","_et_gb_content_width":"","footnotes":""},"class_list":["post-21752","page","type-page","status-publish","hentry"],"_links":{"self":[{"href":"https:\/\/zomerfolk.nl\/de\/wp-json\/wp\/v2\/pages\/21752","targetHints":{"allow":["GET"]}}],"collection":[{"href":"https:\/\/zomerfolk.nl\/de\/wp-json\/wp\/v2\/pages"}],"about":[{"href":"https:\/\/zomerfolk.nl\/de\/wp-json\/wp\/v2\/types\/page"}],"author":[{"embeddable":true,"href":"https:\/\/zomerfolk.nl\/de\/wp-json\/wp\/v2\/users\/1"}],"replies":[{"embeddable":true,"href":"https:\/\/zomerfolk.nl\/de\/wp-json\/wp\/v2\/comments?post=21752"}],"version-history":[{"count":0,"href":"https:\/\/zomerfolk.nl\/de\/wp-json\/wp\/v2\/pages\/21752\/revisions"}],"wp:attachment":[{"href":"https:\/\/zomerfolk.nl\/de\/wp-json\/wp\/v2\/media?parent=21752"}],"curies":[{"name":"wp","href":"https:\/\/api.w.org\/{rel}","templated":true}]}}