{"id":21795,"date":"2019-06-06T12:22:17","date_gmt":"2019-06-06T10:22:17","guid":{"rendered":"http:\/\/zomerfolk.nl\/?page_id=21795"},"modified":"2022-05-28T18:14:01","modified_gmt":"2022-05-28T16:14:01","slug":"moti","status":"publish","type":"page","link":"https:\/\/zomerfolk.nl\/de\/moti\/","title":{"rendered":"Motiv"},"content":{"rendered":"<p>&nbsp;<\/p>\n<p style=\"text-align: center;\"><img loading=\"lazy\" decoding=\"async\" class=\"aligncenter size-full wp-image-21796\" src=\"http:\/\/zomerfolk.nl\/wp-content\/uploads\/2019\/06\/Moti-foto.jpg\" alt=\"\" width=\"347\" height=\"500\" srcset=\"https:\/\/zomerfolk.nl\/wp-content\/uploads\/2019\/06\/Moti-foto.jpg 347w, https:\/\/zomerfolk.nl\/wp-content\/uploads\/2019\/06\/Moti-foto-208x300.jpg 208w, https:\/\/zomerfolk.nl\/wp-content\/uploads\/2019\/06\/Moti-foto-257x370.jpg 257w\" sizes=\"(max-width: 347px) 100vw, 347px\" \/><\/p>\n<p style=\"text-align: center;\">Troubadour Moti Rymarczuk ist ein bekannter Musiker als Stra\u00dfens\u00e4nger in Groningen.<\/p>\n<p style=\"text-align: center;\">Seit 1981 spielt er seine Popsongs an verschiedenen Orten, vor allem aber in den letzten Jahren im Einkaufszentrum Paddepoel nahe der Hema und auf dem Vismarkt.<\/p>\n<p style=\"text-align: center;\">Moti ist in Russland geboren und in Israel aufgewachsen.<\/p>\n<p style=\"text-align: center;\">Anfangs spielt der S\u00e4nger akustisch, mit Gitarre, Schlagzeug und Mundharmonika, aber seit Ende der 90er Jahre muss der S\u00e4nger seine Stimme mit elektrischen Ger\u00e4ten verst\u00e4rken, weil seine Stimme durch jahrelangen Missbrauch nachgelassen hat. Das bereitet den Groninger Einzelh\u00e4ndlern Probleme, und auch die kommunalen Satzungen lassen Moti zu wenig Raum, um weiterzuspielen. Eine L\u00f6sung wird gefunden: Er hat die Erlaubnis, an bestimmten Orten in der Stadt zu spielen. Zum zweiten Mal d\u00fcrfen wir diesen Musiker nun mit Leib und Seele bei Zomerfolk begr\u00fc\u00dfen.<\/p>\n<p style=\"text-align: center;\"><iframe loading=\"lazy\" src=\"https:\/\/www.youtube.com\/embed\/qkHgfiEQu_M\" width=\"560\" height=\"315\" frameborder=\"0\" allowfullscreen=\"allowfullscreen\"><\/iframe><\/p>","protected":false},"excerpt":{"rendered":"<p>&nbsp; Troubadour Moti Rymarczuk is als straatzanger in Groningen een bekend muzikant. Sinds 1981 speelt hij op diverse locaties zijn popliedjes maar vooral de laatste jaren in Winkelcentrum Paddepoel bij de Hema en op de Vismarkt. Moti is in Rusland geboren en in Isra\u00ebl opgegroeid. Aanvankelijk speelt de zanger akoestisch, met gitaar, drums en mondharmonica, [&hellip;]<\/p>\n","protected":false},"author":1,"featured_media":0,"parent":0,"menu_order":0,"comment_status":"closed","ping_status":"closed","template":"","meta":{"_et_pb_use_builder":"","_et_pb_old_content":"","_et_gb_content_width":"","footnotes":""},"class_list":["post-21795","page","type-page","status-publish","hentry"],"_links":{"self":[{"href":"https:\/\/zomerfolk.nl\/de\/wp-json\/wp\/v2\/pages\/21795","targetHints":{"allow":["GET"]}}],"collection":[{"href":"https:\/\/zomerfolk.nl\/de\/wp-json\/wp\/v2\/pages"}],"about":[{"href":"https:\/\/zomerfolk.nl\/de\/wp-json\/wp\/v2\/types\/page"}],"author":[{"embeddable":true,"href":"https:\/\/zomerfolk.nl\/de\/wp-json\/wp\/v2\/users\/1"}],"replies":[{"embeddable":true,"href":"https:\/\/zomerfolk.nl\/de\/wp-json\/wp\/v2\/comments?post=21795"}],"version-history":[{"count":0,"href":"https:\/\/zomerfolk.nl\/de\/wp-json\/wp\/v2\/pages\/21795\/revisions"}],"wp:attachment":[{"href":"https:\/\/zomerfolk.nl\/de\/wp-json\/wp\/v2\/media?parent=21795"}],"curies":[{"name":"wp","href":"https:\/\/api.w.org\/{rel}","templated":true}]}}