{"id":25104,"date":"2020-02-18T12:28:26","date_gmt":"2020-02-18T11:28:26","guid":{"rendered":"http:\/\/zomerfolk.nl\/?page_id=25104"},"modified":"2022-04-22T19:08:03","modified_gmt":"2022-04-22T17:08:03","slug":"skipinnish","status":"publish","type":"page","link":"https:\/\/zomerfolk.nl\/de\/skipinnish\/","title":{"rendered":"Skipinisch"},"content":{"rendered":"<p><img loading=\"lazy\" decoding=\"async\" class=\"aligncenter size-large wp-image-25105\" src=\"http:\/\/zomerfolk.nl\/wp-content\/uploads\/2020\/02\/Skipenish-1024x682.jpg\" alt=\"\" width=\"740\" height=\"493\" srcset=\"https:\/\/zomerfolk.nl\/wp-content\/uploads\/2020\/02\/Skipenish-1024x682.jpg 1024w, https:\/\/zomerfolk.nl\/wp-content\/uploads\/2020\/02\/Skipenish-300x200.jpg 300w, https:\/\/zomerfolk.nl\/wp-content\/uploads\/2020\/02\/Skipenish-768x512.jpg 768w, https:\/\/zomerfolk.nl\/wp-content\/uploads\/2020\/02\/Skipenish-555x370.jpg 555w, https:\/\/zomerfolk.nl\/wp-content\/uploads\/2020\/02\/Skipenish-725x483.jpg 725w, https:\/\/zomerfolk.nl\/wp-content\/uploads\/2020\/02\/Skipenish.jpg 1280w\" sizes=\"(max-width: 740px) 100vw, 740px\" \/><\/p>\n<p style=\"text-align: center;\">Die Popularit\u00e4t von Skipinnish w\u00e4chst und w\u00e4chst und die letzten 2 Jahre vor COVID waren die gr\u00f6\u00dften f\u00fcr die Band seit ihrer Gr\u00fcndung im Jahr 1999, als sich die Mitbegr\u00fcnder Andrew Stevenson und Angus MacPhail zusammenschlossen. Mit einer st\u00e4ndig wachsenden Band aus diesen fr\u00fchen Tagen und mit dem Hinzuf\u00fcgen von Lead-Vocals und einer vollst\u00e4ndigen Backline ist diese Band in den letzten Jahren an die Spitze der schottischen Musikszene aufgestiegen. Mit einem Hit nach dem anderen von selbstgeschriebenen Songs und einer starken Mischung aus kraftvollen Dudelsack-, Geigen- und Akkordeonmelodien enthalten sie das Beste der zeitgen\u00f6ssischen keltischen Musik.<\/p>\n<p style=\"text-align: center;\">Ihre gro\u00dfe und wachsende Fangemeinde ist so gro\u00df, dass Skipinnish regelm\u00e4\u00dfig einige der gr\u00f6\u00dften Veranstaltungsorte in Schottland ausverkauft. Vom Eden Court Theatre in Inverness \u2013 wo sie an zwei aufeinanderfolgenden Abenden auftraten \u2013 bis zur legend\u00e4ren Usher Hall in Edinburgh und von den Albert Halls in Stirling bis zum ber\u00fchmten Barrowland Ballroom in Glasgow \u2013 jede Show ist ausverkauft und das Publikum ist begeistert!<\/p>\n<p style=\"text-align: center;\">Wir sind sehr stolz, dass diese \u00e4u\u00dferst talentierten Musiker zu unserem Festival kommen und sind sicher, dass Sie, wenn Sie sie noch nicht kennen, genauso Fan von ihnen werden wie wir!<\/p>\n<p style=\"text-align: center;\"><iframe loading=\"lazy\" title=\"YouTube-Videoplayer\" src=\"https:\/\/www.youtube.com\/embed\/YKvaJ0uvdhM\" width=\"560\" height=\"315\" frameborder=\"0\" allowfullscreen=\"allowfullscreen\"><\/iframe><\/p>","protected":false},"excerpt":{"rendered":"<p>De populariteit van Skipinnish groeit en groeit maar en de laatste 2 jaar, voor COVID, zijn de grootste voor de band geweest sinds ze in 1999 begonnen toen mede-oprichters Andrew Stevenson en Angus MacPhail hun krachten bundelden. Met een steeds groter wordende band vanaf deze vroege dagen en met de toevoeging van leadzang en een [&hellip;]<\/p>\n","protected":false},"author":1,"featured_media":0,"parent":0,"menu_order":0,"comment_status":"closed","ping_status":"closed","template":"","meta":{"_et_pb_use_builder":"","_et_pb_old_content":"","_et_gb_content_width":"","footnotes":""},"class_list":["post-25104","page","type-page","status-publish","hentry"],"_links":{"self":[{"href":"https:\/\/zomerfolk.nl\/de\/wp-json\/wp\/v2\/pages\/25104","targetHints":{"allow":["GET"]}}],"collection":[{"href":"https:\/\/zomerfolk.nl\/de\/wp-json\/wp\/v2\/pages"}],"about":[{"href":"https:\/\/zomerfolk.nl\/de\/wp-json\/wp\/v2\/types\/page"}],"author":[{"embeddable":true,"href":"https:\/\/zomerfolk.nl\/de\/wp-json\/wp\/v2\/users\/1"}],"replies":[{"embeddable":true,"href":"https:\/\/zomerfolk.nl\/de\/wp-json\/wp\/v2\/comments?post=25104"}],"version-history":[{"count":0,"href":"https:\/\/zomerfolk.nl\/de\/wp-json\/wp\/v2\/pages\/25104\/revisions"}],"wp:attachment":[{"href":"https:\/\/zomerfolk.nl\/de\/wp-json\/wp\/v2\/media?parent=25104"}],"curies":[{"name":"wp","href":"https:\/\/api.w.org\/{rel}","templated":true}]}}