{"id":25337,"date":"2020-06-06T11:46:18","date_gmt":"2020-06-06T09:46:18","guid":{"rendered":"http:\/\/zomerfolk.nl\/?page_id=25337"},"modified":"2022-04-09T11:10:04","modified_gmt":"2022-04-09T09:10:04","slug":"pe-rinus","status":"publish","type":"page","link":"https:\/\/zomerfolk.nl\/de\/pe-rinus\/","title":{"rendered":"Pe &amp; Rinus"},"content":{"rendered":"<p><img loading=\"lazy\" decoding=\"async\" class=\"size-full wp-image-27211 aligncenter\" src=\"https:\/\/zomerfolk.nl\/wp-content\/uploads\/2022\/04\/Pe-en-Rinus-David-Woltinge-website.jpg\" alt=\"\" width=\"679\" height=\"543\" srcset=\"https:\/\/zomerfolk.nl\/wp-content\/uploads\/2022\/04\/Pe-en-Rinus-David-Woltinge-website.jpg 679w, https:\/\/zomerfolk.nl\/wp-content\/uploads\/2022\/04\/Pe-en-Rinus-David-Woltinge-website-480x384.jpg 480w\" sizes=\"(min-width: 0px) and (max-width: 480px) 480px, (min-width: 481px) 679px, 100vw\" \/><\/p>\n<p style=\"text-align: center;\">Sie kommen zur\u00fcck! Groningens ber\u00fchmtestes Duo hat unser Festival bereits 2015 gerockt und wird dies auch 2022 wieder tun!<\/p>\n<p style=\"text-align: center;\">Dieses Groninger Musikkabarett-Duo wurde in den 1980er Jahren durch Stra\u00dfenauff\u00fchrungen in der Stadt Groningen bekannt, bei denen sie bekannte Lieder mit Texten in Groningen und Niederl\u00e4ndisch sangen und sich selbst auf einer Akustikgitarre begleiteten. De Haan und Den Hollander waren Mitglieder der Studentenvereinigung Albertus Magnus. Nachdem beide getrennt voneinander 1978 an einem Vereinsliederfest teilgenommen hatten, beschlossen sie, gemeinsam weiterzumachen. 1980 wurde der gleiche Song Contest mit dem Song Gezina gewonnen. Kurz darauf begannen sie auf der Stra\u00dfe aufzutreten. Sie nutzten den breiten Teil der Herestraat in Groningen f\u00fcr die Hema. Aufgrund des gro\u00dfen Andrangs war die Stra\u00dfe oft komplett gesperrt.<\/p>\n<p style=\"text-align: center;\">Legend\u00e4re Auftritte waren am 25. Februar 1982 in De Trefkoel in Paddepoel, am 11. M\u00e4rz 1982 in Het Dok in Lewenborg, am 5. Mai 1982 in Noorderplantsoen und am 17. September 1982 in Jeugdsoos Rehoboth (heute Zaal Flits) in Loppersum und beim Oerol Festival auf Terschelling. . Bei gr\u00f6\u00dferen Gigs wurden sie von einer Begleitband namens De Containers unterst\u00fctzt.<\/p>\n<p style=\"text-align: center;\">1985 l\u00f6ste sich die Band auf. 1988 begannen sie mit Alina Kiers mit dem Trio De Bende van Baflo Bill, sp\u00e4ter folgte Voorheen de Bende. Am 16. November 1984 fand im Stadttheater Groningen ein Abschiedskonzert statt. Danach folgte im Fr\u00fchjahr 1990 auf vielfachen Wunsch ein weiteres Reunion-Konzert. 1994 gaben sie zwei weitere Konzerte in der Groninger Evenementenhal, P&amp;R Tien Jaar Uit Elkaar. Die Tickets f\u00fcr diese Vorstellungen waren innerhalb k\u00fcrzester Zeit ausverkauft. Das 25-j\u00e4hrige Jubil\u00e4um von De Haan und Den Hollander als K\u00fcnstler wurde im September und Oktober 2005 mit einer kurzen Tournee gefeiert. Die beiden Abschlusskonzerte im Martiniplaza wurden von 24.000 Besuchern besucht. W\u00e4hrend dieser Auff\u00fchrung spielte Dani\u00ebl Lohues zusammen mit Zundagoavond Blues.<\/p>\n<p style=\"text-align: center;\">Im Dezember 2005 wurden P\u00e9 &amp; Rinus Groninger des Jahres.<\/p>\n<p style=\"text-align: center;\">Am 14. Januar 2008 sangen P\u00e9 &amp; Rinus zusammen mit den Gr\u00f6nnens Laid beim Rekordversuch \u201eSinging Folksong\u201c auf dem Grote Markt in Groningen. Au\u00dferdem spielten sie auch ihre Instrumentalversion des Songs und sangen \u201eJelle (Gaat Lekker)\u201c. Am 10. Mai brachten Peter und Frank zusammen mit De Bond against Harries den Old-School-Remix des Songs De Plattelandsvrouwen als Scherz heraus \u2013 eine Jumpstyle-Version. Am 23. Februar 2012 gaben P\u00e9 &amp; Rinus ein Konzert im Martiniplaza, begleitet vom North Pole Orchestra. 2015 waren sie die \u00dcberraschung f\u00fcr viele bei Zomerfolk und 2016 traten sie beim Zwarte Cross auf. Au\u00dferdem haben sie gerade eine neue CD herausgebracht!<\/p>\n<p style=\"text-align: center;\">Jeder, der 2015 beim Auftritt dieser erstaunlichen M\u00e4nner war, wird sich sicherlich daran erinnern. Wir sind daher sehr stolz, dass sie auch 2022 wieder dabei sein werden!<\/p>\n<p style=\"text-align: center;\"><iframe loading=\"lazy\" src=\"https:\/\/www.youtube.com\/embed\/Cq2igkOGVxk\" width=\"560\" height=\"315\" frameborder=\"0\" allowfullscreen=\"allowfullscreen\"><\/iframe><\/p>\n<p>&nbsp;<\/p>","protected":false},"excerpt":{"rendered":"<p>Ze komen weer terug! Het meest bekende duo van Groningen zette in 2015 ons festival al op stelten en komt dit in 2022 weer doen! Dit Groningse muzikale cabaretduo werd in de jaren &#8217;80 bekend door straatoptredens in de stad Groningen waarbij ze, zichzelf begeleidend op een akoestische gitaar, bekende liedjes zongen voorzien van teksten [&hellip;]<\/p>\n","protected":false},"author":1,"featured_media":0,"parent":0,"menu_order":0,"comment_status":"closed","ping_status":"closed","template":"","meta":{"_et_pb_use_builder":"off","_et_pb_old_content":"","_et_gb_content_width":"","footnotes":""},"class_list":["post-25337","page","type-page","status-publish","hentry"],"_links":{"self":[{"href":"https:\/\/zomerfolk.nl\/de\/wp-json\/wp\/v2\/pages\/25337","targetHints":{"allow":["GET"]}}],"collection":[{"href":"https:\/\/zomerfolk.nl\/de\/wp-json\/wp\/v2\/pages"}],"about":[{"href":"https:\/\/zomerfolk.nl\/de\/wp-json\/wp\/v2\/types\/page"}],"author":[{"embeddable":true,"href":"https:\/\/zomerfolk.nl\/de\/wp-json\/wp\/v2\/users\/1"}],"replies":[{"embeddable":true,"href":"https:\/\/zomerfolk.nl\/de\/wp-json\/wp\/v2\/comments?post=25337"}],"version-history":[{"count":0,"href":"https:\/\/zomerfolk.nl\/de\/wp-json\/wp\/v2\/pages\/25337\/revisions"}],"wp:attachment":[{"href":"https:\/\/zomerfolk.nl\/de\/wp-json\/wp\/v2\/media?parent=25337"}],"curies":[{"name":"wp","href":"https:\/\/api.w.org\/{rel}","templated":true}]}}