{"id":25965,"date":"2021-12-02T15:35:00","date_gmt":"2021-12-02T14:35:00","guid":{"rendered":"https:\/\/zomerfolk.nl\/?page_id=25965"},"modified":"2026-03-24T12:05:52","modified_gmt":"2026-03-24T11:05:52","slug":"catering","status":"publish","type":"page","link":"https:\/\/zomerfolk.nl\/de\/festival-info\/catering\/","title":{"rendered":"Gastronomie"},"content":{"rendered":"<p>[et_pb_section fb_built=&#8221;1&#8243; _builder_version=&#8221;4.16&#8243; _module_preset=&#8221;default&#8221; custom_margin=&#8221;||-56px|||&#8221; global_colors_info=&#8221;{}&#8221;][et_pb_row _builder_version=&#8221;4.16&#8243; _module_preset=&#8221;default&#8221; custom_padding=&#8221;||26px|||&#8221; global_colors_info=&#8221;{}&#8221;][et_pb_column type=&#8221;4_4&#8243; _builder_version=&#8221;4.16&#8243; _module_preset=&#8221;default&#8221; global_colors_info=&#8221;{}&#8221;][et_pb_text _builder_version=&#8221;4.24.3&#8243; _module_preset=&#8221;default&#8221; global_colors_info=&#8221;{}&#8221;]<\/p>\n<h1 style=\"text-align: center;\">\u00a0Wat zullen we eten en drinken?<\/h1>\n<h2 style=\"text-align: center;\"><\/h2>\n<p style=\"text-align: center;\">Ons festival is een feest van ontdekkingen. Niet alleen op muzikaal gebied, maar zeker ook qua eten en drinken. Begin vast te watertanden met de eerste namen.<\/p>\n<p>[\/et_pb_text][\/et_pb_column][\/et_pb_row][et_pb_row column_structure=&#8221;1_2,1_2&#8243; _builder_version=&#8221;4.27.5&#8243; _module_preset=&#8221;default&#8221; global_colors_info=&#8221;{}&#8221;][et_pb_column type=&#8221;1_2&#8243; _builder_version=&#8221;4.27.5&#8243; _module_preset=&#8221;default&#8221; global_colors_info=&#8221;{}&#8221;][et_pb_text _builder_version=&#8221;4.27.5&#8243; _module_preset=&#8221;default&#8221; custom_margin=&#8221;||-2px|||&#8221; global_colors_info=&#8221;{}&#8221;]<\/p>\n<h2 style=\"text-align: center;\"><strong>Koek &amp; Zopie<\/strong><\/h2>\n<p>[\/et_pb_text][et_pb_image src=&#8221;https:\/\/zomerfolk.nl\/wp-content\/uploads\/2025\/04\/Catering-Ellen-la-Faille&#8211;scaled.jpg&#8221; title_text=&#8221;Catering&#8212;Ellen-la-Faille-&#8221; align=&#8221;center&#8221; _builder_version=&#8221;4.27.5&#8243; _module_preset=&#8221;default&#8221; width=&#8221;75%&#8221; custom_margin=&#8221;||6px|||&#8221; border_radii=&#8221;on|30px|30px|30px|30px&#8221; global_colors_info=&#8221;{}&#8221;][\/et_pb_image][et_pb_text _builder_version=&#8221;4.27.5&#8243; _module_preset=&#8221;default&#8221; global_colors_info=&#8221;{}&#8221;]<\/p>\n<div class=\"xyamay9 xv54qhq xsag5q8 xf7dkkf\">\n<div>\n<div class=\"xyinxu5 xyri2b x1g2khh7 x1c1uobl\" style=\"text-align: center;\"><span class=\"x193iq5w xeuugli x13faqbe x1vvkbs x1xmvt09 x1lliihq x1s928wv xhkezso x1gmr53x x1cpjm7i x1fgarty x1943h6x xudqn12 x3x7a5m x6prxxf xvq8zen xo1l8bm xzsf02u\" dir=\"auto\"><span class=\"html-span xdj266r x14z9mp xat24cr x1lziwak xexx8yu xyri2b x18d9i69 x1c1uobl x1hl2dhg x16tdsg8 x1vvkbs\"><\/span>(H)eerlijke koffie met een vleugje retro! Laat je verwennen met unieke koffiecocktails. Ook voor de wat sterkere koffie en zelfs thee of chocolademelk kun je bij de espressobar van Koek &amp; Zopie terecht. En dat allemaal 99% biologisch en vegan-friendly! Hiermee kom je het weekend zeker door.<br \/><\/span><\/div>\n<\/div>\n<div class=\"x17zd0t2 x78zum5\">\n<div class=\"x3nfvp2\">\n<div><\/div>\n<\/div>\n<\/div>\n<\/div>\n<div>\n<div>\n<div class=\"x1n2onr6\">\n<div class=\"x6s0dn4 xi81zsa x78zum5 x6prxxf x13a6bvl xvq8zen xdj266r xat24cr x1c1uobl xyri2b x1diwwjn xbmvrgn x1yrsyyn x18d9i69\">\n<div class=\"x6s0dn4 x78zum5 x1iyjqo2 x6ikm8r x10wlt62\">\n<p><span aria-label=\"Zie wie hierop heeft gereageerd\" class=\"x1ja2u2z\" role=\"toolbar\"><span class=\"x6s0dn4 x78zum5 x135b78x\"><span class=\"x6zyg47 x1lu4ftm xpn8fn3 x114g2xr xqbdsaf xpf24wh x14a4ghu x1a4jp9x x13fuv20 x18b5jzi x1q0q8m5 x1t7ytsu xamhcws x1alpsbp xlxy82 xyumdvf xmix8c7 x165d6jo x1n2onr6 x1xp8n7a xhtitgo\"><span class=\"x1fuqvrd xmvrd30 xt2fmn5 xkn4fgx x1rg5ohu xmix8c7 x1xp8n7a\"><span class=\"html-span xdj266r x14z9mp xat24cr x1lziwak xexx8yu xyri2b x18d9i69 x1c1uobl x1hl2dhg x16tdsg8 x1vvkbs x4k7w5x x1h91t0o x1h9r5lt x1jfb8zj xv2umb2 x1beo9mf xaigb6o x12ejxvf x3igimt xarpa2k xedcshv x1lytzrv x1t2pt76 x7ja8zs x1qrby5j\"><\/span><\/span><\/span><span class=\"x6zyg47 x1lu4ftm xpn8fn3 x114g2xr xqbdsaf xpf24wh x14a4ghu x1a4jp9x x13fuv20 x18b5jzi x1q0q8m5 x1t7ytsu xamhcws x1alpsbp xlxy82 xyumdvf xmix8c7 x165d6jo x1n2onr6 x1xp8n7a x1vjfegm\"><span class=\"x1fuqvrd xmvrd30 xt2fmn5 xkn4fgx x1rg5ohu xmix8c7 x1xp8n7a\"><span class=\"html-span xdj266r x14z9mp xat24cr x1lziwak xexx8yu xyri2b x18d9i69 x1c1uobl x1hl2dhg x16tdsg8 x1vvkbs x4k7w5x x1h91t0o x1h9r5lt x1jfb8zj xv2umb2 x1beo9mf xaigb6o x12ejxvf x3igimt xarpa2k xedcshv x1lytzrv x1t2pt76 x7ja8zs x1qrby5j\"><\/span><\/span><\/span><\/span><\/span><\/p>\n<div>\n<div class=\"x1i10hfl xjbqb8w x1ejq31n x18oe1m7 x1sy0etr xstzfhl x972fbf x10w94by x1qhh985 x14e42zd x9f619 x1ypdohk x3ct3a4 xdj266r x14z9mp xat24cr x1lziwak xexx8yu xyri2b x18d9i69 x1c1uobl x16tdsg8 x1hl2dhg xggy1nq x1fmog5m xu25z0z x140muxe xo1y3bh x1n2onr6 x87ps6o x1lku1pv x1a2a7pz x1heor9g xnl1qt8 x6ikm8r x10wlt62 x1vjfegm x1lliihq\" role=\"button\" tabindex=\"0\"><\/div>\n<\/div>\n<\/div>\n<div class=\"x9f619 x1ja2u2z x78zum5 x2lah0s x1n2onr6 x1qughib x1qjc9v5 xozqiw3 x1q0g3np xyri2b x1c1uobl x1ws5yxj xw01apr x4cne27 xifccgj x123j3cw xs9asl8\"><\/div>\n<\/div>\n<\/div>\n<\/div>\n<\/div>\n<p>[\/et_pb_text][\/et_pb_column][et_pb_column type=&#8221;1_2&#8243; _builder_version=&#8221;4.27.5&#8243; _module_preset=&#8221;default&#8221; global_colors_info=&#8221;{}&#8221;][et_pb_text _builder_version=&#8221;4.27.6&#8243; _module_preset=&#8221;default&#8221; custom_margin=&#8221;||-2px|||&#8221; global_colors_info=&#8221;{}&#8221;]<\/p>\n<h2 style=\"text-align: center;\"><strong>Slingerchips<\/strong><\/h2>\n<p>[\/et_pb_text][et_pb_image src=&#8221;https:\/\/zomerfolk.nl\/wp-content\/uploads\/2025\/04\/Catering-Ellen-la-Faille-Photography-7-1-min-scaled.jpg&#8221; title_text=&#8221;Catering &#8211; Ellen la Faille Photography-7 (1)-min&#8221; align=&#8221;center&#8221; _builder_version=&#8221;4.27.6&#8243; _module_preset=&#8221;default&#8221; width=&#8221;75%&#8221; border_radii=&#8221;on|30px|30px|30px|30px&#8221; global_colors_info=&#8221;{}&#8221;][\/et_pb_image][et_pb_text _builder_version=&#8221;4.27.6&#8243; _module_preset=&#8221;default&#8221; custom_margin=&#8221;-27px|||||&#8221; custom_padding=&#8221;0px|||||&#8221; global_colors_info=&#8221;{}&#8221;]<\/p>\n<p style=\"text-align: center;\"><span>Heb jij wel eens\u00a0<\/span><span class=\"html-span xdj266r x14z9mp xat24cr x1lziwak xexx8yu xyri2b x18d9i69 x1c1uobl x1hl2dhg x16tdsg8 x1vvkbs\"><a attributionsrc=\"\/privacy_sandbox\/comet\/register\/source\/?xt=AZaowhBkrYGofb1cZdkCv3A-uvWJDaJNosR3UREvhFfmZW0N08K6b6xa36VR-LKXPqlPH_ouMNX57m_v6l0r_rt7CmOHiS4SZk3JeppkGqwu7o-wlvVpyqLfMqreejLkOdtADRlD51WrcUwchBeiMwgZUTINsD71UPsRfTxKasJ0FsOAlkkXsRfWaO88dPPFslelkVOdtO290vM3u5lFXGdB94zuu8WJKVJrgtUyKbpSoRamvEXQglg0fnmm8pfcNaiayiAqQzdpmzLuOXzUfQBaIE6SozPJjy5umguX8HQLd8MZ2hmWBxbXqMdO-aDvyhSiDkBO4dNLLQqhdtTGxOQDWbh9qZVSDt6NdesvCcN87LjFaBqfzswLGqjkL4Xw64YVsVDddWToC7S6Y-_m5hCibXEnNdTriTV2l-iqOWgmoCp_hVC9KnvEIzIKUwt85lwQBH86Mm-doXA3mteFqnJWx7Uud1M9mEoHH64wS1Zfp316J7gWdDUjGWmULzpxjkIECsMpKayZuiXozwBZBHh4XTb7__JoJOHiGwR2vy4PpeGU7XKTNFiGu7NTQpUuGhLD2p2ZWBfa_3fiSn_LobruTUws1h4irnzG_sb0hQ4XGR5FXjZdMaypgq_3JGKJ706za82FRjIpa79N1jw4KjEOz1m5XJOd1Es7emAxIFqEvqURmG2_nk5gQm5w5oT7vmV3fVYjlHIsKpZJ8bkcmPPwmweqjFZ9bdIdqFOG_3lmKtYJBwpNlVbR6FZa4Wh_ePc18YAYTswVeJKdbb1xdVeZrWvI0Ijx3gtOyPm2FxKhwg62rJccHxglvG1cUqoywfbgbATeZtoJUmyzREzlJ4DuUS2vVhLtR5HUCS_VWwCDQOi9CKt6fi0f_q-R7-DjTzb7ANnFU8u58VZuTaqYguE4GlxsOYpidd7k_yIryXKBPHUscc_295PkD8dgi_4ZRE1AysOdbVgleAPKdmHn7my12tUcBi0erdNjFj6sYE0KnVndrvv6dtZpTciCThKy2A9TpXjEMIFTAOQKUHXt2wcL6x3ygWsQcklYa6s09DayNM6cIkJZ0PNK8VLC9UbZy1X7KBBRXH9nb2NNYXRn5k-c400CAgatDxWgyWYMvkUOaAct-PcZiJ61SeTmUiHw65dS2vCyLi_b9yq8pXNkQ7sE0uAirk13QvNUmKPU4aPuSpEgiyp5A5K4XJSKn5ScbWEYof4mjAPYZQDHxbk1E0A8jizOfb81VfukKWKd11UnX-Mpsjo8sO7JHcZXIl1fK2TQ-AkipyCMrHhlhTE0f-iervqnq2mRST7V6WZx4jOeTFwqh-CiMCDYVSs78xm7kalxahdtcA6DUAEWG7yrOa0xW8gOxcRHYy1HW--Y7z7HmOGP6-qdY1fI9ZnY99c2uY0xz6douJPSOTuvKGMHASwBRU5p7kgT54Jt_uuLuBFLFwsPNBuxLFEAHGkjHtzt2E-5ZdfEdwD5c70zHTiRH9oXlpF_LUeEMxfCrBEG7KEzGKLycjoZI12s9_ERJ3W1y4sp7D-gn7GvKcjY-ZLVtPOPopdDl6lsIzZYtVY3pObv-WST10zON1b5iUFH6-HfoL269Lgd5KF1crM0vjMJHaTZyXYASldfjAWxEnIcdgYcDMLbQdjusiZfL71xJ9d8TysjEYHrYiOR5ME4sCEOLFuSdf5YdmN_eYkoFl2IpTFR9lJXFu-WFfZLICejEPY-uS6GJL6UKEeXFFElf7Uj0B2X-Q3VyBY395EdAPZD0VA0iJFZry9azweJ1zobY1VH-evHQxErdORZr1tQQ_B5-f1HKyA-P0Q4bc-aASJZT4KUBQ\" class=\"x1i10hfl xjbqb8w x1ejq31n x18oe1m7 x1sy0etr xstzfhl x972fbf x10w94by x1qhh985 x14e42zd x9f619 x1ypdohk xt0psk2 x3ct3a4 xdj266r x14z9mp xat24cr x1lziwak xexx8yu xyri2b x18d9i69 x1c1uobl x16tdsg8 x1hl2dhg xggy1nq x1a2a7pz xkrqix3 x1sur9pj xzsf02u x1s688f\" href=\"https:\/\/www.facebook.com\/Slingerchips?__cft__[0]=AZY693Vzp2twHuxKvLPg1Sy8RNyr9qsCOvThxoXYlRhqMkDKF65roUs1jSYDvBVPD_Yd5YhDsn4Jxvi15kLX6dcZN1CNQlzkNRmdUeA10uglQZCIyeyTGe4gh7DJUFrF_TGyjywbpVrineYSgGd6hYRNTBDgtuXzw4WZzfVq-UQ1SEoVUIEzSDvv2QrCLqfLAIg&amp;__tn__=-]K*F\" role=\"link\" tabindex=\"0\"><span class=\"xt0psk2\"><span class=\"xjp7ctv\"><span>Slingerchips<\/span><\/span><\/span><\/a><\/span><span>\u00a0gegeten? Deze heerlijke, versgebakken, chips met kruiden en saus zijn niet voor niets erg favoriet. Kultura Catering is er dit jaar daarom weer bij om jullie van deze geweldige snack te voorzien!<\/span><\/p>\n<p>[\/et_pb_text][\/et_pb_column][\/et_pb_row][et_pb_row column_structure=&#8221;1_2,1_2&#8243; _builder_version=&#8221;4.27.6&#8243; _module_preset=&#8221;default&#8221; global_colors_info=&#8221;{}&#8221;][et_pb_column type=&#8221;1_2&#8243; _builder_version=&#8221;4.27.6&#8243; _module_preset=&#8221;default&#8221; global_colors_info=&#8221;{}&#8221;][et_pb_text _builder_version=&#8221;4.27.6&#8243; _module_preset=&#8221;default&#8221; global_colors_info=&#8221;{}&#8221;]<\/p>\n<h2 style=\"text-align: center;\"><strong>Celtic Drinks<\/strong><\/h2>\n<p>[\/et_pb_text][et_pb_image src=&#8221;https:\/\/zomerfolk.nl\/wp-content\/uploads\/2025\/04\/Catering-Ellen-la-Faille-Photography-1-min-scaled.jpg&#8221; title_text=&#8221;Catering &#8211; Ellen la Faille Photography-1-min&#8221; align=&#8221;center&#8221; _builder_version=&#8221;4.27.6&#8243; _module_preset=&#8221;default&#8221; width=&#8221;75%&#8221; custom_margin=&#8221;-33px|||||&#8221; border_radii=&#8221;on|30px|30px|30px|30px&#8221; global_colors_info=&#8221;{}&#8221;][\/et_pb_image][et_pb_text _builder_version=&#8221;4.27.6&#8243; _module_preset=&#8221;default&#8221; custom_margin=&#8221;-22px|||||&#8221; custom_padding=&#8221;0px|||||&#8221; global_colors_info=&#8221;{}&#8221;]<\/p>\n<p style=\"text-align: center;\"><span>Belangrijke mededeling! Niks is gezelliger dan proosten met elkaar tijdens ons festival. Daarom kun je dit jaar bij de stand van <\/span><span class=\"html-span xdj266r x14z9mp xat24cr x1lziwak xexx8yu xyri2b x18d9i69 x1c1uobl x1hl2dhg x16tdsg8 x1vvkbs\"><a attributionsrc=\"\/privacy_sandbox\/comet\/register\/source\/?xt=AZZRvyrXJ9iFozfqmvmRXBQSvehAxqiSsB4Yopmq0TOsMeF5iAbGGn90MemufpNumeeRIMz8H1lVgihRyyT3V5NpbCw4SlcaYRF_bBxdwLhePk0FRS4GsRN31nXFp-4TWUOhuxsjxcNKFHZ3peF6KCHvS4ezd-YyN6lm8xr9Cw1bWTOGld0hzZ1w-GcIyIWTY40fABCIOZpMpH85olpaYF1Qts6rDoV9lfeGjgNlYnoShVt6wCP9c21Bq2fWIIs--NyBu0PcWAM5DP5h9wBrtnn4kAeoBm-tD-6ad32ia_Am8nDAmdO1567LJ3SQgTRUusbvw0iIlzfQesjYuxkE1PDzXjqtevH1uTY46tqNWV3ZQ9BNjczIs2nHMBX1c0QLoGXtowtKKf-zJfvxIApH_3fr5QQ081LNnVUkqLj-YijIWGb7gRG1P7YlNOO4GcqD1-k0BifRv4nXj4wPG4JXx1bWcS5_K8OHzP7MDShOPm1rHTrocmeD8UvKMUT25x3WCgerat3oRkotS0UFkECl531nPNBP1H3kCcroiXbva-GTanZfClAX4-ou72ogJhgJom4phnvab5lPSHR5VWOvy6uC1R7Mi0CHfTWRxCOFcLDJ-2l8GQCRjcR8vVu3hspSio7IzgVpC2f_9KdGcV323llPHvY3nuZ3mY2BnnXtffEkqTS1Id0jlMMQ0ksFnrTkj9lvk9jOmg2SEZUjCLbITk0aVs6tEDkMz60AQmMMRrP6CRa6oEtLIRE8zvT5fEdWP1wuhRbgea2raBLgBUmlVj5WOLlbYQkyuiSIwmKoJrkx2-xAD0q8G0h93ZiiS6jGNbkFRQ1JJej8cAJudAnnZsFtvLFTeESow0N8sBpxH4osOSOCghTpF7X701Xzdh9WNX5VQ987uBBwYWRZ1C6g7TzXhHak2KGa71hkJVmjIaJ5mRWe9QrCL69WC34BEpL4MYhAxGXKf338qdnSMa6gUmozwmCMfDmjOBcVsqEVrTbaL3ja-cY4YKxTZz8Dlj6eT742y_xPt4a0t0T1ENWHU0WKqvKkdBztY5gQMu2H2F0d8n12VE10RSsq5xh7qLabVDaZyCiSnYAE_NWrRVMFyv0_ZV6tFZWaYLbRwudd78Icu--2zlosobsszr2zSQqL1AqIeSboQu1-lL2hhXV-tZ9mQ95eUdUdIhGwEjJj_VzzRt_ag5yM7ABzma-s0hZnNjl9MmhLsTNPHkB5oKi1fu4tAp7gIttZScI856_pEIHNh1fL2aRa3QBa3DD04Wb_kjuNpZlQbrHy-p8BGE2ijF-R-y7TGsX-QwFbzupk6rCs9pLVf7TVeeferfVwWFqc7qMxLV-3JwiFQXQgRcoSCUTEktML1BWoYuLVCl2s8Imn9gqqq3v99GLFi1RSZ-IWk5J6pAjNJWh6xgAXWC4eszcUK9Vq6fdTgawKQGh2QNsjcxEVk7Q4RT-3qpPFHg1Ld9BEnp6ae1HT3Hk9CE8U2eoGPGXlj-vIpPV9QOlZrTEtFQ\" class=\"x1i10hfl xjbqb8w x1ejq31n x18oe1m7 x1sy0etr xstzfhl x972fbf x10w94by x1qhh985 x14e42zd x9f619 x1ypdohk xt0psk2 x3ct3a4 xdj266r x14z9mp xat24cr x1lziwak xexx8yu xyri2b x18d9i69 x1c1uobl x16tdsg8 x1hl2dhg xggy1nq x1a2a7pz xkrqix3 x1sur9pj x1fey0fg x1s688f\" href=\"https:\/\/www.facebook.com\/CelticDrinksNL?__cft__[0]=AZasmHrBTr_WiuibeZNoIs-A7o1_KS5Mjt1Qg4MsiVAesIoCkNIMenWxXYzdbDPFfS4tV6Y3Z-xUlQSeMx9l06ZXanHfw4z3moexrvcfBCmU7ilYtYZ5rj1uu1NluRvJAud8HsEGBNiM-7dDYYHIhbuLNXKkfZaxfWLtxTkDYZNZ-5qBPVD8PxYy92egHq2ziMI&amp;__tn__=-]K-R\" role=\"link\" tabindex=\"0\"><span class=\"xt0psk2\"><span class=\"xjp7ctv\"><span>Celtic Drinks<\/span><\/span><\/span><\/a><\/span><span> terecht voor de allerlekkerste medes!<\/span><\/p>\n<p>[\/et_pb_text][\/et_pb_column][et_pb_column type=&#8221;1_2&#8243; _builder_version=&#8221;4.27.6&#8243; _module_preset=&#8221;default&#8221; global_colors_info=&#8221;{}&#8221;][et_pb_text _builder_version=&#8221;4.27.6&#8243; _module_preset=&#8221;default&#8221; global_colors_info=&#8221;{}&#8221;]<\/p>\n<h2 style=\"text-align: center;\"><strong>Madame Jeannette<\/strong><\/h2>\n<p>[\/et_pb_text][et_pb_image src=&#8221;https:\/\/zomerfolk.nl\/wp-content\/uploads\/2026\/03\/Ontwerp-zonder-titel-1.png&#8221; title_text=&#8221;Ontwerp zonder titel (1)&#8221; align=&#8221;center&#8221; _builder_version=&#8221;4.27.6&#8243; _module_preset=&#8221;default&#8221; width=&#8221;75%&#8221; custom_margin=&#8221;-33px|||||&#8221; border_radii=&#8221;on|30px|30px|30px|30px&#8221; global_colors_info=&#8221;{}&#8221;][\/et_pb_image][et_pb_text _builder_version=&#8221;4.27.6&#8243; _module_preset=&#8221;default&#8221; custom_margin=&#8221;-27px|||||&#8221; custom_padding=&#8221;0px|||||&#8221; global_colors_info=&#8221;{}&#8221;]<\/p>\n<p style=\"text-align: center;\"><span><a href=\"https:\/\/madamejeannette.eu\/nl\/\">Madame Jeannette<\/a> maakt plantaardige maaltijden vanuit een zelfgebouwde mobiele keuken in een oude paarse Mercedes. Met een enorme passie en oog voor detail is mensen blij maken met lekker eten wat zij het liefste doet!<\/span><\/p>\n<p>[\/et_pb_text][\/et_pb_column][\/et_pb_row][et_pb_row column_structure=&#8221;1_2,1_2&#8243; _builder_version=&#8221;4.27.6&#8243; _module_preset=&#8221;default&#8221; global_colors_info=&#8221;{}&#8221;][et_pb_column type=&#8221;1_2&#8243; _builder_version=&#8221;4.27.6&#8243; _module_preset=&#8221;default&#8221; global_colors_info=&#8221;{}&#8221;][et_pb_text _builder_version=&#8221;4.27.6&#8243; _module_preset=&#8221;default&#8221; global_colors_info=&#8221;{}&#8221;]<\/p>\n<h2 style=\"text-align: center;\"><strong>Wodans<\/strong><\/h2>\n<p>[\/et_pb_text][et_pb_image src=&#8221;https:\/\/zomerfolk.nl\/wp-content\/uploads\/2026\/03\/55323.jpg&#8221; title_text=&#8221;55323&#8243; align=&#8221;center&#8221; _builder_version=&#8221;4.27.6&#8243; _module_preset=&#8221;default&#8221; width=&#8221;75%&#8221; custom_margin=&#8221;-29px|||||&#8221; border_radii=&#8221;on|30px|30px|30px|30px&#8221; global_colors_info=&#8221;{}&#8221;][\/et_pb_image][et_pb_text _builder_version=&#8221;4.27.6&#8243; _module_preset=&#8221;default&#8221; custom_padding=&#8221;0px|||||&#8221; global_colors_info=&#8221;{}&#8221;]<\/p>\n<div dir=\"auto\" data-olk-copy-source=\"MessageBody\" style=\"text-align: center;\">Freya\u2019s Vegans heeft een nieuw level bereikt met onze smashburger! Onze smashburger is sappig, heeft een malse bite en een subtiel rokerig karakter. Met fris gebakken uitjes, gezouten augurk, homemade saus en cheddar (ook volledig vegan mogelijk). Een stevige burger voor iedereen met berehonger.<\/div>\n<p>[\/et_pb_text][\/et_pb_column][et_pb_column type=&#8221;1_2&#8243; _builder_version=&#8221;4.27.6&#8243; _module_preset=&#8221;default&#8221; global_colors_info=&#8221;{}&#8221;][et_pb_text _builder_version=&#8221;4.27.6&#8243; _module_preset=&#8221;default&#8221; hover_enabled=&#8221;0&#8243; global_colors_info=&#8221;{}&#8221; sticky_enabled=&#8221;0&#8243;]<\/p>\n<h2 style=\"text-align: center;\"><strong>K\u00fcrt\u0151skal\u00e1cs Nederland<\/strong><\/h2>\n<p>[\/et_pb_text][et_pb_image src=&#8221;https:\/\/zomerfolk.nl\/wp-content\/uploads\/2026\/03\/Kurtoskalacs-Nederland.jpg&#8221; _builder_version=&#8221;4.27.6&#8243; _module_preset=&#8221;default&#8221; title_text=&#8221;K\u00fcrt\u0151skal\u00e1cs Nederland&#8221; width=&#8221;75%&#8221; align=&#8221;center&#8221; border_radii=&#8221;on|30px|30px|30px|30px&#8221; hover_enabled=&#8221;0&#8243; sticky_enabled=&#8221;0&#8243; custom_margin=&#8221;-16px|||||&#8221; custom_padding=&#8221;|0px|12px|||&#8221;][\/et_pb_image][et_pb_text _builder_version=&#8221;4.27.6&#8243; _module_preset=&#8221;default&#8221; hover_enabled=&#8221;0&#8243; sticky_enabled=&#8221;0&#8243;]<\/p>\n<p style=\"text-align: center;\"><span data-olk-copy-source=\"MessageBody\">K\u00fcrt\u0151skal\u00e1cs Nederland brengt een stukje authentieke Hongaars \/ Roemeense traditie mee naar Zomerfolk. Hun ambachtelijk bereide K\u00fcrt\u0151skal\u00e1cs, ook wel bekend als \u201cschoorsteenbrood\u201d, zijn een feest voor de zintuigen: krokant van buiten, luchtig en zacht van binnen en altijd vers gebakken. Er is keuze uit verschillende toppings en ze worden op verzoek warm geserveerd. Bovendienis er een lactosevrije optie. <\/span>&#8217;s Ochtends bestellen en op jouw tijd ophalen is mogelijk.<\/p>\n<p>[\/et_pb_text][\/et_pb_column][\/et_pb_row][et_pb_row _builder_version=&#8221;4.24.3&#8243; _module_preset=&#8221;default&#8221; global_colors_info=&#8221;{}&#8221;][et_pb_column type=&#8221;4_4&#8243; _builder_version=&#8221;4.24.3&#8243; _module_preset=&#8221;default&#8221; global_colors_info=&#8221;{}&#8221;][et_pb_image src=&#8221;https:\/\/zomerfolk.nl\/wp-content\/uploads\/2024\/06\/knobi-scaled.jpg&#8221; title_text=&#8221;knobi&#8221; _builder_version=&#8221;4.24.3&#8243; _module_preset=&#8221;default&#8221; border_radii=&#8221;on|30px|30px|30px|30px&#8221; global_colors_info=&#8221;{}&#8221;][\/et_pb_image][\/et_pb_column][\/et_pb_row][\/et_pb_section][et_pb_section fb_built=&#8221;1&#8243; _builder_version=&#8221;4.19.0&#8243; _module_preset=&#8221;default&#8221; custom_padding=&#8221;49px|||||&#8221; global_colors_info=&#8221;{}&#8221;][\/et_pb_section]<\/p>\n","protected":false},"excerpt":{"rendered":"<p>\u00a0Wat zullen we eten en drinken? Ons festival is een feest van ontdekkingen. Niet alleen op muzikaal gebied, maar zeker ook qua eten en drinken. Begin vast te watertanden met de eerste namen.Koek &amp; Zopie (H)eerlijke koffie met een vleugje retro! Laat je verwennen met unieke koffiecocktails. Ook voor de wat sterkere koffie en zelfs [&hellip;]<\/p>\n","protected":false},"author":1,"featured_media":0,"parent":25730,"menu_order":0,"comment_status":"closed","ping_status":"closed","template":"","meta":{"_et_pb_use_builder":"on","_et_pb_old_content":"","_et_gb_content_width":"","footnotes":""},"class_list":["post-25965","page","type-page","status-publish","hentry"],"_links":{"self":[{"href":"https:\/\/zomerfolk.nl\/de\/wp-json\/wp\/v2\/pages\/25965","targetHints":{"allow":["GET"]}}],"collection":[{"href":"https:\/\/zomerfolk.nl\/de\/wp-json\/wp\/v2\/pages"}],"about":[{"href":"https:\/\/zomerfolk.nl\/de\/wp-json\/wp\/v2\/types\/page"}],"author":[{"embeddable":true,"href":"https:\/\/zomerfolk.nl\/de\/wp-json\/wp\/v2\/users\/1"}],"replies":[{"embeddable":true,"href":"https:\/\/zomerfolk.nl\/de\/wp-json\/wp\/v2\/comments?post=25965"}],"version-history":[{"count":1,"href":"https:\/\/zomerfolk.nl\/de\/wp-json\/wp\/v2\/pages\/25965\/revisions"}],"predecessor-version":[{"id":52947,"href":"https:\/\/zomerfolk.nl\/de\/wp-json\/wp\/v2\/pages\/25965\/revisions\/52947"}],"up":[{"embeddable":true,"href":"https:\/\/zomerfolk.nl\/de\/wp-json\/wp\/v2\/pages\/25730"}],"wp:attachment":[{"href":"https:\/\/zomerfolk.nl\/de\/wp-json\/wp\/v2\/media?parent=25965"}],"curies":[{"name":"wp","href":"https:\/\/api.w.org\/{rel}","templated":true}]}}