{"id":26899,"date":"2022-03-25T12:48:03","date_gmt":"2022-03-25T11:48:03","guid":{"rendered":"https:\/\/zomerfolk.nl\/?page_id=26899"},"modified":"2023-05-30T18:53:45","modified_gmt":"2023-05-30T16:53:45","slug":"doedelzak-workshop","status":"publish","type":"page","link":"https:\/\/zomerfolk.nl\/de\/doedelzak-workshop\/","title":{"rendered":"Dudelsack-Workshop"},"content":{"rendered":"<p>Lassen Sie sich von den Kl\u00e4ngen der Pfeifen und Trommeln in die schottischen Highlands entf\u00fchren! Die Clan MacBeth Pipe Band ist ein besonderer Musikverein aus der Stadt Groningen. Seit \u00fcber 30 Jahren bringen sie leidenschaftlich Musik aus Schottland nach Groningen und Umgebung. Mit ihnen starteten einst die Myles Brothers ihre musikalische Karriere! Sie spielen auf Veranstaltungen aller Art und nehmen an zahlreichen Wettbewerben im In- und Ausland teil! Wie in den vergangenen Jahren wird die Band an beiden Tagen beim Festival vor Ort sein, um zu spielen und Workshops zu geben. Bei ihren Workshops erhalten Sie die einmalige Gelegenheit, Dudelsack zu spielen. Sie erkl\u00e4ren auch, wie Sie mit ihnen das Spielen von Dudels\u00e4cken, Snaredrums und Tenortrommeln erlernen k\u00f6nnen!<\/p>","protected":false},"excerpt":{"rendered":"<p>Laat je meeslepen naar de Schotse Hooglanden met de klanken van de pipes and drums! De Clan MacBeth Pipe Band is een bijzondere muziekvereniging uit de stad Groningen. Al ruim 30 jaar brengen zij met passie de muziek uit Schotland naar Groningen en omstreken. Bij hen zijn de Myles Brothers ooit begonnen aan hun muzikale [&hellip;]<\/p>\n","protected":false},"author":1,"featured_media":26900,"parent":0,"menu_order":0,"comment_status":"closed","ping_status":"closed","template":"","meta":{"_et_pb_use_builder":"off","_et_pb_old_content":"","_et_gb_content_width":"","footnotes":""},"class_list":["post-26899","page","type-page","status-publish","has-post-thumbnail","hentry"],"_links":{"self":[{"href":"https:\/\/zomerfolk.nl\/de\/wp-json\/wp\/v2\/pages\/26899","targetHints":{"allow":["GET"]}}],"collection":[{"href":"https:\/\/zomerfolk.nl\/de\/wp-json\/wp\/v2\/pages"}],"about":[{"href":"https:\/\/zomerfolk.nl\/de\/wp-json\/wp\/v2\/types\/page"}],"author":[{"embeddable":true,"href":"https:\/\/zomerfolk.nl\/de\/wp-json\/wp\/v2\/users\/1"}],"replies":[{"embeddable":true,"href":"https:\/\/zomerfolk.nl\/de\/wp-json\/wp\/v2\/comments?post=26899"}],"version-history":[{"count":0,"href":"https:\/\/zomerfolk.nl\/de\/wp-json\/wp\/v2\/pages\/26899\/revisions"}],"wp:featuredmedia":[{"embeddable":true,"href":"https:\/\/zomerfolk.nl\/de\/wp-json\/wp\/v2\/media\/26900"}],"wp:attachment":[{"href":"https:\/\/zomerfolk.nl\/de\/wp-json\/wp\/v2\/media?parent=26899"}],"curies":[{"name":"wp","href":"https:\/\/api.w.org\/{rel}","templated":true}]}}