{"id":27467,"date":"2022-04-20T20:00:19","date_gmt":"2022-04-20T18:00:19","guid":{"rendered":"https:\/\/zomerfolk.nl\/?page_id=27467"},"modified":"2024-05-20T16:58:57","modified_gmt":"2024-05-20T14:58:57","slug":"ierse-dans-workshop","status":"publish","type":"page","link":"https:\/\/zomerfolk.nl\/de\/ierse-dans-workshop\/","title":{"rendered":"Irischer Tanzworkshop"},"content":{"rendered":"<p>[et_pb_section fb_built=&#8221;1&#8243; _builder_version=&#8221;4.16&#8243; _module_preset=&#8221;default&#8221; global_colors_info=&#8221;{}&#8221;][et_pb_row _builder_version=&#8221;4.16&#8243; _module_preset=&#8221;default&#8221; global_colors_info=&#8221;{}&#8221;][et_pb_column type=&#8221;4_4&#8243; _builder_version=&#8221;4.16&#8243; _module_preset=&#8221;default&#8221; global_colors_info=&#8221;{}&#8221;][et_pb_image src=&#8221;https:\/\/zomerfolk.nl\/wp-content\/uploads\/2024\/05\/Workshop-Ierse-dans-Ellen-scaled.jpg&#8221; title_text=&#8221;Workshop-Ierse-dans&#8212;Ellen&#8221; align=&#8221;center&#8221; _builder_version=&#8221;4.24.3&#8243; _module_preset=&#8221;default&#8221; hover_enabled=&#8221;0&#8243; global_colors_info=&#8221;{}&#8221; width=&#8221;79%&#8221; sticky_enabled=&#8221;0&#8243;][\/et_pb_image][\/et_pb_column][\/et_pb_row][et_pb_row column_structure=&#8221;1_2,1_2&#8243; _builder_version=&#8221;4.16&#8243; _module_preset=&#8221;default&#8221; global_colors_info=&#8221;{}&#8221;][et_pb_column type=&#8221;1_2&#8243; _builder_version=&#8221;4.16&#8243; _module_preset=&#8221;default&#8221; global_colors_info=&#8221;{}&#8221;][et_pb_text _builder_version=&#8221;4.16&#8243; _module_preset=&#8221;default&#8221; global_colors_info=&#8221;{}&#8221;]Heb je altijd al de beginselen van de prachtige Ierse jigs en reels willen leren? Leer dan van niemand minder dan Rosalie Wagenaar van de Rose Irish Dance School tijdens de workshops op Zomerfolk! Rosalie danst al meer dan 13 jaar bij Rapalje en is daarnaast eigenaresse van de succesvolle dansschool &#8216;Rose Irish Dance School&#8217; . Ze is sinds 2014 \u00e9\u00e9n van de vijf gediplomeerde docenten Ierse Dans in Nederland (voor organisatie CLRG). Verder is Rosalie \u00e9\u00e9n van de gelukkigen die drie jaar achter elkaar mocht deelnemen aan de befaamde<br \/>\n[\/et_pb_text][\/et_pb_column][et_pb_column type=&#8221;1_2&#8243; _builder_version=&#8221;4.16&#8243; _module_preset=&#8221;default&#8221; global_colors_info=&#8221;{}&#8221;][et_pb_text _builder_version=&#8221;4.16&#8243; _module_preset=&#8221;default&#8221; global_colors_info=&#8221;{}&#8221;]Riverdance Trinity College International Summer School.<br \/>\nDe Rose Irish Dance School heeft bovendien al veel bijzondere optredens mogen doen, waaronder bij Najib &amp; Jandino Live in De Kuip, het tv-programma Circus Gerschtanowitz, de Nationale Taptoe in Ahoy en Belgium&#8217;s Got Talent. Voor de workshops op Zomerfolk is geen danservaring vereist, het is gratis en geschikt voor alle leeftijden. Laat je meevoeren naar Ierland door de vrolijke groepsdansen, waarbij plezier met elkaar voorop staat!<br \/>\n[\/et_pb_text][\/et_pb_column][\/et_pb_row][\/et_pb_section]<\/p>\n","protected":false},"excerpt":{"rendered":"<p>Heb je altijd al de beginselen van de prachtige Ierse jigs en reels willen leren? Leer dan van niemand minder dan Rosalie Wagenaar van de Rose Irish Dance School tijdens de workshops op Zomerfolk! Rosalie danst al meer dan 13 jaar bij Rapalje en is daarnaast eigenaresse van de succesvolle dansschool &#8216;Rose Irish Dance School&#8217; [&hellip;]<\/p>\n","protected":false},"author":1,"featured_media":27479,"parent":0,"menu_order":0,"comment_status":"closed","ping_status":"closed","template":"","meta":{"_et_pb_use_builder":"on","_et_pb_old_content":"","_et_gb_content_width":"","footnotes":""},"class_list":["post-27467","page","type-page","status-publish","has-post-thumbnail","hentry"],"_links":{"self":[{"href":"https:\/\/zomerfolk.nl\/de\/wp-json\/wp\/v2\/pages\/27467","targetHints":{"allow":["GET"]}}],"collection":[{"href":"https:\/\/zomerfolk.nl\/de\/wp-json\/wp\/v2\/pages"}],"about":[{"href":"https:\/\/zomerfolk.nl\/de\/wp-json\/wp\/v2\/types\/page"}],"author":[{"embeddable":true,"href":"https:\/\/zomerfolk.nl\/de\/wp-json\/wp\/v2\/users\/1"}],"replies":[{"embeddable":true,"href":"https:\/\/zomerfolk.nl\/de\/wp-json\/wp\/v2\/comments?post=27467"}],"version-history":[{"count":0,"href":"https:\/\/zomerfolk.nl\/de\/wp-json\/wp\/v2\/pages\/27467\/revisions"}],"wp:featuredmedia":[{"embeddable":true,"href":"https:\/\/zomerfolk.nl\/de\/wp-json\/wp\/v2\/media\/27479"}],"wp:attachment":[{"href":"https:\/\/zomerfolk.nl\/de\/wp-json\/wp\/v2\/media?parent=27467"}],"curies":[{"name":"wp","href":"https:\/\/api.w.org\/{rel}","templated":true}]}}