{"id":27876,"date":"2022-05-09T13:27:19","date_gmt":"2022-05-09T11:27:19","guid":{"rendered":"https:\/\/zomerfolk.nl\/?page_id=27876"},"modified":"2022-05-09T13:27:19","modified_gmt":"2022-05-09T11:27:19","slug":"the-freelancers","status":"publish","type":"page","link":"https:\/\/zomerfolk.nl\/de\/the-freelancers\/","title":{"rendered":"Die Freiberufler"},"content":{"rendered":"<p><img loading=\"lazy\" decoding=\"async\" class=\"alignnone size-large wp-image-27936\" src=\"https:\/\/zomerfolk.nl\/wp-content\/uploads\/2022\/05\/freelancers-6-1-1024x576.jpg\" alt=\"\" width=\"1024\" height=\"576\" srcset=\"https:\/\/zomerfolk.nl\/wp-content\/uploads\/2022\/05\/freelancers-6-1-980x551.jpg 980w, https:\/\/zomerfolk.nl\/wp-content\/uploads\/2022\/05\/freelancers-6-1-480x270.jpg 480w\" sizes=\"(min-width: 0px) and (max-width: 480px) 480px, (min-width: 481px) and (max-width: 980px) 980px, (min-width: 981px) 1024px, 100vw\" \/><\/p>\n<p style=\"text-align: center;\">The Freelancers ist eine dreik\u00f6pfige Band aus Groningen, NL. Die Musik ist eine Mischung aus Folk, Rock und Originalmaterial, gespielt mit Bodhran, Gitarren und Violine und begleitet von harmonischem Gesang. Die Live-Shows zelebrieren Humor, Leidenschaft und feurige Musik.<\/p>\n<p style=\"text-align: center;\">Geboren in Dublin und aufgewachsen im Norden der Innenstadt, entwickelte Gerry schon fr\u00fch ein Interesse an Musik, gef\u00f6rdert durch den jungen Phil Lynnott (Thin Lizzy) und andere. Gerry wurde f\u00fcr seine au\u00dfergew\u00f6hnliche Stimme bekannt und entwickelte sie in den 1970er Jahren, indem er mit Bands wie U2 und The Boomtown Rats auf der B\u00fchne spielte. Er kam Anfang der 1980er Jahre nach Deutschland und spielte im Irish Pub Circuit.<\/p>\n<p style=\"text-align: center;\">Sebastiaan Hidding (Wagenborgen, Niederlande) ist ein sehr talentierter Geiger und S\u00e4nger mit einem einzigartigen und sensiblen Musikstil, der ihm hilft, sich bei der Auff\u00fchrung vollst\u00e4ndig in die Musik zu vertiefen, anstatt nur die Bewegungen durchzugehen. Sebastiaans Stimme ist auch eine Kraft, mit der man rechnen muss, und verleiht der Gesangsarbeit der Bands, in denen er spielt, wieder einmal eine tiefere Dimension.<\/p>\n<p style=\"text-align: center;\">Seine Erfahrungen als Busschaffner in den 46A-Bussen in Dublin haben den Stil von Peters Bodhranspiel stark beeinflusst. Dieser Musiker im Herzen h\u00f6rt nur auf zu reden, um ein Gedicht zu rezitieren oder ein verr\u00fccktes Lied zu singen \u2026 Peter ist ein fantastischer und vielseitiger Musiker. Er ist Miteigent\u00fcmer des O&#039;Ceallaigh Irish Pub in Groningen, dem Ort, an dem alles f\u00fcr Rapaljes keltische Volksmusik begann. Die Freelancers spielen oft in der Kneipe f\u00fcr diejenigen, die wie wir nicht genug von dieser gro\u00dfartigen Band bekommen k\u00f6nnen!<\/p>\n<p style=\"text-align: center;\"><iframe loading=\"lazy\" style=\"border: none; overflow: hidden;\" src=\"https:\/\/www.facebook.com\/plugins\/video.php?height=314&amp;href=https%3A%2F%2Fwww.facebook.com%2Fzomerfolk%2Fvideos%2F1795029804138888%2F&amp;show_text=false&amp;width=560&amp;t=0\" width=\"560\" height=\"314\" frameborder=\"0\" scrolling=\"no\" allowfullscreen=\"allowfullscreen\"><\/iframe><\/p>","protected":false},"excerpt":{"rendered":"<p>The Freelancers is een 3-koppige band gevestigd in Groningen, NL. De muziek is een mengelmoes van folk, rock en origineel materiaal gespeeld met bodhran, gitaren en viool en begeleid door harmonieuze zang. De liveshows zijn een feest van humor, passie en vurige muziek. Gerry werd geboren in Dublin en groeide op aan de noordkant van [&hellip;]<\/p>\n","protected":false},"author":1,"featured_media":0,"parent":0,"menu_order":0,"comment_status":"closed","ping_status":"closed","template":"","meta":{"_et_pb_use_builder":"","_et_pb_old_content":"","_et_gb_content_width":"","footnotes":""},"class_list":["post-27876","page","type-page","status-publish","hentry"],"_links":{"self":[{"href":"https:\/\/zomerfolk.nl\/de\/wp-json\/wp\/v2\/pages\/27876","targetHints":{"allow":["GET"]}}],"collection":[{"href":"https:\/\/zomerfolk.nl\/de\/wp-json\/wp\/v2\/pages"}],"about":[{"href":"https:\/\/zomerfolk.nl\/de\/wp-json\/wp\/v2\/types\/page"}],"author":[{"embeddable":true,"href":"https:\/\/zomerfolk.nl\/de\/wp-json\/wp\/v2\/users\/1"}],"replies":[{"embeddable":true,"href":"https:\/\/zomerfolk.nl\/de\/wp-json\/wp\/v2\/comments?post=27876"}],"version-history":[{"count":0,"href":"https:\/\/zomerfolk.nl\/de\/wp-json\/wp\/v2\/pages\/27876\/revisions"}],"wp:attachment":[{"href":"https:\/\/zomerfolk.nl\/de\/wp-json\/wp\/v2\/media?parent=27876"}],"curies":[{"name":"wp","href":"https:\/\/api.w.org\/{rel}","templated":true}]}}