{"id":28424,"date":"2022-05-23T17:05:03","date_gmt":"2022-05-23T15:05:03","guid":{"rendered":"https:\/\/zomerfolk.nl\/?page_id=28424"},"modified":"2024-03-18T14:41:01","modified_gmt":"2024-03-18T13:41:01","slug":"fling","status":"publish","type":"page","link":"https:\/\/zomerfolk.nl\/de\/fling\/","title":{"rendered":"schleudern"},"content":{"rendered":"<header class=\"page-header\"><\/header>\n<div class=\"page-content\">\n<p><img loading=\"lazy\" decoding=\"async\" class=\"alignnone size-large wp-image-41501 aligncenter\" src=\"https:\/\/zomerfolk.nl\/wp-content\/uploads\/2024\/03\/Fling4-1024x581.jpg\" alt=\"\" width=\"1024\" height=\"581\" srcset=\"https:\/\/zomerfolk.nl\/wp-content\/uploads\/2024\/03\/Fling4-980x556.jpg 980w, https:\/\/zomerfolk.nl\/wp-content\/uploads\/2024\/03\/Fling4-480x272.jpg 480w\" sizes=\"(min-width: 0px) and (max-width: 480px) 480px, (min-width: 481px) and (max-width: 980px) 980px, (min-width: 981px) 1024px, 100vw\" \/><\/p>\n<p style=\"margin: 0cm; text-align: center;\"><b><span style=\"font-size: 9.0pt; font-family: 'Arial',sans-serif;\">schleudern<\/span><\/b><span style=\"font-size: 9.0pt; font-family: 'Arial',sans-serif;\"> nimmt die Musik direkt aus Irland. Aus dem rauen Donegal, weit weg vom L\u00e4rm der Gro\u00dfstadt. Hinter magischen Steinhaufen und Torffeuern, unter grauen Bergen, im Wohnzimmer, in der Kneipe oder an einer Kreuzung; dort findet man noch immer die unverf\u00e4lschte Tradition des Teilens und Weitergebens von Musik. Genie\u00dfen Sie die melancholischen Kl\u00e4nge der irischen Uilleann-Pfeifen, die direkt aus dem Herzen singen, die wilde Donegal-Geige, die klar klingenden Streicher und den Ruf der wilden Holzfl\u00f6te. Tr\u00e4umen Sie f\u00fcr einen Moment mit wundersch\u00f6nen Balladen und Geschichten \u00fcber gefrorene Entdecker, nackte R\u00e4uber, fallende Jungfrauen, ertrunkene B\u00fccher und singende Schw\u00e4ne ...<\/span><\/p>\n<p style=\"margin: 0cm; background: white; font-variant: normal; font-stretch: normal; font-kerning: auto; font-feature-settings: normal; font-optical-sizing: auto; font-variation-settings: normal; text-align: center;\"><b><span style=\"font-size: 9.0pt; font-family: 'Arial',sans-serif; color: #070707;\">Annemarie de Bie<\/span><\/b><span style=\"font-size: 9.0pt; font-family: 'Arial',sans-serif; color: #070707;\"> gilt als einer der f\u00fchrenden S\u00e4nger des Genres. Sie ist international bekannt und gilt als Autorit\u00e4t, ist daher auch als Lehrerin gefragt und hat unz\u00e4hlige Workshops gegeben. Neben ihrem kraftvollen, lyrischen und wundersch\u00f6nen Gesang ist sie in diesem Programm auch auf der irischen Holzfl\u00f6te, der Bodhr\u00e1n (irische Trommel) und der Gitarre zu h\u00f6ren.<\/span><\/p>\n<p style=\"margin: 0cm; background: white; font-variant: normal; font-stretch: normal; font-kerning: auto; font-feature-settings: normal; font-optical-sizing: auto; font-variation-settings: normal; text-align: center;\"><b><span style=\"font-size: 9.0pt; font-family: 'Arial',sans-serif; color: #070707;\">Evertjan &#039;t Hart <\/span><\/b><span style=\"font-size: 9.0pt; font-family: 'Arial',sans-serif; color: #070707;\">Ist<b> <\/b>Gr\u00fcnder und Arrangeur von Fling und verantwortlich f\u00fcr den unnachahmlichen, bewegenden und einzigartigen Sound der Band. Er spielt die magischen Uilleann Pipes (irische Dudels\u00e4cke) und ist neben seiner T\u00e4tigkeit als Spieler auch als Konstrukteur des Instruments weit \u00fcber die Grenzen hinaus bekannt. Neben den Uilleann Pipes spielt er auch Whistles und Bouzouki. Evertjan war als Solist im VPRO-Programm \u201eFree Sounds\u201c und im \u201ePodium Witteman\u201c der NTR zu Gast.<\/span><\/p>\n<p style=\"margin: 0cm; font-variant: normal; font-stretch: normal; font-kerning: auto; font-feature-settings: normal; font-optical-sizing: auto; font-variation-settings: normal; text-align: center;\"><b><span style=\"font-size: 9.0pt; font-family: 'Arial',sans-serif; color: #070707;\">Anna Marije van der Leest<\/span><\/b><span style=\"font-size: 9.0pt; font-family: 'Arial',sans-serif; color: #070707;\"> k\u00fcmmert sich um einen kraftvollen Geigenpart und die zweite Stimme. Anna Marije spielt seit Jahren traditionellen Folk in den Niederlanden, Schottland und Irland. Der raue Donegal-Stil ihres Geigenspiels sorgt f\u00fcr einen spannenden Drive und verleiht Flings Musik zusammen mit ihren wundersch\u00f6nen Zweitstimmen eine besondere Tiefe.<\/span><\/p>\n<p style=\"margin: 0cm; font-variant: normal; font-stretch: normal; font-kerning: auto; font-feature-settings: normal; font-optical-sizing: auto; font-variation-settings: normal; text-align: center;\"><b><span style=\"font-size: 9.0pt; font-family: 'Arial',sans-serif; color: #0e121d;\">Kaspar Laval\u00a0<\/span><\/b><span style=\"font-size: 9.0pt; font-family: 'Arial',sans-serif; color: #070707;\">ist international bekannt f\u00fcr sein kristallklares und rhythmisches Bouzouki-Spiel und geh\u00f6rt laut New Folk Sounds zur \u201eabsoluten Spitze des Low Country Folk\u201c. Seine unwiderstehlichen \u201eKlanglandschaften\u201c in Flings Arrangements ziehen den Zuh\u00f6rer unweigerlich mitten in die Musik hinein.<\/span><\/p>\n<p>&nbsp;<\/p>\n<\/div>\n<p style=\"text-align: center;\"><iframe loading=\"lazy\" title=\"YouTube-Videoplayer\" src=\"https:\/\/www.youtube.com\/embed\/FlAvLsKE27g?si=ni2Ax55paCa580Lz\" width=\"560\" height=\"315\" frameborder=\"0\" allowfullscreen=\"allowfullscreen\"><\/iframe><\/p>","protected":false},"excerpt":{"rendered":"<p>Fling haalt de muziek regelrecht uit Ierland. Van het ruige land van Donegal, ver weg van het rumoer van de grote stad. Vanachter magische steenhopen en turfvuren, onder grijze bergen, in de huiskamer, de pub of een kruising van wegen; daar vind je nog de onversneden traditie van muziek delen en doorgeven. Geniet van de [&hellip;]<\/p>\n","protected":false},"author":1,"featured_media":0,"parent":0,"menu_order":0,"comment_status":"closed","ping_status":"closed","template":"","meta":{"_et_pb_use_builder":"","_et_pb_old_content":"","_et_gb_content_width":"","footnotes":""},"class_list":["post-28424","page","type-page","status-publish","hentry"],"_links":{"self":[{"href":"https:\/\/zomerfolk.nl\/de\/wp-json\/wp\/v2\/pages\/28424","targetHints":{"allow":["GET"]}}],"collection":[{"href":"https:\/\/zomerfolk.nl\/de\/wp-json\/wp\/v2\/pages"}],"about":[{"href":"https:\/\/zomerfolk.nl\/de\/wp-json\/wp\/v2\/types\/page"}],"author":[{"embeddable":true,"href":"https:\/\/zomerfolk.nl\/de\/wp-json\/wp\/v2\/users\/1"}],"replies":[{"embeddable":true,"href":"https:\/\/zomerfolk.nl\/de\/wp-json\/wp\/v2\/comments?post=28424"}],"version-history":[{"count":0,"href":"https:\/\/zomerfolk.nl\/de\/wp-json\/wp\/v2\/pages\/28424\/revisions"}],"wp:attachment":[{"href":"https:\/\/zomerfolk.nl\/de\/wp-json\/wp\/v2\/media?parent=28424"}],"curies":[{"name":"wp","href":"https:\/\/api.w.org\/{rel}","templated":true}]}}