{"id":28782,"date":"2022-05-28T19:02:25","date_gmt":"2022-05-28T17:02:25","guid":{"rendered":"https:\/\/zomerfolk.nl\/?page_id=28782"},"modified":"2022-06-02T12:04:30","modified_gmt":"2022-06-02T10:04:30","slug":"william","status":"publish","type":"page","link":"https:\/\/zomerfolk.nl\/de\/william\/","title":{"rendered":"Wilhelm"},"content":{"rendered":"<p style=\"text-align: center;\"><img loading=\"lazy\" decoding=\"async\" class=\"alignnone size-large wp-image-28783\" src=\"https:\/\/zomerfolk.nl\/wp-content\/uploads\/2022\/05\/0C8A5982-1024x687.jpg\" alt=\"\" width=\"1024\" height=\"687\" srcset=\"https:\/\/zomerfolk.nl\/wp-content\/uploads\/2022\/05\/0C8A5982-980x658.jpg 980w, https:\/\/zomerfolk.nl\/wp-content\/uploads\/2022\/05\/0C8A5982-480x322.jpg 480w\" sizes=\"(min-width: 0px) and (max-width: 480px) 480px, (min-width: 481px) and (max-width: 980px) 980px, (min-width: 981px) 1024px, 100vw\" \/><\/p>\n<div class=\"\" data-block=\"true\" data-editor=\"191va\" data-offset-key=\"fvacl-0-0\">\n<div class=\"_1mf _1mj\" style=\"text-align: center;\" data-offset-key=\"fvacl-0-0\"><span data-offset-key=\"fvacl-0-0\">Nat\u00fcrlich kennen wir alle William aus Rapalje. Auch als Solok\u00fcnstler ist er sehr erfolgreich auf der Stra\u00dfe, Hochzeiten und diversen Events. Er hat bereits mehrere CDs ver\u00f6ffentlicht, von denen die neueste, Rose of Germany, w\u00e4hrend der Zomerfolk im offiziellen Rapalje-Merchandising erh\u00e4ltlich sein wird. <\/span><\/div>\n<\/div>\n<div class=\"\" style=\"text-align: center;\" data-block=\"true\" data-editor=\"191va\" data-offset-key=\"e04av-0-0\">\n<div class=\"_1mf _1mj\" data-offset-key=\"e04av-0-0\"><span data-offset-key=\"e04av-0-0\">\u00a0<\/span><\/div>\n<\/div>\n<div class=\"\" data-block=\"true\" data-editor=\"191va\" data-offset-key=\"dpnub-0-0\">\n<div class=\"_1mf _1mj\" style=\"text-align: center;\" data-offset-key=\"dpnub-0-0\"><span data-offset-key=\"dpnub-0-0\">In diesem Jahr wird er sowohl am Samstag als auch am Sonntag einen intimen Auftritt auf der Kneipenb\u00fchne geben. Das Publikum, das 2016 dabei war, wei\u00df auch, dass die Chancen gut stehen, dass er zwei besondere Gastmusiker mitbringt.<\/span><\/div>\n<\/div>\n<p style=\"text-align: center;\"><iframe loading=\"lazy\" title=\"YouTube-Videoplayer\" src=\"https:\/\/www.youtube.com\/embed\/cxoxDBWAFUI\" width=\"560\" height=\"315\" frameborder=\"0\" allowfullscreen=\"allowfullscreen\"><\/iframe><\/p>","protected":false},"excerpt":{"rendered":"<p>William kennen we natuurlijk allemaal van Rapalje. Ook als solo artiest is hij erg succesvol op straat, bruiloften en verschillende evenementen. Hij heeft al verschillende cd\u2019s uitgebracht waarvan de meest recente, Rose of Germany, tijdens Zomerfolk verkrijgbaar zal zijn bij de offici\u00eble Rapalje merchandise. \u00a0 Dit jaar zal hij zowel zaterdag als zondag een intiem [&hellip;]<\/p>\n","protected":false},"author":1,"featured_media":0,"parent":0,"menu_order":0,"comment_status":"closed","ping_status":"closed","template":"","meta":{"_et_pb_use_builder":"","_et_pb_old_content":"","_et_gb_content_width":"","footnotes":""},"class_list":["post-28782","page","type-page","status-publish","hentry"],"_links":{"self":[{"href":"https:\/\/zomerfolk.nl\/de\/wp-json\/wp\/v2\/pages\/28782","targetHints":{"allow":["GET"]}}],"collection":[{"href":"https:\/\/zomerfolk.nl\/de\/wp-json\/wp\/v2\/pages"}],"about":[{"href":"https:\/\/zomerfolk.nl\/de\/wp-json\/wp\/v2\/types\/page"}],"author":[{"embeddable":true,"href":"https:\/\/zomerfolk.nl\/de\/wp-json\/wp\/v2\/users\/1"}],"replies":[{"embeddable":true,"href":"https:\/\/zomerfolk.nl\/de\/wp-json\/wp\/v2\/comments?post=28782"}],"version-history":[{"count":0,"href":"https:\/\/zomerfolk.nl\/de\/wp-json\/wp\/v2\/pages\/28782\/revisions"}],"wp:attachment":[{"href":"https:\/\/zomerfolk.nl\/de\/wp-json\/wp\/v2\/media?parent=28782"}],"curies":[{"name":"wp","href":"https:\/\/api.w.org\/{rel}","templated":true}]}}