{"id":29526,"date":"2022-06-03T13:02:31","date_gmt":"2022-06-03T11:02:31","guid":{"rendered":"https:\/\/zomerfolk.nl\/?page_id=29526"},"modified":"2022-06-03T13:07:18","modified_gmt":"2022-06-03T11:07:18","slug":"sunfire","status":"publish","type":"page","link":"https:\/\/zomerfolk.nl\/de\/sunfire\/","title":{"rendered":"Sonnenfeuer"},"content":{"rendered":"<p style=\"text-align: center;\"><img loading=\"lazy\" decoding=\"async\" class=\"alignnone size-large wp-image-29527\" src=\"https:\/\/zomerfolk.nl\/wp-content\/uploads\/2022\/06\/band-pic-with-name-low-res-1024x682.jpg\" alt=\"\" width=\"1024\" height=\"682\" srcset=\"https:\/\/zomerfolk.nl\/wp-content\/uploads\/2022\/06\/band-pic-with-name-low-res-1024x682.jpg 1024w, https:\/\/zomerfolk.nl\/wp-content\/uploads\/2022\/06\/band-pic-with-name-low-res-980x653.jpg 980w, https:\/\/zomerfolk.nl\/wp-content\/uploads\/2022\/06\/band-pic-with-name-low-res-480x320.jpg 480w\" sizes=\"(min-width: 0px) and (max-width: 480px) 480px, (min-width: 481px) and (max-width: 980px) 980px, (min-width: 981px) 1024px, 100vw\" \/><\/p>\n<p style=\"text-align: center;\">Die Musik von Sunfire f\u00fchlt sich an wie die Sonora-W\u00fcste, unber\u00fchrt, hei\u00df, wild und unberechenbar.<\/p>\n<p style=\"text-align: center;\">Ihr Western Folk ist eine Mischung aus Folk, Roots Rock, Americana und Bluegrass in einem unverwechselbaren Sound. Erwarten Sie w\u00e4hrend ihrer Auftritte einen \u00fcberraschend sch\u00f6nen Rocksound, rohe Kanten und unwiderstehliche Rhythmen und Melodien. Teilweise aus diesem Grund entwickelte sich Sunfire zu einem beliebten und einzigartigen Live-Act. Auf ihren vielen Wanderungen hat die Band bereits einige bekannte Pop-Locations besucht und auf vielen Festivals in Europa gespielt.<\/p>\n<p style=\"text-align: center;\">Eine Sunfire-Show garantiert ein energiegeladenes Erlebnis mit viel musikalischer Gewalt, bei dem ein beil\u00e4ufiger Walzer nicht gescheut wird. Bei einer Sunfire-Auff\u00fchrung werden Sie sich wie in einem alten Western f\u00fchlen, also ziehen Sie Ihren Hut aus den Mottenkugeln und schnappen Sie sich Ihr Lasso! Und mit etwas Fantasie k\u00f6nnen Sie die Kuhhirten von Sunfire schon von weitem galoppieren h\u00f6ren.<\/p>\n<p style=\"text-align: center;\">Das Line-up dieser Outlaw-Band aus Den Haag besteht aus der Leads\u00e4ngerin Satria Karsono an Banjo und Gitarre, der Geigerin Sophie Zaaijer, Berend de Vries an der E-Gitarre, dem Schlagzeuger Jeroen van Leeuwen und Michel Beeckman am Bass.<\/p>\n<blockquote><p>\u00a0\u201eGleich zweimal, am Freitag und am Samstag, war Sunfire auf der Mystic-Stage zu finden. Der lustige F\u00fcnfer sorgte f\u00fcr eine tolle Stimmung unter den Anwesenden. Ehrlich, wie der Wilde Westen, so k\u00f6nnte man diese Gruppe am besten beschreiben. Mit guter Laune und tanzbaren Rhythmen bewaffnet, spielten sie sich direkt in die Herzen des Publikums. Viele Leute kommen sogar mehr als einmal zu den Shows dieser Musiker. Hier wurde nicht nur feinster Alternative-Western-Folk geboten, sondern auch eine am\u00fcsante und entz\u00fcckende Show. <strong>Music Ghouls, Michaela Maurer, Auftritt beim Autumn Moon Festival Oktober 2019 (DE)<\/strong><\/p>\n<p>Aber bevor der n\u00e4chste Act auf dem Hofplaats beginnt, bewegen wir uns in Richtung Hofvijver, um zu sehen, wie das in Den Haag ans\u00e4ssige Sunfire die Nacht beginnt. Auf der B\u00fchne angekommen und die ersten T\u00f6ne der Band zu h\u00f6ren, ist der erste Gedanke: \u201eWas f\u00fcr ein cooler Act zum Auftakt.\u201c<br \/>\nAbgesehen davon, dass der Western-Folk so gut gemacht ist, ist die Menge definitiv begeistert. Das Publikum ist sichtlich aufgew\u00e4rmt, alle klatschen und tanzen begeistert. Um fair zu sein, der ansteckende Rhythmus, den die Band abgibt, macht es wirklich schwer, die F\u00fc\u00dfe still zu halten. Gegen Ende ihres Sets wird deutlich, dass die Menge noch nicht genug hat. Den Organisatoren bleibt nichts anderes \u00fcbrig, als diesen F\u00fcnfer weiter spielen zu lassen. Der letzte Song ist eine gro\u00dfe Party, Performer Paul van Vliet bewegt seine H\u00fcften, und ein Crowdsurfer ist das Sahneh\u00e4ubchen. Was f\u00fcr ein toller Start in die Nacht!<strong>\u00a0\u00a0<\/strong><strong>3voor12, Nikke Born, Festival Das Leben, das ich lebe 2019 (NL)<\/strong><\/p>\n<p>Ein energiegeladener Sound, der s\u00fcchtig macht. Partyl\u00f6wen bekommen einen Juckreiz, k\u00f6nnen nicht widerstehen, die Beine beginnen zu tanzen, der Staub steigt von der Tanzfl\u00e4che auf und tr\u00fcbt die Anwesenden. Wem das keinen Spa\u00df macht, ist hirntot.\u00a0<strong>Volksmagazin 2019 (BE)<\/strong><\/p><\/blockquote>\n<blockquote><p>\u00a0Sunfire bringt uns eine wirklich aufregende, rohe, swingende CD. Ein Album von internationaler Klasse.\u00a0<b>Blues-Magazin 2019 (NL)<\/b><\/p><\/blockquote>\n<blockquote><p>\u00a0Ein wunderbarer \u2013 und wunderbar gelungener \u2013 Mix aus Bluegrass, Folk, Country und Rock, der mitunter eine Art zentrifugale Intensit\u00e4t besitzt. Auch die ruhigen Stellen sind schwer zu verschm\u00e4hen. Das bestgeh\u00fctete Geheimnis der Niederlande? Dieses zweite Album des Quintetts Sunfire zeigte sich ruhig, obwohl es in puncto Originalit\u00e4t und Einfallsreichtum die Konkurrenz in jedem Genre aus dem Wasser bl\u00e4st. Bewertung: 5 von 5 Sternen,\u00a0<b>Lebenslust 2019 (NL)<\/b><\/p><\/blockquote>\n<blockquote><p>\u00a0Sunfire ist eine Band, die kurz vor dem internationalen Durchbruch steht. Diese CD ist genauso gut wie ihre Liveshows. Wer also Sunfire live gesehen und geliebt hat, der kann dieses Album blind kaufen. Sie werden nicht entt\u00e4uscht sein.\u00a0<b>Cliff de Booij, CeltCast-Radio 2019 (NL)<\/b><\/p><\/blockquote>\n<blockquote><p>\u00a0Die Songs basieren lose auf einem Wild-West-Thema und den harten Zeiten und dem traurigen Leben, das die Bewohner der mythischen Sinner&#039;s Town bewohnen. Durchweg gibt es eine Energie und Lebendigkeit im Spiel. Ansprechend und f\u00fcr jeden Geschmack etwas dabei.\u00a0<b>Einsamer Highway 2019 (IE)<\/b><\/p><\/blockquote>\n<p style=\"text-align: center;\"><iframe loading=\"lazy\" title=\"YouTube-Videoplayer\" src=\"https:\/\/www.youtube.com\/embed\/D6Xmc4ewNsQ\" width=\"560\" height=\"315\" frameborder=\"0\" allowfullscreen=\"allowfullscreen\"><\/iframe><\/p>","protected":false},"excerpt":{"rendered":"<p>De muziek van Sunfire voelt als de Sonora woestijn, ongerept, heet, woest en onvoorspelbaar. Hun Western Folk is een blend van Folk, Roots Rock, Americana en Bluegrass gegoten in een onmiskenbaar eigen geluid. Verwacht een verrassend lekkere rock sound, rauwe randjes, en onweerstaanbare ritmes en melodie\u00ebn tijdens hun optredens. Mede hierdoor groeide Sunfire uit tot [&hellip;]<\/p>\n","protected":false},"author":1,"featured_media":0,"parent":0,"menu_order":0,"comment_status":"closed","ping_status":"closed","template":"","meta":{"_et_pb_use_builder":"","_et_pb_old_content":"","_et_gb_content_width":"","footnotes":""},"class_list":["post-29526","page","type-page","status-publish","hentry"],"_links":{"self":[{"href":"https:\/\/zomerfolk.nl\/de\/wp-json\/wp\/v2\/pages\/29526","targetHints":{"allow":["GET"]}}],"collection":[{"href":"https:\/\/zomerfolk.nl\/de\/wp-json\/wp\/v2\/pages"}],"about":[{"href":"https:\/\/zomerfolk.nl\/de\/wp-json\/wp\/v2\/types\/page"}],"author":[{"embeddable":true,"href":"https:\/\/zomerfolk.nl\/de\/wp-json\/wp\/v2\/users\/1"}],"replies":[{"embeddable":true,"href":"https:\/\/zomerfolk.nl\/de\/wp-json\/wp\/v2\/comments?post=29526"}],"version-history":[{"count":0,"href":"https:\/\/zomerfolk.nl\/de\/wp-json\/wp\/v2\/pages\/29526\/revisions"}],"wp:attachment":[{"href":"https:\/\/zomerfolk.nl\/de\/wp-json\/wp\/v2\/media?parent=29526"}],"curies":[{"name":"wp","href":"https:\/\/api.w.org\/{rel}","templated":true}]}}