{"id":29530,"date":"2022-06-03T13:26:44","date_gmt":"2022-06-03T11:26:44","guid":{"rendered":"https:\/\/zomerfolk.nl\/?page_id=29530"},"modified":"2022-06-03T13:26:44","modified_gmt":"2022-06-03T11:26:44","slug":"steady-maverick","status":"publish","type":"page","link":"https:\/\/zomerfolk.nl\/de\/steady-maverick\/","title":{"rendered":"Stetiger Maverick"},"content":{"rendered":"<p><img loading=\"lazy\" decoding=\"async\" class=\"alignnone size-large wp-image-29531\" src=\"https:\/\/zomerfolk.nl\/wp-content\/uploads\/2022\/06\/A801BC88691B4445A78229152A624872-1024x683.jpg\" alt=\"\" width=\"1024\" height=\"683\" srcset=\"https:\/\/zomerfolk.nl\/wp-content\/uploads\/2022\/06\/A801BC88691B4445A78229152A624872-1024x683.jpg 1024w, https:\/\/zomerfolk.nl\/wp-content\/uploads\/2022\/06\/A801BC88691B4445A78229152A624872-980x654.jpg 980w, https:\/\/zomerfolk.nl\/wp-content\/uploads\/2022\/06\/A801BC88691B4445A78229152A624872-480x320.jpg 480w\" sizes=\"(min-width: 0px) and (max-width: 480px) 480px, (min-width: 481px) and (max-width: 980px) 980px, (min-width: 981px) 1024px, 100vw\" \/><\/p>\n<p style=\"text-align: center;\">Steady Maverick ist ein Blues\/Americana-Singer-Songwriter aus Hoogkerk, Groningen. Seit 1998 ist er als S\u00e4nger und Gitarrist der Bands Tyler&#039;s Gone (Gewinner Pop Groningen Talent Award 2011) und Shabby Cabs bekannt. Steady Maverick ist eine mit F\u00fc\u00dfen stampfende Ein-Mann-Band mit einer sch\u00f6nen rohen Kante. Er spielt eine elektrisch-akustische Westerngitarre, Blues-Mundharmonikas und trommelt mit den F\u00fc\u00dfen. Und mit seiner erfahrenen Stimme nimmt er Sie mit auf eine Reise, die Sie nicht missen m\u00f6chten.<\/p>\n<p style=\"text-align: center;\">\n<iframe loading=\"lazy\" title=\"YouTube-Videoplayer\" src=\"https:\/\/www.youtube.com\/embed\/ZThv1RNzxF8\" width=\"560\" height=\"315\" frameborder=\"0\" allowfullscreen=\"allowfullscreen\"><\/iframe><\/p>","protected":false},"excerpt":{"rendered":"<p>Steady Maverick is een blues\/americana singer-songwriter uit Hoogkerk, Groningen. Sinds 1998 is hij bekend als de zanger en gitarist van de bands Tyler&#8217;s Gone (winnaar Pop Groningen Talent Award 2011) en Shabby Cabs. Steady Maverick is een foot stomping one-man band met een lekker rauw randje. Hij speelt op een elektrisch akoestische westerngitaar, blues harmonica\u2019s [&hellip;]<\/p>\n","protected":false},"author":1,"featured_media":0,"parent":0,"menu_order":0,"comment_status":"closed","ping_status":"closed","template":"","meta":{"_et_pb_use_builder":"","_et_pb_old_content":"","_et_gb_content_width":"","footnotes":""},"class_list":["post-29530","page","type-page","status-publish","hentry"],"_links":{"self":[{"href":"https:\/\/zomerfolk.nl\/de\/wp-json\/wp\/v2\/pages\/29530","targetHints":{"allow":["GET"]}}],"collection":[{"href":"https:\/\/zomerfolk.nl\/de\/wp-json\/wp\/v2\/pages"}],"about":[{"href":"https:\/\/zomerfolk.nl\/de\/wp-json\/wp\/v2\/types\/page"}],"author":[{"embeddable":true,"href":"https:\/\/zomerfolk.nl\/de\/wp-json\/wp\/v2\/users\/1"}],"replies":[{"embeddable":true,"href":"https:\/\/zomerfolk.nl\/de\/wp-json\/wp\/v2\/comments?post=29530"}],"version-history":[{"count":0,"href":"https:\/\/zomerfolk.nl\/de\/wp-json\/wp\/v2\/pages\/29530\/revisions"}],"wp:attachment":[{"href":"https:\/\/zomerfolk.nl\/de\/wp-json\/wp\/v2\/media?parent=29530"}],"curies":[{"name":"wp","href":"https:\/\/api.w.org\/{rel}","templated":true}]}}