{"id":29600,"date":"2022-06-04T00:43:27","date_gmt":"2022-06-03T22:43:27","guid":{"rendered":"https:\/\/zomerfolk.nl\/?page_id=29600"},"modified":"2022-06-04T00:43:27","modified_gmt":"2022-06-03T22:43:27","slug":"gravediggers","status":"publish","type":"page","link":"https:\/\/zomerfolk.nl\/de\/gravediggers\/","title":{"rendered":"Totengr\u00e4ber"},"content":{"rendered":"<p style=\"text-align: center;\">Gravediggers ist eine Band, die in den 90er Jahren in der Stadt Groningen gegr\u00fcndet wurde. Sie graben sich in alte Musik von vor langer Zeit und geben ihr ihre eigene energetische Wendung. Die Band spielte auf mehreren Tourneen in vielen L\u00e4ndern Europas. Sie machen Rock&#039;n&#039;Roll, Blues, Country, Folk mit manchmal einer netten Prise Punk.<\/p>\n<p style=\"text-align: center;\">Die Band hat in den letzten Jahren mehrere LPs ver\u00f6ffentlicht. Live garantiert die Band eine Rockshow mit Musik aus einer dunklen Vergangenheit. Die Band besteht aus Chris Garrit, Wouter Zimmerman und Jan Dokter. Die Band garantiert seit Jahren ein St\u00fcck unverf\u00e4lschte Rock&#039;n&#039;Roll-Energie.<\/p>\n<p style=\"text-align: center;\">Wir kennen Chris seit Jahren von unserem Celtic Folk Festival in \u201eseinem\u201c EM2 in Groningen. Wir freuen uns daher sehr, ihn nun auf unserer Seite begr\u00fc\u00dfen zu d\u00fcrfen!<\/p>\n<p style=\"text-align: center;\"><iframe loading=\"lazy\" title=\"YouTube-Videoplayer\" src=\"https:\/\/www.youtube.com\/embed\/3_ec5nDp4xE\" width=\"560\" height=\"315\" frameborder=\"0\" allowfullscreen=\"allowfullscreen\"><\/iframe><\/p>","protected":false},"excerpt":{"rendered":"<p>Gravediggers is een band opgericht in de jaren &#8217;90 in de stad Groningen. Ze graven naar oude muziek van lang geleden en geven er een eigen energieke twist aan. De band speelde op verschillende tours in veel landen van Europa. Ze maken rockandroll, blues, country, folk met soms een fijne dosis punk. Er verschenen meerdere [&hellip;]<\/p>\n","protected":false},"author":1,"featured_media":29601,"parent":0,"menu_order":0,"comment_status":"closed","ping_status":"closed","template":"","meta":{"_et_pb_use_builder":"","_et_pb_old_content":"","_et_gb_content_width":"","footnotes":""},"class_list":["post-29600","page","type-page","status-publish","has-post-thumbnail","hentry"],"_links":{"self":[{"href":"https:\/\/zomerfolk.nl\/de\/wp-json\/wp\/v2\/pages\/29600","targetHints":{"allow":["GET"]}}],"collection":[{"href":"https:\/\/zomerfolk.nl\/de\/wp-json\/wp\/v2\/pages"}],"about":[{"href":"https:\/\/zomerfolk.nl\/de\/wp-json\/wp\/v2\/types\/page"}],"author":[{"embeddable":true,"href":"https:\/\/zomerfolk.nl\/de\/wp-json\/wp\/v2\/users\/1"}],"replies":[{"embeddable":true,"href":"https:\/\/zomerfolk.nl\/de\/wp-json\/wp\/v2\/comments?post=29600"}],"version-history":[{"count":0,"href":"https:\/\/zomerfolk.nl\/de\/wp-json\/wp\/v2\/pages\/29600\/revisions"}],"wp:featuredmedia":[{"embeddable":true,"href":"https:\/\/zomerfolk.nl\/de\/wp-json\/wp\/v2\/media\/29601"}],"wp:attachment":[{"href":"https:\/\/zomerfolk.nl\/de\/wp-json\/wp\/v2\/media?parent=29600"}],"curies":[{"name":"wp","href":"https:\/\/api.w.org\/{rel}","templated":true}]}}