{"id":34102,"date":"2023-04-12T16:15:05","date_gmt":"2023-04-12T14:15:05","guid":{"rendered":"https:\/\/zomerfolk.nl\/?page_id=34102"},"modified":"2023-04-12T18:51:21","modified_gmt":"2023-04-12T16:51:21","slug":"harmony-glen","status":"publish","type":"page","link":"https:\/\/zomerfolk.nl\/de\/harmony-glen\/","title":{"rendered":"Harmonie Glen"},"content":{"rendered":"<p><img loading=\"lazy\" decoding=\"async\" class=\"alignnone size-large wp-image-34114 aligncenter\" src=\"https:\/\/zomerfolk.nl\/wp-content\/uploads\/2023\/04\/comp_hg_hires_1-1024x634.jpg\" alt=\"\" width=\"1024\" height=\"634\" srcset=\"https:\/\/zomerfolk.nl\/wp-content\/uploads\/2023\/04\/comp_hg_hires_1-980x606.jpg 980w, https:\/\/zomerfolk.nl\/wp-content\/uploads\/2023\/04\/comp_hg_hires_1-480x297.jpg 480w\" sizes=\"(min-width: 0px) and (max-width: 480px) 480px, (min-width: 481px) and (max-width: 980px) 980px, (min-width: 981px) 1024px, 100vw\" \/><\/p>\n<p style=\"text-align: center;\">Die Musik von Harmony Glen ist der Inbegriff einer keltischen Party! Es ist Power-Folk mit irischen und schottischen Wurzeln, unwiderstehlichen Beats und Wohlf\u00fchltexten. Mit ihren mitrei\u00dfenden Melodien und energiegeladenen Darbietungen versetzen diese musikalischen Zauberer Sie in eine euphorische Stimmung.<\/p>\n<p style=\"text-align: center;\">Harmony Glen braut seit 2005 und hat das ultimative Gl\u00fccksrezept abgef\u00fcllt: kraftvolle Vocals und melodische Dudels\u00e4cke, schnelles Banjo, das von rhythmischer Gitarre verfolgt wird, alles unterst\u00fctzt von pochenden Drum- und Basslinien. Also schnapp dir ein Pint, dreh die Lautst\u00e4rke auf und genie\u00df die Fahrt!<\/p>\n<p style=\"text-align: center;\">Harmony Glen ist:<br \/>\nSjoerd am Banjo, Mandoline, Gitarre, Gesang<br \/>\nGilian an Tinwhistle, Dudelsack, Backing Vocals<br \/>\nDominique an Bassgitarre, Kontrabass, Hintergrundgesang<br \/>\nThomas an der Gitarre, Irish Bouzouki, Hintergrundgesang<br \/>\nPaul an Schlagzeug und Perkussion<\/p>\n<p style=\"text-align: center;\"><iframe loading=\"lazy\" title=\"YouTube-Videoplayer\" src=\"https:\/\/www.youtube.com\/embed\/6KVqYbt0n7Y\" width=\"560\" height=\"315\" frameborder=\"0\" allowfullscreen=\"allowfullscreen\"><\/iframe><\/p>","protected":false},"excerpt":{"rendered":"<p>De muziek van Harmony Glen is de belichaming van een Keltisch feest! Het is powerfolk met Ierse en Schotse roots, onweerstaanbare beats en feelgood-teksten. Met hun opzwepende melodie\u00ebn en energieke optredens brengen deze muzikale tovenaars je in een euforische gemoedstoestand. Harmony Glen brouwt sinds 2005 en heeft het ultieme recept voor geluk gebotteld: krachtige zang [&hellip;]<\/p>\n","protected":false},"author":1,"featured_media":0,"parent":0,"menu_order":0,"comment_status":"closed","ping_status":"closed","template":"","meta":{"_et_pb_use_builder":"","_et_pb_old_content":"","_et_gb_content_width":"","footnotes":""},"class_list":["post-34102","page","type-page","status-publish","hentry"],"_links":{"self":[{"href":"https:\/\/zomerfolk.nl\/de\/wp-json\/wp\/v2\/pages\/34102","targetHints":{"allow":["GET"]}}],"collection":[{"href":"https:\/\/zomerfolk.nl\/de\/wp-json\/wp\/v2\/pages"}],"about":[{"href":"https:\/\/zomerfolk.nl\/de\/wp-json\/wp\/v2\/types\/page"}],"author":[{"embeddable":true,"href":"https:\/\/zomerfolk.nl\/de\/wp-json\/wp\/v2\/users\/1"}],"replies":[{"embeddable":true,"href":"https:\/\/zomerfolk.nl\/de\/wp-json\/wp\/v2\/comments?post=34102"}],"version-history":[{"count":0,"href":"https:\/\/zomerfolk.nl\/de\/wp-json\/wp\/v2\/pages\/34102\/revisions"}],"wp:attachment":[{"href":"https:\/\/zomerfolk.nl\/de\/wp-json\/wp\/v2\/media?parent=34102"}],"curies":[{"name":"wp","href":"https:\/\/api.w.org\/{rel}","templated":true}]}}