{"id":34233,"date":"2023-04-21T18:36:40","date_gmt":"2023-04-21T16:36:40","guid":{"rendered":"https:\/\/zomerfolk.nl\/?page_id=34233"},"modified":"2023-04-22T17:18:05","modified_gmt":"2023-04-22T15:18:05","slug":"the-trials-of-cato","status":"publish","type":"page","link":"https:\/\/zomerfolk.nl\/de\/the-trials-of-cato\/","title":{"rendered":"Die Prozesse von Cato"},"content":{"rendered":"<p><img loading=\"lazy\" decoding=\"async\" class=\"alignnone size-large wp-image-34235 aligncenter\" src=\"https:\/\/zomerfolk.nl\/wp-content\/uploads\/2023\/04\/The-Trials-of-Cato-copy-1024x724.jpg\" alt=\"\" width=\"1024\" height=\"724\" srcset=\"https:\/\/zomerfolk.nl\/wp-content\/uploads\/2023\/04\/The-Trials-of-Cato-copy-980x693.jpg 980w, https:\/\/zomerfolk.nl\/wp-content\/uploads\/2023\/04\/The-Trials-of-Cato-copy-480x339.jpg 480w\" sizes=\"(min-width: 0px) and (max-width: 480px) 480px, (min-width: 481px) and (max-width: 980px) 980px, (min-width: 981px) 1024px, 100vw\" \/><\/p>\n<p style=\"text-align: center;\">Der bemerkenswerte Aufstieg des von BBC Radio 2 preisgekr\u00f6nten Trios The Trials of Cato in der britischen Folk-Szene hat gro\u00dfe Aufmerksamkeit erregt. Sie werden als \u201eSex Pistols of Folk\u201c (J Davis) bezeichnet und sind eine klare Hommage an die Tradition, wenn sie alte Knochen in etwas Fieberhaftes und Modernes verwandeln, mit h\u00e4mmernden Melodien und fesselnden Geschichten.<\/p>\n<p style=\"text-align: center;\">The Trials of Cato, die speziell in Beirut, Libanon, gegr\u00fcndet wurden, haben seit ihrer R\u00fcckkehr nach Gro\u00dfbritannien einen Weg wie kein anderer gebahnt. Denkw\u00fcrdige Auftritte in Gro\u00dfbritannien, Europa und Nordamerika veranlassten Mark Radcliffe, die Band als \u201eeine der wahren Entdeckungen auf dem Folk-Zirkel der letzten Zeit\u201c zu bezeichnen, wobei ihr Deb\u00fct \u201eHide and Hair\u201c 2018 den BBC Radio 2-Folkpreis \u201eBestes Album\u201c gewann. Mit ihrem aktuellen Album Gog Magog pr\u00e4sentieren The Trials of Cato ihre bisher gewagteste Musik.<\/p>\n<p style=\"text-align: center;\">Wir sind sehr stolz, diese fantastische Band am Sonntag unseres Festivals begr\u00fc\u00dfen zu d\u00fcrfen!<\/p>\n<p style=\"text-align: center;\">\u00a0<iframe loading=\"lazy\" title=\"YouTube-Videoplayer\" src=\"https:\/\/www.youtube.com\/embed\/tr94YgbBCJY\" width=\"560\" height=\"315\" frameborder=\"0\" allowfullscreen=\"allowfullscreen\"><\/iframe><\/p>","protected":false},"excerpt":{"rendered":"<p>De opmerkelijke opkomst van het door BBC Radio 2 bekroonde trio The Trials of Cato in de Britse folkscene is het onderwerp geweest van massale aandacht. Ze worden &#8220;de Sex Pistols van folk&#8221; genoemd (J Davis) en brengen een duidelijk eerbetoon aan traditie terwijl ze oude botten verdraaien tot iets koortsachtigs en moderns, met stampende [&hellip;]<\/p>\n","protected":false},"author":1,"featured_media":0,"parent":0,"menu_order":0,"comment_status":"closed","ping_status":"closed","template":"","meta":{"_et_pb_use_builder":"off","_et_pb_old_content":"","_et_gb_content_width":"","footnotes":""},"class_list":["post-34233","page","type-page","status-publish","hentry"],"_links":{"self":[{"href":"https:\/\/zomerfolk.nl\/de\/wp-json\/wp\/v2\/pages\/34233","targetHints":{"allow":["GET"]}}],"collection":[{"href":"https:\/\/zomerfolk.nl\/de\/wp-json\/wp\/v2\/pages"}],"about":[{"href":"https:\/\/zomerfolk.nl\/de\/wp-json\/wp\/v2\/types\/page"}],"author":[{"embeddable":true,"href":"https:\/\/zomerfolk.nl\/de\/wp-json\/wp\/v2\/users\/1"}],"replies":[{"embeddable":true,"href":"https:\/\/zomerfolk.nl\/de\/wp-json\/wp\/v2\/comments?post=34233"}],"version-history":[{"count":0,"href":"https:\/\/zomerfolk.nl\/de\/wp-json\/wp\/v2\/pages\/34233\/revisions"}],"wp:attachment":[{"href":"https:\/\/zomerfolk.nl\/de\/wp-json\/wp\/v2\/media?parent=34233"}],"curies":[{"name":"wp","href":"https:\/\/api.w.org\/{rel}","templated":true}]}}