{"id":34534,"date":"2023-05-06T16:25:47","date_gmt":"2023-05-06T14:25:47","guid":{"rendered":"https:\/\/zomerfolk.nl\/?page_id=34534"},"modified":"2023-05-06T17:02:37","modified_gmt":"2023-05-06T15:02:37","slug":"celtic-sparks","status":"publish","type":"page","link":"https:\/\/zomerfolk.nl\/de\/celtic-sparks\/","title":{"rendered":"Keltische Funken"},"content":{"rendered":"<p><img loading=\"lazy\" decoding=\"async\" class=\"size-large wp-image-34537 aligncenter\" src=\"https:\/\/zomerfolk.nl\/wp-content\/uploads\/2023\/05\/Schermopname-23-copy-1024x724.jpg\" alt=\"\" width=\"1024\" height=\"724\" srcset=\"https:\/\/zomerfolk.nl\/wp-content\/uploads\/2023\/05\/Schermopname-23-copy-980x693.jpg 980w, https:\/\/zomerfolk.nl\/wp-content\/uploads\/2023\/05\/Schermopname-23-copy-480x340.jpg 480w\" sizes=\"(min-width: 0px) and (max-width: 480px) 480px, (min-width: 481px) and (max-width: 980px) 980px, (min-width: 981px) 1024px, 100vw\" \/><\/p>\n<p class=\"m-size-14 text-align-center size-18\" style=\"text-align: center;\"><span class=\"m-font-size-14 font-size-18\">Erleben Sie die Energie des irischen Tanzes mit <a href=\"https:\/\/www.celticsparks.com\/\" target=\"_blank\" rel=\"noopener\">Keltische Funken<\/a>! Zum ersten Mal schlie\u00dfen sich einige der talentiertesten niederl\u00e4ndischen Musiker und T\u00e4nzer zusammen. Ihre Deb\u00fctshow \u201eA Trip to Ballygonefishin\u201c wird ab 2023 in den Kinos zu sehen sein, mit einer Show voller geschicktem Spiel, ohrenbet\u00e4ubendem Gesang und funkenspr\u00fchendem Tanz. Bei Zomerfolk tritt die Gruppe mit einer Show auf, die speziell f\u00fcr unser Festival gemacht wurde; wie besonders ist das!<\/span><\/p>\n<p class=\"text-align-center\" style=\"text-align: center;\">Celtic Sparks tritt in die Fu\u00dfstapfen bekannter Shows wie Riverdance und Lord of the Dance und pr\u00e4sentiert irische Musik und Tanz auf \u00fcberw\u00e4ltigende Weise. Mit einer gro\u00dfen Gruppe von T\u00e4nzern und Musikern ist Celtic Sparks eine gro\u00dfe Produktion, die dem Publikum ein unvergessliches Erlebnis bietet. Die Show besteht ausschlie\u00dflich aus Originalkompositionen und Choreografien mit einer Vielzahl von Kl\u00e4ngen, von keltischen Balladen mit s\u00fc\u00dfer Stimme bis zum ber\u00fchmten irischen Stepptanz mit Trommeln.<\/p>\n<p class=\"text-align-center\" style=\"text-align: center;\"><span class=\"\">Die Show wird von einer T\u00e4nzerin gestaltet <\/span><a href=\"https:\/\/www.iersedansschool.nl\/\" target=\"_blank\" rel=\"noopener\" type=\"url\">Rosalie Wagenar<\/a><span class=\"\">, Gr\u00fcnder der Rose Irish Dance School und Musiker\/Komponist\u00a0<\/span><a href=\"https:\/\/www.tijnberends.com\/\" target=\"_blank\" rel=\"noopener\" type=\"url\">Tim Berend<\/a><span class=\"\">. Die Musik wird gespielt von Annemarie de Bie (Gesang), Erwin Tuijl (Klavier), Philip Steenbergen (Gitarre), Erik de Jong (Akkordeon), Anneke Eijkelboom (Violine), Suzanne Berends (Bodhr\u00e1n), Michael Boere (Uillean Pipes), Annelies Pronk (Fl\u00f6te) und nat\u00fcrlich von Tijn selbst. Die T\u00e4nzer werden aus der Spitzenklasse der Rose Irish Dance School ausgew\u00e4hlt.<\/span><\/p>\n<p style=\"text-align: center;\"><iframe loading=\"lazy\" title=\"YouTube-Videoplayer\" src=\"https:\/\/www.youtube.com\/embed\/dKpdolyxCqc\" width=\"560\" height=\"315\" frameborder=\"0\" allowfullscreen=\"allowfullscreen\"><\/iframe><\/p>","protected":false},"excerpt":{"rendered":"<p>Ervaar de energie van Ierse dans met Celtic Sparks! Voor het eerst bundelen enkele van de meest getalenteerde Nederlandse muzikanten en dansers hun krachten. Hun debuutshow \u201cA Trip to Ballygonefishin\u201d staat vanaf 2023 in de theaters, met een show vol vingervlug spel, oorstrelende zang en dans waar de vonken vanaf spatten. Op Zomerfolk treedt de [&hellip;]<\/p>\n","protected":false},"author":1,"featured_media":0,"parent":0,"menu_order":0,"comment_status":"closed","ping_status":"closed","template":"","meta":{"_et_pb_use_builder":"off","_et_pb_old_content":"","_et_gb_content_width":"","footnotes":""},"class_list":["post-34534","page","type-page","status-publish","hentry"],"_links":{"self":[{"href":"https:\/\/zomerfolk.nl\/de\/wp-json\/wp\/v2\/pages\/34534","targetHints":{"allow":["GET"]}}],"collection":[{"href":"https:\/\/zomerfolk.nl\/de\/wp-json\/wp\/v2\/pages"}],"about":[{"href":"https:\/\/zomerfolk.nl\/de\/wp-json\/wp\/v2\/types\/page"}],"author":[{"embeddable":true,"href":"https:\/\/zomerfolk.nl\/de\/wp-json\/wp\/v2\/users\/1"}],"replies":[{"embeddable":true,"href":"https:\/\/zomerfolk.nl\/de\/wp-json\/wp\/v2\/comments?post=34534"}],"version-history":[{"count":0,"href":"https:\/\/zomerfolk.nl\/de\/wp-json\/wp\/v2\/pages\/34534\/revisions"}],"wp:attachment":[{"href":"https:\/\/zomerfolk.nl\/de\/wp-json\/wp\/v2\/media?parent=34534"}],"curies":[{"name":"wp","href":"https:\/\/api.w.org\/{rel}","templated":true}]}}