{"id":34638,"date":"2023-05-09T13:40:38","date_gmt":"2023-05-09T11:40:38","guid":{"rendered":"https:\/\/zomerfolk.nl\/?page_id=34638"},"modified":"2023-05-16T13:37:20","modified_gmt":"2023-05-16T11:37:20","slug":"jick-munro-the-amazing-laserbeams","status":"publish","type":"page","link":"https:\/\/zomerfolk.nl\/de\/jick-munro-the-amazing-laserbeams\/","title":{"rendered":"Jick Munro &amp; The Amazing Laserbeams"},"content":{"rendered":"<p><img loading=\"lazy\" decoding=\"async\" class=\"size-large wp-image-34639 aligncenter\" src=\"https:\/\/zomerfolk.nl\/wp-content\/uploads\/2023\/05\/F8A1359-1024x683.jpg\" alt=\"\" width=\"1024\" height=\"683\" srcset=\"https:\/\/zomerfolk.nl\/wp-content\/uploads\/2023\/05\/F8A1359-980x654.jpg 980w, https:\/\/zomerfolk.nl\/wp-content\/uploads\/2023\/05\/F8A1359-480x320.jpg 480w\" sizes=\"(min-width: 0px) and (max-width: 480px) 480px, (min-width: 481px) and (max-width: 980px) 980px, (min-width: 981px) 1024px, 100vw\" \/><\/p>\n<p style=\"text-align: center;\">Jick Munro &amp; The Amazing Laserbeams haben einen einzigartigen Crossover-Stil mit Elementen aus Bluegrass, Country, Folk, Blues, Rock, Soul und Americana. Diese Band aus dem S\u00fcden des Landes ist vor allem f\u00fcr ihre energiegeladenen Uptempo-Songs und ihre pure Freude auf der B\u00fchne bekannt. Gleichzeitig verstehen sie es, das Publikum mit melodischen, von Gesangsharmonien gepr\u00e4gten Liedern und Balladen zu fesseln. Mit Instrumenten wie Banjo, Mandoline, Akkordeon und Kontrabass kreieren sie \u201eHandclappin\u201c, \u201eFeetstompin\u201c, \u201eHouserockin\u201c und \u201eBootyshakin\u201c-Musik. Im Laufe ihres zehnj\u00e4hrigen Bestehens hat die Band zwei EPs (2015 und 2018) und ein Album (2016) ver\u00f6ffentlicht und die B\u00fchne mit einer Reihe internationaler und nationaler Top-Acts geteilt. Jick Munro hat sich in dieser Zeit einen guten Ruf als Live-Act aufgebaut. Pinkpop, Paradiso, mehrere Liberation Festivals, das Zwarte Cross, Noorderslag und das TT Festival in Assen sind nur einige Beispiele der B\u00fchnen, die sie erobert haben. Jack Munro ist bereit!<\/p>\n<p style=\"text-align: center;\"><iframe loading=\"lazy\" title=\"YouTube-Videoplayer\" src=\"https:\/\/www.youtube.com\/embed\/x8TUkJz9i6Y\" width=\"560\" height=\"315\" frameborder=\"0\" allowfullscreen=\"allowfullscreen\"><\/iframe><\/p>","protected":false},"excerpt":{"rendered":"<p>Jick Munro &amp; The Amazing Laserbeams heeft een unieke cross-overstijl met elementen van bluegrass, country, folk, blues, rock, soul en Americana. Deze band uit het zuiden van het land is het meest bekend om hun energieke uptempo songs en hun pure vreugde op het podium. Tegelijkertijd weten zij het publiek te boeien met melodieuze songs [&hellip;]<\/p>\n","protected":false},"author":1,"featured_media":0,"parent":0,"menu_order":0,"comment_status":"closed","ping_status":"closed","template":"","meta":{"_et_pb_use_builder":"","_et_pb_old_content":"","_et_gb_content_width":"","footnotes":""},"class_list":["post-34638","page","type-page","status-publish","hentry"],"_links":{"self":[{"href":"https:\/\/zomerfolk.nl\/de\/wp-json\/wp\/v2\/pages\/34638","targetHints":{"allow":["GET"]}}],"collection":[{"href":"https:\/\/zomerfolk.nl\/de\/wp-json\/wp\/v2\/pages"}],"about":[{"href":"https:\/\/zomerfolk.nl\/de\/wp-json\/wp\/v2\/types\/page"}],"author":[{"embeddable":true,"href":"https:\/\/zomerfolk.nl\/de\/wp-json\/wp\/v2\/users\/1"}],"replies":[{"embeddable":true,"href":"https:\/\/zomerfolk.nl\/de\/wp-json\/wp\/v2\/comments?post=34638"}],"version-history":[{"count":0,"href":"https:\/\/zomerfolk.nl\/de\/wp-json\/wp\/v2\/pages\/34638\/revisions"}],"wp:attachment":[{"href":"https:\/\/zomerfolk.nl\/de\/wp-json\/wp\/v2\/media?parent=34638"}],"curies":[{"name":"wp","href":"https:\/\/api.w.org\/{rel}","templated":true}]}}