{"id":34652,"date":"2023-05-09T13:25:22","date_gmt":"2023-05-09T11:25:22","guid":{"rendered":"https:\/\/zomerfolk.nl\/?page_id=34652"},"modified":"2023-05-09T13:36:00","modified_gmt":"2023-05-09T11:36:00","slug":"pyrolysis","status":"publish","type":"page","link":"https:\/\/zomerfolk.nl\/de\/pyrolysis\/","title":{"rendered":"Pyrolyse"},"content":{"rendered":"<p style=\"text-align: center;\"><img loading=\"lazy\" decoding=\"async\" class=\"alignnone size-large wp-image-34653\" src=\"https:\/\/zomerfolk.nl\/wp-content\/uploads\/2023\/05\/Pyrolysis2019_Promo3_WenVersteeg-1024x681.jpg\" alt=\"\" width=\"1024\" height=\"681\" srcset=\"https:\/\/zomerfolk.nl\/wp-content\/uploads\/2023\/05\/Pyrolysis2019_Promo3_WenVersteeg-980x652.jpg 980w, https:\/\/zomerfolk.nl\/wp-content\/uploads\/2023\/05\/Pyrolysis2019_Promo3_WenVersteeg-480x319.jpg 480w\" sizes=\"(min-width: 0px) and (max-width: 480px) 480px, (min-width: 481px) and (max-width: 980px) 980px, (min-width: 981px) 1024px, 100vw\" \/><\/p>\n<p style=\"text-align: center;\">Mit nackten F\u00fc\u00dfen und akustischen Instrumenten verwandelt Pyrolysis das rohe Chaos des Lebens in Musik. Mit einem Schwerpunkt auf nostalgischen Melodien spielen sie st\u00fcrmische, schnelle und energiegeladene Lieder \u00fcber Hoffnung, Mut, Freundschaft und andere Aspekte, die das Leben Wirklichkeit machen. So vergeht zum Beispiel ab und zu eine regnerische Ballade, vor allem aber wird gemeinsam gelacht und getanzt. Im Eigenwerk von Pyrolysis sind deutlich Einfl\u00fcsse des keltischen Folk zu h\u00f6ren, was \u00fcberall sofort eine intime Kneipenatmosph\u00e4re schafft, sodass alle als Freunde nach Hause gehen.<\/p>\n<p style=\"text-align: center;\"><iframe loading=\"lazy\" title=\"YouTube-Videoplayer\" src=\"https:\/\/www.youtube.com\/embed\/o3QAtDsM81o\" width=\"560\" height=\"315\" frameborder=\"0\" allowfullscreen=\"allowfullscreen\"><\/iframe><\/p>","protected":false},"excerpt":{"rendered":"<p>Met blote voeten en akoestische instrumenten verandert Pyrolysis de rauwe chaos van het leven in muziek. Met een nadruk op nostalgische melodie\u00ebn spelen ze stormachtig snelle en energieke liederen over hoop, moed, vriendschap en andere aspecten die het leven echt maken. Zo komt er af en toe een regenachtige ballade voorbij, maar wordt er vooral [&hellip;]<\/p>\n","protected":false},"author":1,"featured_media":0,"parent":0,"menu_order":0,"comment_status":"closed","ping_status":"closed","template":"","meta":{"_et_pb_use_builder":"","_et_pb_old_content":"","_et_gb_content_width":"","footnotes":""},"class_list":["post-34652","page","type-page","status-publish","hentry"],"_links":{"self":[{"href":"https:\/\/zomerfolk.nl\/de\/wp-json\/wp\/v2\/pages\/34652","targetHints":{"allow":["GET"]}}],"collection":[{"href":"https:\/\/zomerfolk.nl\/de\/wp-json\/wp\/v2\/pages"}],"about":[{"href":"https:\/\/zomerfolk.nl\/de\/wp-json\/wp\/v2\/types\/page"}],"author":[{"embeddable":true,"href":"https:\/\/zomerfolk.nl\/de\/wp-json\/wp\/v2\/users\/1"}],"replies":[{"embeddable":true,"href":"https:\/\/zomerfolk.nl\/de\/wp-json\/wp\/v2\/comments?post=34652"}],"version-history":[{"count":0,"href":"https:\/\/zomerfolk.nl\/de\/wp-json\/wp\/v2\/pages\/34652\/revisions"}],"wp:attachment":[{"href":"https:\/\/zomerfolk.nl\/de\/wp-json\/wp\/v2\/media?parent=34652"}],"curies":[{"name":"wp","href":"https:\/\/api.w.org\/{rel}","templated":true}]}}