{"id":34696,"date":"2023-05-11T11:36:24","date_gmt":"2023-05-11T09:36:24","guid":{"rendered":"https:\/\/zomerfolk.nl\/?page_id=34696"},"modified":"2023-05-11T11:36:24","modified_gmt":"2023-05-11T09:36:24","slug":"the-mahones","status":"publish","type":"page","link":"https:\/\/zomerfolk.nl\/de\/the-mahones\/","title":{"rendered":"Die Mahons"},"content":{"rendered":"<p><img loading=\"lazy\" decoding=\"async\" class=\"size-large wp-image-34697 aligncenter\" src=\"https:\/\/zomerfolk.nl\/wp-content\/uploads\/2023\/05\/The-Mahones-1024x827.jpg\" alt=\"\" width=\"1024\" height=\"827\" srcset=\"https:\/\/zomerfolk.nl\/wp-content\/uploads\/2023\/05\/The-Mahones-1024x827.jpg 1024w, https:\/\/zomerfolk.nl\/wp-content\/uploads\/2023\/05\/The-Mahones-980x792.jpg 980w, https:\/\/zomerfolk.nl\/wp-content\/uploads\/2023\/05\/The-Mahones-480x388.jpg 480w\" sizes=\"(min-width: 0px) and (max-width: 480px) 480px, (min-width: 481px) and (max-width: 980px) 980px, (min-width: 981px) 1024px, 100vw\" \/><\/p>\n<p style=\"text-align: center;\">Kanadas f\u00fchrende keltische Punkrock-Partyband wurde passenderweise am St. Patrick&#039;s Day 1990 in Kingston, Ontario, geboren. Gr\u00fcndungsmitglieder waren S\u00e4nger\/Gitarrist Finny McConnell; Andrew Brown an Tin Whistle, Keyboards und Akkordeon; Ger O&#039;Sullivan an Mandoline, Banjo, Gitarre und Bodhran; Bassist Joe Chithalen; und Schlagzeuger Christos Smirnois. Vier Jahre sp\u00e4ter feierte die Gruppe erneut den St. Patrick&#039;s Day mit ihrem Deb\u00fctalbum Draggin&#039; the Days. Anschlie\u00dfend spielten sie vor begeistertem Publikum in ganz Kanada und s\u00fcdlich der Grenze. Nur McConnell und Brown blieben \u00fcbrig, als 1996 das Nachfolgealbum Rise Again ver\u00f6ffentlicht wurde. Die ersten beiden Singles \u201e100 Bucks\u201c und \u201eRise Again\u201c des Albums erzielten starke Radio- und Videoaufrufe. Die Mahones tourten erneut intensiv, um das Album zu unterst\u00fctzen. F\u00fcr The Hellfire Club Sessions, das 1999 ver\u00f6ffentlicht wurde, bekamen sie Hilfe von einigen der ber\u00fchmtesten Bands aus Kingston: Johnny Fay von Tragically Hip war Co-Produzent und Schlagzeuger; sein Bandkollege Gord Sinclair spielte Klavier; und Colin Cripps von Crash Vegas (und Junkhouse) sang bei \u201eThis Old Town\u201c. Leider verstarb Bassist Joe Chithalen im selben Jahr. Die Band schrieb auch den Titelsong f\u00fcr den Film Celtic Pride, in dem Dan Aykroyd, ein Landsmann aus Kingston, die Hauptrolle spielte. Ein weiterer Filmerfolg war die Verwendung des Liedes \u201e100 Bucks\u201c in Bruce McCullochs \u201eKids in the Hall\u201c-Film \u201eDog Park\u201c. Die Gruppe ver\u00f6ffentlichte 2001 \u201eHere Comes Lucky\u201c, 2003 folgte das Konzertalbum \u201eLive at the Horseshoe\u201c. 2006 erschien \u201eTake No Prisoners\u201c, gefolgt vom siebten Studioalbum der Band, \u201eThe Black Irish\u201c aus dem Jahr 2010. \u201eAngels &amp; Devils\u201c im Jahr 2012, letzteres gewann in diesem Jahr den Independent Music Award f\u00fcr das beste Punk-Album.<\/p>\n<p style=\"text-align: center;\"><iframe loading=\"lazy\" title=\"YouTube-Videoplayer\" src=\"https:\/\/www.youtube.com\/embed\/IbuTEJJxKPE\" width=\"560\" height=\"315\" frameborder=\"0\" allowfullscreen=\"allowfullscreen\"><\/iframe><\/p>","protected":false},"excerpt":{"rendered":"<p>Canada&#8217;s belangrijkste Keltische punkrockfeestband werd toepasselijk geboren op St. Patrick&#8217;s Day in 1990 in Kingston, Ontario. Stichtende leden waren zanger\/gitarist Finny McConnell; Andrew Brown op tinwhistle, keyboards en accordeon; Ger O&#8217;Sullivan op mandoline, banjo, gitaar en bodhran; bassist Joe Chithalen; en drummer Christos Smirnois. Vier jaar later vierde de groep St. Patrick&#8217;s Day opnieuw met [&hellip;]<\/p>\n","protected":false},"author":1,"featured_media":0,"parent":0,"menu_order":0,"comment_status":"closed","ping_status":"closed","template":"","meta":{"_et_pb_use_builder":"","_et_pb_old_content":"","_et_gb_content_width":"","footnotes":""},"class_list":["post-34696","page","type-page","status-publish","hentry"],"_links":{"self":[{"href":"https:\/\/zomerfolk.nl\/de\/wp-json\/wp\/v2\/pages\/34696","targetHints":{"allow":["GET"]}}],"collection":[{"href":"https:\/\/zomerfolk.nl\/de\/wp-json\/wp\/v2\/pages"}],"about":[{"href":"https:\/\/zomerfolk.nl\/de\/wp-json\/wp\/v2\/types\/page"}],"author":[{"embeddable":true,"href":"https:\/\/zomerfolk.nl\/de\/wp-json\/wp\/v2\/users\/1"}],"replies":[{"embeddable":true,"href":"https:\/\/zomerfolk.nl\/de\/wp-json\/wp\/v2\/comments?post=34696"}],"version-history":[{"count":0,"href":"https:\/\/zomerfolk.nl\/de\/wp-json\/wp\/v2\/pages\/34696\/revisions"}],"wp:attachment":[{"href":"https:\/\/zomerfolk.nl\/de\/wp-json\/wp\/v2\/media?parent=34696"}],"curies":[{"name":"wp","href":"https:\/\/api.w.org\/{rel}","templated":true}]}}