{"id":34709,"date":"2023-05-11T12:41:01","date_gmt":"2023-05-11T10:41:01","guid":{"rendered":"https:\/\/zomerfolk.nl\/?page_id=34709"},"modified":"2023-05-11T12:41:11","modified_gmt":"2023-05-11T10:41:11","slug":"the-high-kings","status":"publish","type":"page","link":"https:\/\/zomerfolk.nl\/de\/the-high-kings\/","title":{"rendered":"Die Hochk\u00f6nige"},"content":{"rendered":"<p style=\"text-align: center;\"><img loading=\"lazy\" decoding=\"async\" class=\"alignnone wp-image-34710\" src=\"https:\/\/zomerfolk.nl\/wp-content\/uploads\/2023\/05\/High-Kings-1024x1024.jpg\" alt=\"\" width=\"850\" height=\"850\" \/><\/p>\n<p>Die High Kings sind Finbarr Clancy, Darren Holden, Brian Dunphy und das neueste Mitglied Paul O&#039;Brien. Die High Kings wurden im Juni 2007 gegr\u00fcndet, als Brian, Darren, Finbarr und das ehemalige Mitglied Martin Furey von David Kavanagh gebeten wurden, sich einer brandneuen irischen Balladengruppe anzuschlie\u00dfen, nachdem er eine Marktl\u00fccke f\u00fcr eine auf traditionelle irische Musik spezialisierte Band bemerkt hatte.<br \/>\nBei ihrer ersten Studioprobe dauerte es nicht lange, bis ihnen klar wurde, dass die Art und Weise, wie ihre einzelnen Stimmen miteinander verschmolzen, bedeutete, dass sie auf etwas Besonderes gesto\u00dfen waren.<\/p>\n<p style=\"text-align: center;\">Die High Kings spielen zusammen 13 Instrumente und schaffen so den einzigartigen Klang und die Atmosph\u00e4re, die sie bis heute beibehalten. Dies wurde best\u00e4tigt, als ihr selbstbetiteltes Deb\u00fctalbum Platz 2 der weltweiten Billboard Music-Charts erreichte. Im M\u00e4rz 2009 spielten The High Kings f\u00fcnf aufeinanderfolgende ausverkaufte Shows vor vollem Publikum im Olympia Theatre in Dublin.<br \/>\nGegen Ende des Jahres 2009 lizenzierten The High Kings ihr zweites Studioalbum \u201eMemory Lane\u201c an Universal Music Ireland und markierten damit den schnellen Weg, den die Band in ihrem kurzen Leben zur\u00fcckgelegt hatte. \u201eMemory Lane\u201c wurde im Februar 2010 ver\u00f6ffentlicht und nach einer erfolgreichen Irland-Tour erhielt das Album im Juni, nur vier Monate nach seiner Erstver\u00f6ffentlichung, Platin. Sie folgten \u201eMemory Lane\u201c mit einem \u201eLive in Ireland\u201c-Album, das von der Kritik hoch gelobt wurde, weil es die Energie demonstrierte, die die Band in die Live-Shows einbringt.<\/p>\n<p style=\"text-align: center;\">Bis 2011 war die Band aus den Veranstaltungsorten herausgewachsen, in denen sie zuvor gespielt hatte, und musste damit beginnen, gr\u00f6\u00dfere Veranstaltungsorte nicht nur in Irland, sondern auch in Amerika und ganz Europa zu spielen. Viele Fans wurden zu Stammg\u00e4sten, da sie der Band auf ihren ausverkauften Tourneen praktisch folgten und viele Ozeane und Grenzen auf der ganzen Welt \u00fcberquerten, nur um ihre Lieblingsband live auftreten zu sehen. Die Leute liebten, was sie taten; eine neue Interpretation traditioneller irischer Balladen f\u00fcr ein generationen\u00fcbergreifendes Publikum. Im Jahr 2013 lizenzierte die Band ihr bevorstehendes Album \u201eFriends for Life\u201c an Sony Worldwide, ein weiterer Beweis f\u00fcr ihre weltweite Anziehungskraft. \u201eFriends for Life\u201c enthielt 8 von der Band geschriebene und komponierte Originalsongs und wurde 2013 ver\u00f6ffentlicht. Die Mitnahme ihrer Originalsongs auf Tour war ein neuer und aufregender Meilenstein f\u00fcr die Band und es dauerte nicht lange, bis \u201eOh Maggie\u201c und \u201e \u201eIreland\u2019s Shore\u201c wurden vom Publikum mitgesungen.<\/p>\n<p>Der November 2014 markierte einen weiteren Meilenstein f\u00fcr die Band, als sie \u201eFour Friends Live\u201c im Millennium Forum in Derry aufnahmen. Dies war ihre erste CD\/DVD-Zusammenarbeit und erste Live-DVD-Aufnahme seit der Deb\u00fct-DVD \u201eLive in Dublin\u201c im Jahr 2008. Teil von Das Jahr 2016 verbrachten sie im Studio, um ihr Album \u201eGrace &amp; Glory\u201c aufzunehmen. Das Album landete auf Platz 1 der irischen Indie-Charts und wurde von Kritikern und Fans gleicherma\u00dfen sehr gut aufgenommen. Den Rest des Jahres 2016 und Anfang 2017 verbrachten wir damit, ausgiebig mit dem neuen Album zu touren. In den letzten 12 Jahren haben The High Kings vier Studioalben, zwei Live-Alben und zwei DVDs ver\u00f6ffentlicht. Im Jahr 2017 ver\u00f6ffentlichten sie das Compilation-Album \u201eDecade\u201c, das 10 unglaublich erfolgreiche gemeinsame Jahre feierte und au\u00dferdem 5 brandneue Aufnahmen enthielt.<\/p>\n<p>Im Jahr 2012 traten sie f\u00fcr Pr\u00e4sident Obama im Moneygall auf, was zu einer pers\u00f6nlichen Einladung des Pr\u00e4sidenten f\u00fchrte, bei den Feierlichkeiten zum St. Patrick&#039;s Day im Wei\u00dfen Haus 2012 aufzutreten. Sie flogen direkt von London aus, wo sie bereits vom Londoner B\u00fcrgermeister als Headliner aufgetreten waren Konzert zum St. Patrick&#039;s Day. Im Jahr 2015 wurden die Hohen K\u00f6nige als G\u00e4ste von General Martin Dempsey, dem Vorsitzenden der Vereinigten Stabschefs, ins Pentagon eingeladen. Sie traten zusammen mit der Band des US Marine Corps auf und markierten damit einen weiteren besonderen Anlass f\u00fcr die Band. Um den 20. Jahrestag des irischen Rugby-Songs \u201eIreland&#039;s Call\u201c zu feiern, wurde die Band vom Originalkomponisten Phil Coulter gebeten, eine eigene Version aufzunehmen, die anschlie\u00dfend in die TV3-Dokumentation aufgenommen wurde.<\/p>\n<p>Die High Kings legen die Messlatte f\u00fcr irische Folk-Bands auf der ganzen Welt weiterhin extrem hoch und gelten weithin als Vorreiter des Genres. Auch 2019, nach einer 12-j\u00e4hrigen Reise, treten die High Kings weiterhin in ausverkauften Hallen auf der ganzen Welt auf, vor ihrer st\u00e4ndig wachsenden Armee treuer Fans, die Generationen umfassen.<\/p>\n<p style=\"text-align: center;\"><iframe loading=\"lazy\" title=\"YouTube-Videoplayer\" src=\"https:\/\/www.youtube.com\/embed\/D_oOZGvEEK4\" width=\"560\" height=\"315\" frameborder=\"0\" allowfullscreen=\"allowfullscreen\"><\/iframe><\/p>","protected":false},"excerpt":{"rendered":"<p>De High Kings zijn Finbarr Clancy, Darren Holden, Brian Dunphy en nieuwste lid Paul O&#8217; Brien. The High Kings werden opgericht in juni 2007 toen Brian, Darren, Finbarr en voormalig lid Martin Furey door David Kavanagh werden gevraagd om lid te worden van een gloednieuwe Ierse balladgroep nadat hij een gat in de markt had [&hellip;]<\/p>\n","protected":false},"author":1,"featured_media":0,"parent":0,"menu_order":0,"comment_status":"closed","ping_status":"closed","template":"","meta":{"_et_pb_use_builder":"","_et_pb_old_content":"","_et_gb_content_width":"","footnotes":""},"class_list":["post-34709","page","type-page","status-publish","hentry"],"_links":{"self":[{"href":"https:\/\/zomerfolk.nl\/de\/wp-json\/wp\/v2\/pages\/34709","targetHints":{"allow":["GET"]}}],"collection":[{"href":"https:\/\/zomerfolk.nl\/de\/wp-json\/wp\/v2\/pages"}],"about":[{"href":"https:\/\/zomerfolk.nl\/de\/wp-json\/wp\/v2\/types\/page"}],"author":[{"embeddable":true,"href":"https:\/\/zomerfolk.nl\/de\/wp-json\/wp\/v2\/users\/1"}],"replies":[{"embeddable":true,"href":"https:\/\/zomerfolk.nl\/de\/wp-json\/wp\/v2\/comments?post=34709"}],"version-history":[{"count":0,"href":"https:\/\/zomerfolk.nl\/de\/wp-json\/wp\/v2\/pages\/34709\/revisions"}],"wp:attachment":[{"href":"https:\/\/zomerfolk.nl\/de\/wp-json\/wp\/v2\/media?parent=34709"}],"curies":[{"name":"wp","href":"https:\/\/api.w.org\/{rel}","templated":true}]}}