{"id":34805,"date":"2023-05-15T14:39:17","date_gmt":"2023-05-15T12:39:17","guid":{"rendered":"https:\/\/zomerfolk.nl\/?page_id=34805"},"modified":"2023-05-15T14:39:17","modified_gmt":"2023-05-15T12:39:17","slug":"ted-christopher","status":"publish","type":"page","link":"https:\/\/zomerfolk.nl\/de\/ted-christopher\/","title":{"rendered":"Ted Christopher"},"content":{"rendered":"<p><img loading=\"lazy\" decoding=\"async\" class=\"alignnone size-large wp-image-34806 aligncenter\" src=\"https:\/\/zomerfolk.nl\/wp-content\/uploads\/2023\/05\/280274067_5566726800044901_158780845893542921_n-1024x724.jpg\" alt=\"\" width=\"1024\" height=\"724\" srcset=\"https:\/\/zomerfolk.nl\/wp-content\/uploads\/2023\/05\/280274067_5566726800044901_158780845893542921_n-980x693.jpg 980w, https:\/\/zomerfolk.nl\/wp-content\/uploads\/2023\/05\/280274067_5566726800044901_158780845893542921_n-480x339.jpg 480w\" sizes=\"(min-width: 0px) and (max-width: 480px) 480px, (min-width: 481px) and (max-width: 980px) 980px, (min-width: 981px) 1024px, 100vw\" \/><\/p>\n<p style=\"text-align: center;\">Ted Christopher ist einer der besten K\u00fcnstler Schottlands. Er ist ein weitgereister und \u00e4u\u00dferst vielseitiger Singer-Songwriter. Ob er herzerw\u00e4rmende Originale vor einem Konzertpublikum singt, schottische Favoriten f\u00fcr die Tartan-Armee vortr\u00e4gt oder einige seiner umfangreichen schottisch-irischen\/Pop-\/Rock-Repertoires auf einer \u00fcberf\u00fcllten Tanzfl\u00e4che spielt.<\/p>\n<p style=\"text-align: center;\">Unbeeindruckt von Publikum jeglicher Gr\u00f6\u00dfe spielte er vor 750.000 Menschen im The Mall in Washington DC. Eine Woche sp\u00e4ter waren es zw\u00f6lf bei Cowie Miners Welfare. Das nennt man einen schnellen Realit\u00e4tscheck! Und es waren beide gro\u00dfartige Leistungen.<\/p>\n<p>&nbsp;<\/p>\n<p style=\"text-align: center;\">\u00a0<iframe loading=\"lazy\" title=\"YouTube-Videoplayer\" src=\"https:\/\/www.youtube.com\/embed\/Gt6NIbC2gIo\" width=\"560\" height=\"315\" frameborder=\"0\" allowfullscreen=\"allowfullscreen\"><\/iframe><\/p>","protected":false},"excerpt":{"rendered":"<p>Ted Christopher is een van de beste artiesten van Schotland. Hij is een bereisde en uiterst veelzijdige singer-songwriter. Of hij nu hartverwarmende originelen zingt voor een concertpubliek, Schotse favorieten uitdraagt voor het Tartan Army of een deel van zijn enorme Schots\/Ierse\/pop\/rockrepertoire speelt op een volle dansvloer. Niet gefaseerd door publiek van welke omvang dan ook, [&hellip;]<\/p>\n","protected":false},"author":1,"featured_media":0,"parent":0,"menu_order":0,"comment_status":"closed","ping_status":"closed","template":"","meta":{"_et_pb_use_builder":"","_et_pb_old_content":"","_et_gb_content_width":"","footnotes":""},"class_list":["post-34805","page","type-page","status-publish","hentry"],"_links":{"self":[{"href":"https:\/\/zomerfolk.nl\/de\/wp-json\/wp\/v2\/pages\/34805","targetHints":{"allow":["GET"]}}],"collection":[{"href":"https:\/\/zomerfolk.nl\/de\/wp-json\/wp\/v2\/pages"}],"about":[{"href":"https:\/\/zomerfolk.nl\/de\/wp-json\/wp\/v2\/types\/page"}],"author":[{"embeddable":true,"href":"https:\/\/zomerfolk.nl\/de\/wp-json\/wp\/v2\/users\/1"}],"replies":[{"embeddable":true,"href":"https:\/\/zomerfolk.nl\/de\/wp-json\/wp\/v2\/comments?post=34805"}],"version-history":[{"count":0,"href":"https:\/\/zomerfolk.nl\/de\/wp-json\/wp\/v2\/pages\/34805\/revisions"}],"wp:attachment":[{"href":"https:\/\/zomerfolk.nl\/de\/wp-json\/wp\/v2\/media?parent=34805"}],"curies":[{"name":"wp","href":"https:\/\/api.w.org\/{rel}","templated":true}]}}