{"id":35973,"date":"2023-05-30T18:57:49","date_gmt":"2023-05-30T16:57:49","guid":{"rendered":"https:\/\/zomerfolk.nl\/?page_id=35973"},"modified":"2023-05-30T19:05:02","modified_gmt":"2023-05-30T17:05:02","slug":"merulsa","status":"publish","type":"page","link":"https:\/\/zomerfolk.nl\/de\/merulsa\/","title":{"rendered":"Merulsa"},"content":{"rendered":"<p><img loading=\"lazy\" decoding=\"async\" class=\"wp-image-35975 aligncenter\" src=\"https:\/\/zomerfolk.nl\/wp-content\/uploads\/2023\/05\/Foto_voor_website_promotie-1024x682.jpg\" alt=\"\" width=\"730\" height=\"486\" \/><\/p>\n<div id=\"wb_element_instance12_7\" class=\"wb_element wb-layout-element\" data-plugin=\"LayoutElement\">\n<div class=\"wb_content wb-layout-vertical\">\n<div id=\"wb_element_instance13_7\" class=\"wb_element wb-layout-element\" data-plugin=\"LayoutElement\">\n<div class=\"wb_content wb-layout-vertical\">\n<div id=\"wb_element_instance14_7\" class=\"wb_element wb_text_element\" data-plugin=\"TextArea\">\n<p class=\"wb-stl-custom25\" style=\"text-align: center;\" data-dnid=\"70253\">Die 20-j\u00e4hrige Merel Bakker aus Uithuizen ist eine akustische Singer-Songwriterin im Genre Easy-Listing\/Volksmusik. Mit ihren einzigartigen Songs versteht sie es, unter dem K\u00fcnstlernamen Merulsa das Publikum auf besondere Weise zu ber\u00fchren. Mit ihren Texten erz\u00e4hlt sie Geschichten \u00fcber ihre eigenen Erfahrungen und zeigt, wie sie das Leben und die Welt darum herum betrachtet. 2017 gewann sie im Alter von vierzehn Jahren den dritten Platz im Bundesfinale von Kunstbende und ver\u00f6ffentlichte im selben Jahr ihre erste EP \u201eWe&#039;re Heading\u201c.<\/p>\n<p class=\"wb-stl-custom25\" style=\"text-align: center;\" data-dnid=\"70254\">Sie spielte beim Bevrijdingsfestival Groningen, Hongerige Wolf, Noorderzon, Fable &amp; Fantasy, Eurosonic Noorderslag und Art Carnival und erschien mit ihren Singles My Love und Every Day in Noord 9, der Hitliste von RTV Noord. Im Januar 2023 ver\u00f6ffentlichte sie ihre neue Single Still Not Alone und im M\u00e4rz ihre erste niederl\u00e4ndischsprachige Single namens Als Geluk Compleet. Dar\u00fcber hinaus wird sie sp\u00e4ter in diesem Jahr auch beim gro\u00dfen Fantasy-Festival Castlefest auftreten. Merulsa wird am Sonntag unseres Festivals auf der Pub Stage spielen.<\/p>\n<\/div>\n<\/div>\n<\/div>\n<\/div>\n<\/div>\n<div id=\"wb_element_instance15_7\" class=\"wb_element wb-layout-element\" data-plugin=\"LayoutElement\">\n<div class=\"wb_content wb-layout-vertical\">\n<div id=\"wb_element_instance16_7\" class=\"wb_element wb-layout-element\" data-plugin=\"LayoutElement\">\n<div class=\"wb_content wb-layout-horizontal\">\n<div id=\"wb_element_instance17_7\" class=\"wb_element wb_element_picture\" title=\"\" data-plugin=\"Picture\">\n<div class=\"wb_picture_wrap\" style=\"text-align: center;\"><iframe loading=\"lazy\" title=\"YouTube-Videoplayer\" src=\"https:\/\/www.youtube.com\/embed\/ju2GwyewmWg\" width=\"560\" height=\"315\" frameborder=\"0\" allowfullscreen=\"allowfullscreen\"><\/iframe><\/div>\n<\/div>\n<\/div>\n<\/div>\n<\/div>\n<\/div>","protected":false},"excerpt":{"rendered":"<p>De twintigjarige Merel Bakker uit Uithuizen is een akoestische singer-songwriter in het genre easy-listing\/folkmuziek. Met haar unieke nummers weet zij onder de artiestennaam Merulsa het publiek op een bijzondere manier te raken. Met haar teksten vertelt ze verhalen over eigen ervaringen en laat ze zien hoe zij kijkt naar het leven en de wereld eromheen. [&hellip;]<\/p>\n","protected":false},"author":1,"featured_media":0,"parent":0,"menu_order":0,"comment_status":"closed","ping_status":"closed","template":"","meta":{"_et_pb_use_builder":"","_et_pb_old_content":"","_et_gb_content_width":"","footnotes":""},"class_list":["post-35973","page","type-page","status-publish","hentry"],"_links":{"self":[{"href":"https:\/\/zomerfolk.nl\/de\/wp-json\/wp\/v2\/pages\/35973","targetHints":{"allow":["GET"]}}],"collection":[{"href":"https:\/\/zomerfolk.nl\/de\/wp-json\/wp\/v2\/pages"}],"about":[{"href":"https:\/\/zomerfolk.nl\/de\/wp-json\/wp\/v2\/types\/page"}],"author":[{"embeddable":true,"href":"https:\/\/zomerfolk.nl\/de\/wp-json\/wp\/v2\/users\/1"}],"replies":[{"embeddable":true,"href":"https:\/\/zomerfolk.nl\/de\/wp-json\/wp\/v2\/comments?post=35973"}],"version-history":[{"count":0,"href":"https:\/\/zomerfolk.nl\/de\/wp-json\/wp\/v2\/pages\/35973\/revisions"}],"wp:attachment":[{"href":"https:\/\/zomerfolk.nl\/de\/wp-json\/wp\/v2\/media?parent=35973"}],"curies":[{"name":"wp","href":"https:\/\/api.w.org\/{rel}","templated":true}]}}