{"id":35986,"date":"2023-05-30T20:38:36","date_gmt":"2023-05-30T18:38:36","guid":{"rendered":"https:\/\/zomerfolk.nl\/?page_id=35986"},"modified":"2023-05-30T20:38:36","modified_gmt":"2023-05-30T18:38:36","slug":"itchy-fingers","status":"publish","type":"page","link":"https:\/\/zomerfolk.nl\/de\/itchy-fingers\/","title":{"rendered":"Juckende Finger"},"content":{"rendered":"<p style=\"text-align: center;\"><img loading=\"lazy\" decoding=\"async\" class=\"alignnone  wp-image-35991\" src=\"https:\/\/zomerfolk.nl\/wp-content\/uploads\/2023\/05\/31171401_1629258303857033_5252211297486897152_n-1024x650.jpg\" alt=\"\" width=\"863\" height=\"548\" \/><\/p>\n<p style=\"text-align: center;\">Die Multiinstrumentalisten Erik de Jong und Tijn Berends spielten schon seit mehreren Jahren gemeinsam Musik bei den Sessions im O&#039;Ceallaigh&#039;s Pub in Groningen, als sie Anfang 2012 beschlossen, ihre musikalischen F\u00e4higkeiten in dieser Band im Taschenformat zu b\u00fcndeln. Mehr als sieben Jahre sp\u00e4ter ist der Spa\u00df noch lange nicht vorbei. Mit ihren Auftritten auf den B\u00fchnen verschiedener niederl\u00e4ndischer Volksfestivals (Elfia, Archeon Midwinterfair, Keltfest, Cadansa), Ceilidh-Workshops, Folkbals, H\u00f6rkonzerten und nat\u00fcrlich immer noch regelm\u00e4\u00dfig bei Sessions zeigen Erik und Tijn, dass ihnen die Musik immer noch gro\u00dfen Spa\u00df macht. Die verschiedenen CDs des Duos (eine dritte ist derzeit in Vorbereitung) zeigen deutlich, dass die musikalischen M\u00f6glichkeiten noch lange nicht ausgesch\u00f6pft sind, so dass dieses Duo vorerst weiter spielen wird.<\/p>\n<p style=\"text-align: center;\"><b>Erik<br \/>\n<\/b>Erik de Jong gilt zu Recht als einer der besten Akkordeonisten der Niederlande. Er spielt Klavierakkordeon, Bodhr\u00e1n und Tinwhistle und ist unter anderem f\u00fcr bekannt\u00a0<a href=\"http:\/\/www.doggyfew.com\/Home.php\" target=\"_blank\" rel=\"noopener\">Die H\u00fcndchenpaare<\/a>, Die\u00a0<a href=\"http:\/\/www.assassenachs.com\/\" target=\"_blank\" rel=\"noopener\">Attent\u00e4ter<\/a>\u00a0und\u00a0<a href=\"http:\/\/hoppah.nu\/\" target=\"_blank\" rel=\"noopener\">Hoppla!<\/a>. Er spielte auch mit ber\u00fchmten Musikern wie Roy Gullane (Tannahill Weavers), Linde Nijland und Annemarie de Bie (Fling). Obwohl er haupts\u00e4chlich irische und schottische Musik mit Itchy Fingers spielt, beschr\u00e4nkt sich sein Repertoire nicht darauf \u2013 auch im Balfolk ist er kein Unbekannter, und mit HoppaH! Hin und wieder spielt er sogar ein St\u00fcck Balkanmusik.<\/p>\n<p style=\"text-align: center;\"><b>Zinke<br \/>\n<\/b>Der Multiinstrumentalist Tijn Berends ist seit 2009 in der niederl\u00e4ndischen Folkszene aktiv. Wo er einst nur mit einer verstaubten Spielzeugharmonika begann, hat sich sein Instrumentenspektrum rasant erweitert. Wenn Tijn mit Erik die B\u00fchne betritt, warten eine Gitarre, eine irische Bouzouki, eine Ziehharmonika und nat\u00fcrlich seine Mundharmonika. Und wenn ihm das Spielen all dieser Instrumente zu viel wird, hat er immer seine Stimme \u2013 ein Instrument f\u00fcr sich.<\/p>\n<p style=\"text-align: center;\">Neben Itchy Fingers spielt Tijn immer noch in den Formationen\u00a0<a href=\"http:\/\/www.fourofakind.nl\/\" target=\"_blank\" rel=\"noopener\">Vier von einer Sorte<\/a>\u00a0und\u00a0<a href=\"http:\/\/www.facebook.com\/withershinsmusic\/\" target=\"_blank\" rel=\"noopener\">Widerrist<\/a>.<\/p>\n<p style=\"text-align: center;\"><iframe loading=\"lazy\" title=\"YouTube-Videoplayer\" src=\"https:\/\/www.youtube.com\/embed\/cjMximt8m3M\" width=\"560\" height=\"315\" frameborder=\"0\" allowfullscreen=\"allowfullscreen\"><\/iframe><\/p>","protected":false},"excerpt":{"rendered":"<p>Multi-instrumentalisten Erik de Jong en Tijn Berends speelden al enkele jaren samen muziek bij de sessies in O\u00b4Ceallaigh\u00b4s Pub in Groningen, toen zij begin 2012 besloten hun muzikale vaardigheden te bundelen in deze band op zakformaat. Ruim zeven jaar later is de lol er nog lang niet af. Bij hun optredens op de podia van [&hellip;]<\/p>\n","protected":false},"author":1,"featured_media":0,"parent":0,"menu_order":0,"comment_status":"closed","ping_status":"closed","template":"","meta":{"_et_pb_use_builder":"","_et_pb_old_content":"","_et_gb_content_width":"","footnotes":""},"class_list":["post-35986","page","type-page","status-publish","hentry"],"_links":{"self":[{"href":"https:\/\/zomerfolk.nl\/de\/wp-json\/wp\/v2\/pages\/35986","targetHints":{"allow":["GET"]}}],"collection":[{"href":"https:\/\/zomerfolk.nl\/de\/wp-json\/wp\/v2\/pages"}],"about":[{"href":"https:\/\/zomerfolk.nl\/de\/wp-json\/wp\/v2\/types\/page"}],"author":[{"embeddable":true,"href":"https:\/\/zomerfolk.nl\/de\/wp-json\/wp\/v2\/users\/1"}],"replies":[{"embeddable":true,"href":"https:\/\/zomerfolk.nl\/de\/wp-json\/wp\/v2\/comments?post=35986"}],"version-history":[{"count":0,"href":"https:\/\/zomerfolk.nl\/de\/wp-json\/wp\/v2\/pages\/35986\/revisions"}],"wp:attachment":[{"href":"https:\/\/zomerfolk.nl\/de\/wp-json\/wp\/v2\/media?parent=35986"}],"curies":[{"name":"wp","href":"https:\/\/api.w.org\/{rel}","templated":true}]}}