{"id":35993,"date":"2023-05-30T20:43:22","date_gmt":"2023-05-30T18:43:22","guid":{"rendered":"https:\/\/zomerfolk.nl\/?page_id=35993"},"modified":"2023-05-30T20:43:22","modified_gmt":"2023-05-30T18:43:22","slug":"four-of-a-kind","status":"publish","type":"page","link":"https:\/\/zomerfolk.nl\/de\/four-of-a-kind\/","title":{"rendered":"Vier von einer Sorte"},"content":{"rendered":"<p><img loading=\"lazy\" decoding=\"async\" class=\"wp-image-35994 aligncenter\" src=\"https:\/\/zomerfolk.nl\/wp-content\/uploads\/2023\/05\/293264394_465165735614937_2921387791155034499_n-1024x1024.jpg\" alt=\"\" width=\"732\" height=\"732\" \/><\/p>\n<p>Die drei jungen Talente, die Four of a Kind bilden, sind in den Volksmusikszenen der Niederlande und Belgiens bekannt und treten regelm\u00e4\u00dfig bei den verschiedenen Sessions, Ceilis und Festivals in den Niederlanden auf. Tats\u00e4chlich trafen sie sich w\u00e4hrend einer solchen Sitzung zum ersten Mal, obwohl es mehrere Jahre sp\u00e4ter dauern sollte, bis sie beschlossen, den n\u00e4chsten Schritt zu wagen und die B\u00fchne zu betreten.<\/p>\n<p>In den letzten Jahren haben Four of a Kind einen sehr wiedererkennbaren Sound entwickelt, indem sie ihre Lieder und Melodien in immer komplexeren Strukturen arrangieren und immer mehr Energie in ihre Musik stecken. Durch ihre Auftritte auf Festivals und Konzerten im ganzen Land ist es ihnen gelungen, einen B\u00fchnenact zu kreieren, der zwischen entspannt und energiegeladen wechselt und den einzigartigen Klang ihrer Musik erg\u00e4nzt.<\/p>\n<p style=\"text-align: center;\"><iframe loading=\"lazy\" title=\"YouTube-Videoplayer\" src=\"https:\/\/www.youtube.com\/embed\/2VU_rT7rq94\" width=\"560\" height=\"315\" frameborder=\"0\" allowfullscreen=\"allowfullscreen\"><\/iframe><\/p>\n<p>&nbsp;<\/p>","protected":false},"excerpt":{"rendered":"<p>De drie jonge talenten die Four of a Kind vormen, zijn goed bekend in de volksmuzieksc\u00e8nes van Nederland en Belgi\u00eb en zijn vaste spelers op de verschillende sessies, ceili&#8217;s en festivals in de Lage Landen. Het was in feite tijdens zo&#8217;n sessie dat ze elkaar voor het eerst ontmoetten, hoewel het enkele jaren later zou [&hellip;]<\/p>\n","protected":false},"author":1,"featured_media":0,"parent":0,"menu_order":0,"comment_status":"closed","ping_status":"closed","template":"","meta":{"_et_pb_use_builder":"","_et_pb_old_content":"","_et_gb_content_width":"","footnotes":""},"class_list":["post-35993","page","type-page","status-publish","hentry"],"_links":{"self":[{"href":"https:\/\/zomerfolk.nl\/de\/wp-json\/wp\/v2\/pages\/35993","targetHints":{"allow":["GET"]}}],"collection":[{"href":"https:\/\/zomerfolk.nl\/de\/wp-json\/wp\/v2\/pages"}],"about":[{"href":"https:\/\/zomerfolk.nl\/de\/wp-json\/wp\/v2\/types\/page"}],"author":[{"embeddable":true,"href":"https:\/\/zomerfolk.nl\/de\/wp-json\/wp\/v2\/users\/1"}],"replies":[{"embeddable":true,"href":"https:\/\/zomerfolk.nl\/de\/wp-json\/wp\/v2\/comments?post=35993"}],"version-history":[{"count":0,"href":"https:\/\/zomerfolk.nl\/de\/wp-json\/wp\/v2\/pages\/35993\/revisions"}],"wp:attachment":[{"href":"https:\/\/zomerfolk.nl\/de\/wp-json\/wp\/v2\/media?parent=35993"}],"curies":[{"name":"wp","href":"https:\/\/api.w.org\/{rel}","templated":true}]}}