{"id":43461,"date":"2024-05-06T19:35:32","date_gmt":"2024-05-06T17:35:32","guid":{"rendered":"https:\/\/zomerfolk.nl\/?page_id=43461"},"modified":"2024-05-20T11:05:44","modified_gmt":"2024-05-20T09:05:44","slug":"calamity-jane","status":"publish","type":"page","link":"https:\/\/zomerfolk.nl\/de\/calamity-jane\/","title":{"rendered":"Katastrophe Jane"},"content":{"rendered":"<p><img loading=\"lazy\" decoding=\"async\" class=\"aligncenter size-full wp-image-44078\" src=\"https:\/\/zomerfolk.nl\/wp-content\/uploads\/2024\/05\/into-the-west-2.png\" alt=\"\" width=\"879\" height=\"542\" srcset=\"https:\/\/zomerfolk.nl\/wp-content\/uploads\/2024\/05\/into-the-west-2.png 879w, https:\/\/zomerfolk.nl\/wp-content\/uploads\/2024\/05\/into-the-west-2-480x296.png 480w\" sizes=\"(min-width: 0px) and (max-width: 480px) 480px, (min-width: 481px) 879px, 100vw\" \/><\/p>\n<p style=\"text-align: center;\">Hallo Festivalbesucher! Calamity Jane ist zur\u00fcck vor den Toren von Zomerfolk!!!<\/p>\n<p style=\"text-align: center;\">Stellen Sie sich vor: Johnny Cash und ein begeisterter, etwas beschwipster irischer Seemann, die gemeinsam die Stadt unsicher machen. Was bekommst du dann? Eine Mischung aus klassischen irischen Mitsingliedern \u00fcber Molly Malone und ihre sch\u00f6ne Stadt, zusammen mit bekannten Country-Klassikern und herzerw\u00e4rmenden Americana-Balladen. Dazu noch eine ordentliche Portion irischer Jigs und Reels zum Tanzen und die Partystimmung ist perfekt!<\/p>\n<p style=\"text-align: center;\">Die vier musikalischen Genie\u00dfer Eoghain, Luke, Zelfje und Amy sind seit Jahren festlich gekleidet mit ihrem musikalischen Planwagen und ihrem stets gut gelaunten Begleiter Billy the Bison unterwegs. Ob auf einem Festival, auf einem Markt oder an einer Stra\u00dfenecke, sie bringen eine Mischung ihrer Lieblingslieder von beiden Seiten des Ozeans mit: Musik, die das irische Herz Amerikas widerspiegelt. Erwarten Sie wundersch\u00f6ne Balladen, tanzbare Melodien, eing\u00e4ngige Trinklieder, zeitlose Country-Klassiker und alle bekannten Melodien aus Irland, der Gr\u00fcnen Insel.<\/p>\n<p style=\"text-align: center;\">Diese musikalischen Genie\u00dfer lieben es zu singen, Musik zu machen und Spa\u00df zu haben. Mit ihrer jahrelangen Erfahrung auf Geige, Akkordeon, Gitarre, Irish Whistle und wundersch\u00f6nem Harmoniegesang bieten sie alles, was Sie brauchen, um diese bekannten Melodien zu spielen und Sie mit einzigartigen Melodien und ihren eigenen Liedern und Melodien zu \u00fcberraschen. Songw\u00fcnsche sind herzlich willkommen und Mitsingen ist jederzeit erw\u00fcnscht! Sie sind \u00e4u\u00dferst stolz, ihre brandneue Show \u201eInto the West\u201c anzuk\u00fcndigen, vollgepackt mit Favoriten aus den Genres Americana, Irish und Country.<\/p>\n<p style=\"text-align: center;\">Und wenn das noch nicht genug ist, haben sie eine besondere \u00dcberraschung f\u00fcr Sie! Amy (Annemarie) ist eine Frau mit vielen Talenten. Als Fl\u00f6tistin, aber auch als hartgesottene irische T\u00e4nzerin wird sie die Besucher von Zomerfolk mit ihrer beeindruckenden Beinarbeit verzaubern. Und als ob das noch nicht genug w\u00e4re, wird sie von unserem Gastm\u00e4dchen aus Galway unterst\u00fctzt: Aoibhin!<\/p>\n<p style=\"text-align: center;\">Stellen Sie sich vor: die rhythmischen Kl\u00e4nge der Hardshoe-Tanzschuhe, die fr\u00f6hlichen Melodien irischer Musik und die Energie des Publikums \u2013 es wird ein unvergessliches Erlebnis! Ziehen Sie also Ihre Tanzschuhe an und lassen Sie sich von der Magie von Amy und Aoibhin mitrei\u00dfen.<\/p>","protected":false},"excerpt":{"rendered":"<p>Hey festivalgangers! Calamity Jane is terug bij de poorten van Zomerfolk!!! Stel je voor: Johnny Cash en een enthousiaste, ietwat aangeschoten Ierse zeeman die samen de stad onveilig maken. Wat krijg je dan? Een mix van klassieke Ierse meezingers over Molly Malone en haar prachtige stad, samen met bekende countryklassiekers en hartverwarmende Americana-ballades. Voeg daar [&hellip;]<\/p>\n","protected":false},"author":1,"featured_media":0,"parent":0,"menu_order":0,"comment_status":"closed","ping_status":"closed","template":"","meta":{"_et_pb_use_builder":"","_et_pb_old_content":"","_et_gb_content_width":"","footnotes":""},"class_list":["post-43461","page","type-page","status-publish","hentry"],"_links":{"self":[{"href":"https:\/\/zomerfolk.nl\/de\/wp-json\/wp\/v2\/pages\/43461","targetHints":{"allow":["GET"]}}],"collection":[{"href":"https:\/\/zomerfolk.nl\/de\/wp-json\/wp\/v2\/pages"}],"about":[{"href":"https:\/\/zomerfolk.nl\/de\/wp-json\/wp\/v2\/types\/page"}],"author":[{"embeddable":true,"href":"https:\/\/zomerfolk.nl\/de\/wp-json\/wp\/v2\/users\/1"}],"replies":[{"embeddable":true,"href":"https:\/\/zomerfolk.nl\/de\/wp-json\/wp\/v2\/comments?post=43461"}],"version-history":[{"count":0,"href":"https:\/\/zomerfolk.nl\/de\/wp-json\/wp\/v2\/pages\/43461\/revisions"}],"wp:attachment":[{"href":"https:\/\/zomerfolk.nl\/de\/wp-json\/wp\/v2\/media?parent=43461"}],"curies":[{"name":"wp","href":"https:\/\/api.w.org\/{rel}","templated":true}]}}