{"id":52989,"date":"2026-04-19T10:00:20","date_gmt":"2026-04-19T08:00:20","guid":{"rendered":"https:\/\/zomerfolk.nl\/?page_id=52989"},"modified":"2026-04-19T10:00:24","modified_gmt":"2026-04-19T08:00:24","slug":"de-griene-walden","status":"publish","type":"page","link":"https:\/\/zomerfolk.nl\/de\/de-griene-walden\/","title":{"rendered":"Die gr\u00fcnen W\u00e4lder"},"content":{"rendered":"<p>[et_pb_section fb_built=&#8221;1&#8243; _builder_version=&#8221;4.27.6&#8243; _module_preset=&#8221;default&#8221; global_colors_info=&#8221;{}&#8221;][et_pb_row _builder_version=&#8221;4.27.6&#8243; _module_preset=&#8221;default&#8221; global_colors_info=&#8221;{}&#8221;][et_pb_column type=&#8221;4_4&#8243; _builder_version=&#8221;4.27.6&#8243; _module_preset=&#8221;default&#8221; global_colors_info=&#8221;{}&#8221;][et_pb_image src=&#8221;https:\/\/zomerfolk.nl\/wp-content\/uploads\/2026\/04\/Zomerfolk-2026-De-Griene-Walden.psd_.png&#8221; title_text=&#8221;Zomerfolk 2026 &#8211; De Griene W\u00e2lden.psd&#8221; align=&#8221;center&#8221; _builder_version=&#8221;4.27.6&#8243; _module_preset=&#8221;default&#8221; width=&#8221;65%&#8221; border_radii=&#8221;on|30px|30px|30px|30px&#8221; global_colors_info=&#8221;{}&#8221;][\/et_pb_image][et_pb_text _builder_version=&#8221;4.27.6&#8243; _module_preset=&#8221;default&#8221; global_colors_info=&#8221;{}&#8221;]<\/p>\n<p style=\"text-align: center;\"><span data-olk-copy-source=\"MessageBody\">De Griene W\u00e2lden is een hechte groep vrienden met een grote liefde voor Ierse en Friese folk. Met traditionele Ierse klanken, eigen nummers en Friese teksten brengen zij twee muzikale werelden samen. De band neemt het publiek mee op een warme en energieke reis door Ierse folk en Friese verhalen.<\/span><\/p>\n<p>[\/et_pb_text][et_pb_video src=&#8221;https:\/\/youtu.be\/N6xCGmRDuOI?si=FBaimZ4o2i1s7eIQ&#8221; _builder_version=&#8221;4.27.6&#8243; _module_preset=&#8221;default&#8221; global_colors_info=&#8221;{}&#8221;][\/et_pb_video][\/et_pb_column][\/et_pb_row][\/et_pb_section]<\/p>\n","protected":false},"excerpt":{"rendered":"<p>De Griene W\u00e2lden ist eine eingeschworene Gruppe von Freunden mit einer gro\u00dfen Leidenschaft f\u00fcr irische und friesische Volksmusik. Mit traditionellen irischen Kl\u00e4ngen, eigenen Liedern und friesischen Texten vereinen sie zwei musikalische Welten. Die Band nimmt ihr Publikum mit auf eine mitrei\u00dfende und energiegeladene Reise durch irische Volksmusik und friesische Geschichten.<\/p>","protected":false},"author":1,"featured_media":0,"parent":0,"menu_order":0,"comment_status":"closed","ping_status":"closed","template":"","meta":{"_et_pb_use_builder":"on","_et_pb_old_content":"","_et_gb_content_width":"","footnotes":""},"class_list":["post-52989","page","type-page","status-publish","hentry"],"_links":{"self":[{"href":"https:\/\/zomerfolk.nl\/de\/wp-json\/wp\/v2\/pages\/52989","targetHints":{"allow":["GET"]}}],"collection":[{"href":"https:\/\/zomerfolk.nl\/de\/wp-json\/wp\/v2\/pages"}],"about":[{"href":"https:\/\/zomerfolk.nl\/de\/wp-json\/wp\/v2\/types\/page"}],"author":[{"embeddable":true,"href":"https:\/\/zomerfolk.nl\/de\/wp-json\/wp\/v2\/users\/1"}],"replies":[{"embeddable":true,"href":"https:\/\/zomerfolk.nl\/de\/wp-json\/wp\/v2\/comments?post=52989"}],"version-history":[{"count":4,"href":"https:\/\/zomerfolk.nl\/de\/wp-json\/wp\/v2\/pages\/52989\/revisions"}],"predecessor-version":[{"id":52995,"href":"https:\/\/zomerfolk.nl\/de\/wp-json\/wp\/v2\/pages\/52989\/revisions\/52995"}],"wp:attachment":[{"href":"https:\/\/zomerfolk.nl\/de\/wp-json\/wp\/v2\/media?parent=52989"}],"curies":[{"name":"wp","href":"https:\/\/api.w.org\/{rel}","templated":true}]}}