{"id":33875,"date":"2023-03-18T21:10:05","date_gmt":"2023-03-18T20:10:05","guid":{"rendered":"https:\/\/zomerfolk.nl\/?post_type=product&#038;p=33875"},"modified":"2025-05-28T10:36:37","modified_gmt":"2025-05-28T08:36:37","slug":"donatie","status":"publish","type":"product","link":"https:\/\/zomerfolk.nl\/de\/produkt\/donatie\/","title":{"rendered":"Spende"},"content":{"rendered":"<p>Das Rapalje Zomerfolk Festival wird von der Rapalje Festival Foundation organisiert. Die Stiftung setzt sich f\u00fcr den Erhalt und die F\u00f6rderung traditioneller und folkloristischer Musik ein. Durch die Organisation von Veranstaltungen f\u00fcr alle Altersgruppen ist die Rapalje Festival Foundation bestrebt, zur Fortf\u00fchrung wichtiger kultureller Traditionen beizutragen und sie m\u00f6glichst vielen Menschen n\u00e4her zu bringen.<\/p>\n<p>Eine Spende an die Rapalje Festival Foundation hilft uns, einen positiven Beitrag zu diesen Zielen zu leisten.<\/p>\n<p>&nbsp;<\/p>\n<p>&nbsp;<\/p>","protected":false},"excerpt":{"rendered":"<p>Het Rapalje Zomerfolk Festival wordt georganiseerd door de Stichting Rapalje Festival. De stichting zet zich in voor het behoud en de promotie van traditionele en folkloristische muziek. Door het organiseren van evenementen voor alle leeftijden streeft Stichting Rapalje Festival ernaar bij te dragen aan de voortzetting van belangrijke culturele tradities en hier zoveel mogelijk mensen [&hellip;]<\/p>\n","protected":false},"featured_media":34542,"template":"","meta":{"_et_pb_use_builder":"","_et_pb_old_content":"","_et_gb_content_width":""},"product_brand":[],"product_cat":[161],"product_tag":[],"class_list":{"0":"post-33875","1":"product","2":"type-product","3":"status-publish","4":"has-post-thumbnail","6":"product_cat-overig","8":"first","9":"instock","10":"virtual","11":"sold-individually","12":"purchasable","13":"product-type-simple"},"_links":{"self":[{"href":"https:\/\/zomerfolk.nl\/de\/wp-json\/wp\/v2\/product\/33875","targetHints":{"allow":["GET"]}}],"collection":[{"href":"https:\/\/zomerfolk.nl\/de\/wp-json\/wp\/v2\/product"}],"about":[{"href":"https:\/\/zomerfolk.nl\/de\/wp-json\/wp\/v2\/types\/product"}],"wp:featuredmedia":[{"embeddable":true,"href":"https:\/\/zomerfolk.nl\/de\/wp-json\/wp\/v2\/media\/34542"}],"wp:attachment":[{"href":"https:\/\/zomerfolk.nl\/de\/wp-json\/wp\/v2\/media?parent=33875"}],"wp:term":[{"taxonomy":"product_brand","embeddable":true,"href":"https:\/\/zomerfolk.nl\/de\/wp-json\/wp\/v2\/product_brand?post=33875"},{"taxonomy":"product_cat","embeddable":true,"href":"https:\/\/zomerfolk.nl\/de\/wp-json\/wp\/v2\/product_cat?post=33875"},{"taxonomy":"product_tag","embeddable":true,"href":"https:\/\/zomerfolk.nl\/de\/wp-json\/wp\/v2\/product_tag?post=33875"}],"curies":[{"name":"wp","href":"https:\/\/api.w.org\/{rel}","templated":true}]}}