{"id":19433,"date":"2019-01-13T13:23:00","date_gmt":"2019-01-13T12:23:00","guid":{"rendered":"http:\/\/zomerfolk.nl\/?page_id=19433"},"modified":"2022-11-04T12:46:10","modified_gmt":"2022-11-04T11:46:10","slug":"band-registration","status":"publish","type":"page","link":"https:\/\/zomerfolk.nl\/en\/sign-up\/band-registration\/","title":{"rendered":"Band registration"},"content":{"rendered":"<p>[et_pb_section fb_built=&#8221;1&#8243; _builder_version=&#8221;4.16&#8243; global_colors_info=&#8221;{}&#8221;][et_pb_row _builder_version=&#8221;4.16&#8243; background_size=&#8221;initial&#8221; background_position=&#8221;top_left&#8221; background_repeat=&#8221;repeat&#8221; global_colors_info=&#8221;{}&#8221;][et_pb_column type=&#8221;4_4&#8243; _builder_version=&#8221;4.16&#8243; custom_padding=&#8221;|||&#8221; global_colors_info=&#8221;{}&#8221; custom_padding__hover=&#8221;|||&#8221;][et_pb_text _builder_version=&#8221;4.16&#8243; background_size=&#8221;initial&#8221; background_position=&#8221;top_left&#8221; background_repeat=&#8221;repeat&#8221; global_colors_info=&#8221;{}&#8221;]<\/p>\n<p>Alle boekingen van bands verlopen via<\/p>\n<p>Folkbooking.com B.V.<\/p>\n<p>Wij zijn altijd op zoek naar leuke bands voor ons festival. Dus wil je graag op ons festival spelen vul dan het contactformulier in. Vanwege de grote hoeveelheid aanvragen kunnen wij helaas niet op elke inschrijving reageren. Mochten we je willen boeken, nemen wij zeker tijdig contact met je op.<\/p>\n<p>[\/et_pb_text][et_pb_text _builder_version=&#8221;4.18.1&#8243; _module_preset=&#8221;default&#8221; hover_enabled=&#8221;0&#8243; sticky_enabled=&#8221;0&#8243;]<\/p>\n\n<div class=\"wpcf7 no-js\" id=\"wpcf7-f19372-o1\" lang=\"en-US\" dir=\"ltr\" data-wpcf7-id=\"19372\">\n<div class=\"screen-reader-response\"><p role=\"status\" aria-live=\"polite\" aria-atomic=\"true\"><\/p> <ul><\/ul><\/div>\n<form action=\"\/en\/wp-json\/wp\/v2\/pages\/19433#wpcf7-f19372-o1\" method=\"post\" class=\"wpcf7-form init\" aria-label=\"Contact form\" novalidate=\"novalidate\" data-status=\"init\">\n<fieldset class=\"hidden-fields-container\"><input type=\"hidden\" name=\"_wpcf7\" value=\"19372\" \/><input type=\"hidden\" name=\"_wpcf7_version\" value=\"6.1.5\" \/><input type=\"hidden\" name=\"_wpcf7_locale\" value=\"en_US\" \/><input type=\"hidden\" name=\"_wpcf7_unit_tag\" value=\"wpcf7-f19372-o1\" \/><input type=\"hidden\" name=\"_wpcf7_container_post\" value=\"0\" \/><input type=\"hidden\" name=\"_wpcf7_posted_data_hash\" value=\"\" \/><input type=\"hidden\" name=\"_wpcf7_recaptcha_response\" value=\"\" \/>\n<\/fieldset>\n<p>Bandnaam\n<\/p>\n<p><span class=\"wpcf7-form-control-wrap\" data-name=\"Bandname\"><input size=\"40\" maxlength=\"400\" class=\"wpcf7-form-control wpcf7-text wpcf7-validates-as-required\" aria-required=\"true\" aria-invalid=\"false\" value=\"\" type=\"text\" name=\"Bandname\" \/><\/span>\n<\/p>\n<p>Genre\n<\/p>\n<p><span class=\"wpcf7-form-control-wrap\" data-name=\"Genre\"><input size=\"40\" maxlength=\"400\" class=\"wpcf7-form-control wpcf7-text wpcf7-validates-as-required\" aria-required=\"true\" aria-invalid=\"false\" value=\"\" type=\"text\" name=\"Genre\" \/><\/span>\n<\/p>\n<p>Contactpersoon\n<\/p>\n<p><span class=\"wpcf7-form-control-wrap\" data-name=\"Contactperson\"><input size=\"40\" maxlength=\"400\" class=\"wpcf7-form-control wpcf7-text wpcf7-validates-as-required\" aria-required=\"true\" aria-invalid=\"false\" value=\"\" type=\"text\" name=\"Contactperson\" \/><\/span>\n<\/p>\n<p>Email\n<\/p>\n<p><span class=\"wpcf7-form-control-wrap\" data-name=\"Email\"><input size=\"40\" maxlength=\"400\" class=\"wpcf7-form-control wpcf7-email wpcf7-validates-as-required wpcf7-text wpcf7-validates-as-email\" aria-required=\"true\" aria-invalid=\"false\" value=\"\" type=\"email\" name=\"Email\" \/><\/span>\n<\/p>\n<p>Telefoonnummer\n<\/p>\n<p><span class=\"wpcf7-form-control-wrap\" data-name=\"Phone\"><input size=\"40\" maxlength=\"400\" class=\"wpcf7-form-control wpcf7-tel wpcf7-validates-as-required wpcf7-text wpcf7-validates-as-tel\" aria-required=\"true\" aria-invalid=\"false\" value=\"\" type=\"tel\" name=\"Phone\" \/><\/span>\n<\/p>\n<p>Website\n<\/p>\n<p><span class=\"wpcf7-form-control-wrap\" data-name=\"Website\"><input size=\"40\" maxlength=\"400\" class=\"wpcf7-form-control wpcf7-text wpcf7-validates-as-required\" aria-required=\"true\" aria-invalid=\"false\" value=\"\" type=\"text\" name=\"Website\" \/><\/span>\n<\/p>\n<p>Youtube\n<\/p>\n<p><span class=\"wpcf7-form-control-wrap\" data-name=\"Youtube\"><input size=\"40\" maxlength=\"400\" class=\"wpcf7-form-control wpcf7-text wpcf7-validates-as-required\" aria-required=\"true\" aria-invalid=\"false\" value=\"\" type=\"text\" name=\"Youtube\" \/><\/span>\n<\/p>\n<p>Spotify\n<\/p>\n<p><span class=\"wpcf7-form-control-wrap\" data-name=\"Spotify\"><input size=\"40\" maxlength=\"400\" class=\"wpcf7-form-control wpcf7-text wpcf7-validates-as-required\" aria-required=\"true\" aria-invalid=\"false\" value=\"\" type=\"text\" name=\"Spotify\" \/><\/span>\n<\/p>\n<p>Facebook\n<\/p>\n<p><span class=\"wpcf7-form-control-wrap\" data-name=\"Facebook\"><input size=\"40\" maxlength=\"400\" class=\"wpcf7-form-control wpcf7-text wpcf7-validates-as-required\" aria-required=\"true\" aria-invalid=\"false\" value=\"\" type=\"text\" name=\"Facebook\" \/><\/span>\n<\/p>\n<p>Gage\n<\/p>\n<p><span class=\"wpcf7-form-control-wrap\" data-name=\"Fee\"><input size=\"40\" maxlength=\"400\" class=\"wpcf7-form-control wpcf7-text wpcf7-validates-as-required\" aria-required=\"true\" aria-invalid=\"false\" value=\"\" type=\"text\" name=\"Fee\" \/><\/span>\n<\/p>\n<p>Band beschrijving\n<\/p>\n<p><span class=\"wpcf7-form-control-wrap\" data-name=\"Description\"><textarea cols=\"40\" rows=\"10\" maxlength=\"2000\" class=\"wpcf7-form-control wpcf7-textarea wpcf7-validates-as-required\" aria-required=\"true\" aria-invalid=\"false\" name=\"Description\"><\/textarea><\/span>\n<\/p>\n<p>Antispamcheckbox\n<\/p>\n<p><span class=\"wpcf7-form-control-wrap\" data-name=\"Antispam\"><span class=\"wpcf7-form-control wpcf7-checkbox wpcf7-validates-as-required\"><span class=\"wpcf7-list-item first last\"><label><input type=\"checkbox\" name=\"Antispam[]\" value=\"Ik ben geen spammer\" \/><span class=\"wpcf7-list-item-label\">Ik ben geen spammer<\/span><\/label><\/span><\/span><\/span>\n<\/p>\n<p><input class=\"wpcf7-form-control wpcf7-submit has-spinner\" type=\"submit\" value=\"Verstuur\" \/>\n<\/p><div class=\"wpcf7-response-output\" aria-hidden=\"true\"><\/div>\n<\/form>\n<\/div>\n\n<p>[\/et_pb_text][\/et_pb_column][\/et_pb_row][\/et_pb_section]<\/p>\n","protected":false},"excerpt":{"rendered":"<p>Alle boekingen van bands verlopen via Folkbooking.com B.V. Wij zijn altijd op zoek naar leuke bands voor ons festival. Dus wil je graag op ons festival spelen vul dan het contactformulier in. Vanwege de grote hoeveelheid aanvragen kunnen wij helaas niet op elke inschrijving reageren. Mochten we je willen boeken, nemen wij zeker tijdig contact [&hellip;]<\/p>\n","protected":false},"author":1,"featured_media":0,"parent":13928,"menu_order":0,"comment_status":"closed","ping_status":"closed","template":"","meta":{"_et_pb_use_builder":"on","_et_pb_old_content":"<p>[:nl][vc_row][vc_column][vc_column_text]Wij zijn altijd op zoek naar leuke bands voor ons festival. Dus wil je graag op ons festival spelen vul dan het contactformulier in. Vanwege de grote hoeveelheid aanvragen kunnen wij helaas niet op elke inschrijving reageren. Mochten we je willen boeken, nemen wij zeker tijdig contact met je op.<\/p><p>[\/vc_column_text][\/vc_column][\/vc_row][vc_row][vc_column][contact-form-7 id=\"19372\"][\/vc_column][\/vc_row][:en][vc_row][vc_column][vc_column_text]We are always looking for new bands to play at our festival. If you would like to play at our festival, please fill out the contact form. Due to the large number of applications, we unfortunately cannot respond to every registration. If we wish to book you, we will certainly contact you in time.[\/vc_column_text][\/vc_column][\/vc_row][vc_row][vc_column][contact-form-7 id=\"19372\"][\/vc_column][\/vc_row][:de][vc_row][vc_column][vc_column_text]Wir suchen immer neue Bands f\u00fcr unser Festival. Wenn du also an unserem Festival teilnehmen m\u00f6chten, f\u00fcllst du das Kontaktformular aus. Aufgrund der Vielzahl der Bewerbungen k\u00f6nnen wir leider nicht auf jede Registrierung antworten. Wenn wir dir buchen m\u00f6chten, werden wir dich mit Sicherheit rechtzeitig kontaktieren.[\/vc_column_text][\/vc_column][\/vc_row][vc_row][vc_column][contact-form-7 id=\"19372\"][\/vc_column][\/vc_row][:]<\/p>","_et_gb_content_width":"","footnotes":""},"class_list":["post-19433","page","type-page","status-publish","hentry"],"_links":{"self":[{"href":"https:\/\/zomerfolk.nl\/en\/wp-json\/wp\/v2\/pages\/19433","targetHints":{"allow":["GET"]}}],"collection":[{"href":"https:\/\/zomerfolk.nl\/en\/wp-json\/wp\/v2\/pages"}],"about":[{"href":"https:\/\/zomerfolk.nl\/en\/wp-json\/wp\/v2\/types\/page"}],"author":[{"embeddable":true,"href":"https:\/\/zomerfolk.nl\/en\/wp-json\/wp\/v2\/users\/1"}],"replies":[{"embeddable":true,"href":"https:\/\/zomerfolk.nl\/en\/wp-json\/wp\/v2\/comments?post=19433"}],"version-history":[{"count":0,"href":"https:\/\/zomerfolk.nl\/en\/wp-json\/wp\/v2\/pages\/19433\/revisions"}],"up":[{"embeddable":true,"href":"https:\/\/zomerfolk.nl\/en\/wp-json\/wp\/v2\/pages\/13928"}],"wp:attachment":[{"href":"https:\/\/zomerfolk.nl\/en\/wp-json\/wp\/v2\/media?parent=19433"}],"curies":[{"name":"wp","href":"https:\/\/api.w.org\/{rel}","templated":true}]}}